{"id":14223,"date":"2021-09-07T06:24:10","date_gmt":"2021-09-07T06:24:10","guid":{"rendered":"https:\/\/www.digitalschoolsawards.eu\/teaching-and-learning\/"},"modified":"2023-01-23T18:40:46","modified_gmt":"2023-01-23T18:40:46","slug":"teaching-and-learning","status":"publish","type":"page","link":"https:\/\/www.digitalschoolsawards.eu\/sl\/teaching-and-learning\/","title":{"rendered":"Pou\u010devanje in u\u010denje"},"content":{"rendered":"\t\t<div data-elementor-type=\"wp-page\" data-elementor-id=\"14223\" class=\"elementor elementor-14223 elementor-6349\" data-elementor-post-type=\"page\">\n\t\t\t\t\t\t<section class=\"elementor-section elementor-top-section elementor-element elementor-element-476951de elementor-section-boxed elementor-section-height-default elementor-section-height-default\" data-id=\"476951de\" data-element_type=\"section\" data-e-type=\"section\" id=\"innerhero\" data-settings=\"{&quot;background_background&quot;:&quot;classic&quot;}\">\n\t\t\t\t\t\t\t<div class=\"elementor-background-overlay\"><\/div>\n\t\t\t\t\t\t\t<div class=\"elementor-container elementor-column-gap-default\">\n\t\t\t\t\t<div class=\"elementor-column elementor-col-100 elementor-top-column elementor-element elementor-element-7d780211\" data-id=\"7d780211\" data-element_type=\"column\" data-e-type=\"column\">\n\t\t\t<div class=\"elementor-widget-wrap elementor-element-populated\">\n\t\t\t\t\t\t<section class=\"elementor-section elementor-inner-section elementor-element elementor-element-502b0aa9 elementor-section-full_width elementor-section-content-middle elementor-section-height-default elementor-section-height-default\" data-id=\"502b0aa9\" data-element_type=\"section\" data-e-type=\"section\">\n\t\t\t\t\t\t<div class=\"elementor-container elementor-column-gap-default\">\n\t\t\t\t\t<div class=\"elementor-column elementor-col-50 elementor-inner-column elementor-element elementor-element-31b36658\" data-id=\"31b36658\" data-element_type=\"column\" data-e-type=\"column\">\n\t\t\t<div class=\"elementor-widget-wrap elementor-element-populated\">\n\t\t\t\t\t\t<div class=\"elementor-element elementor-element-adee84e elementor-widget elementor-widget-image\" data-id=\"adee84e\" data-element_type=\"widget\" data-e-type=\"widget\" data-widget_type=\"image.default\">\n\t\t\t\t<div class=\"elementor-widget-container\">\n\t\t\t\t\t\t\t\t\t\t\t\t\t\t\t<img decoding=\"async\" width=\"200\" height=\"200\" src=\"https:\/\/www.digitalschoolsawards.eu\/wp-content\/uploads\/2023\/01\/Asset-2-2.png\" class=\"attachment-large size-large wp-image-15867\" alt=\"\" srcset=\"https:\/\/www.digitalschoolsawards.eu\/wp-content\/uploads\/2023\/01\/Asset-2-2.png 200w, https:\/\/www.digitalschoolsawards.eu\/wp-content\/uploads\/2023\/01\/Asset-2-2-150x150.png 150w\" sizes=\"(max-width: 200px) 100vw, 200px\" \/>\t\t\t\t\t\t\t\t\t\t\t\t\t\t\t<\/div>\n\t\t\t\t<\/div>\n\t\t\t\t\t<\/div>\n\t\t<\/div>\n\t\t\t\t<div class=\"elementor-column elementor-col-50 elementor-inner-column elementor-element elementor-element-6bf84626\" data-id=\"6bf84626\" data-element_type=\"column\" data-e-type=\"column\">\n\t\t\t<div class=\"elementor-widget-wrap elementor-element-populated\">\n\t\t\t\t\t\t<div class=\"elementor-element elementor-element-324a2a1 elementor-widget elementor-widget-heading\" data-id=\"324a2a1\" data-element_type=\"widget\" data-e-type=\"widget\" data-widget_type=\"heading.default\">\n\t\t\t\t<div class=\"elementor-widget-container\">\n\t\t\t\t\t<h1 class=\"elementor-heading-title elementor-size-default\">\nPou\u010devanje in u\u010denje\n<\/h1>\t\t\t\t<\/div>\n\t\t\t\t<\/div>\n\t\t\t\t\t<\/div>\n\t\t<\/div>\n\t\t\t\t\t<\/div>\n\t\t<\/section>\n\t\t\t\t\t<\/div>\n\t\t<\/div>\n\t\t\t\t\t<\/div>\n\t\t<\/section>\n\t\t\t\t<section class=\"elementor-section elementor-top-section elementor-element elementor-element-5a4f7f6f elementor-section-boxed elementor-section-height-default elementor-section-height-default\" data-id=\"5a4f7f6f\" data-element_type=\"section\" data-e-type=\"section\" id=\"partnershome\" data-settings=\"{&quot;background_background&quot;:&quot;classic&quot;}\">\n\t\t\t\t\t\t<div class=\"elementor-container elementor-column-gap-default\">\n\t\t\t\t\t<div class=\"elementor-column elementor-col-100 elementor-top-column elementor-element elementor-element-f827770\" data-id=\"f827770\" data-element_type=\"column\" data-e-type=\"column\">\n\t\t\t<div class=\"elementor-widget-wrap elementor-element-populated\">\n\t\t\t\t\t\t<section class=\"elementor-section elementor-inner-section elementor-element elementor-element-3b046832 elementor-section-boxed elementor-section-height-default elementor-section-height-default\" data-id=\"3b046832\" data-element_type=\"section\" data-e-type=\"section\">\n\t\t\t\t\t\t<div class=\"elementor-container elementor-column-gap-default\">\n\t\t\t\t\t<div class=\"elementor-column elementor-col-100 elementor-inner-column elementor-element elementor-element-2434da2b\" data-id=\"2434da2b\" data-element_type=\"column\" data-e-type=\"column\">\n\t\t\t<div class=\"elementor-widget-wrap elementor-element-populated\">\n\t\t\t\t\t\t<div class=\"elementor-element elementor-element-1d0183e elementor-widget elementor-widget-heading\" data-id=\"1d0183e\" data-element_type=\"widget\" data-e-type=\"widget\" data-widget_type=\"heading.default\">\n\t\t\t\t<div class=\"elementor-widget-container\">\n\t\t\t\t\t<h3 class=\"elementor-heading-title elementor-size-default\">Opis<\/h3>\t\t\t\t<\/div>\n\t\t\t\t<\/div>\n\t\t\t\t<div class=\"elementor-element elementor-element-15dad027 elementor-widget elementor-widget-text-editor\" data-id=\"15dad027\" data-element_type=\"widget\" data-e-type=\"widget\" data-widget_type=\"text-editor.default\">\n\t\t\t\t<div class=\"elementor-widget-container\">\n\t\t\t\t\t\t\t\t\t\n\nU\u010ditelji v \u0161oli uporabljajo vrsto digitalnih tehnologij za pou\u010devanje pri pouku in v kontekstih me\u0161anega u\u010denja. Te digitalne tehnologije uporabljajo tudi za na\u010drtovanje, upravljanje in ocenjevanje na na\u010dine, ki spodbujajo sodelovanje, ustvarjalnost in medpredmetne dejavnosti. Kibernetska odpornost in internetna varnost se veliko pou\u010dujeta in spodbujata.\n<br><br>\nU\u010ditelji redno uporabljajo digitalne tehnologije, vklju\u010dno z virtualnimi u\u010dnimi okolji za na\u010drtovanje, za razvoj virov, za pou\u010devanje, za sodelovanje in za administracijo. Uporabljajo digitalne vire, da u\u010dencem ponudijo prilo\u017enosti za razvoj ustvarjalnosti, sodelovanje, podporo samostojnemu u\u010denju in sodelovanje v medpredmetnih dejavnostih v obliki osebnega in me\u0161anega u\u010denja. Uporabljajo in spodbujajo stroge varnostne in internetne varnostne prakse. Kjer je primerno, u\u010denci pri u\u010denju uporabljajo lastne digitalne naprave.\n\t\t\t\t\t\t\t\t<\/div>\n\t\t\t\t<\/div>\n\t\t\t\t\t<\/div>\n\t\t<\/div>\n\t\t\t\t\t<\/div>\n\t\t<\/section>\n\t\t\t\t\t<\/div>\n\t\t<\/div>\n\t\t\t\t\t<\/div>\n\t\t<\/section>\n\t\t\t\t<\/div>\n\t\t","protected":false},"excerpt":{"rendered":"<p>Pou\u010devanje in u\u010denje Opis U\u010ditelji v \u0161oli uporabljajo vrsto digitalnih tehnologij za pou\u010devanje pri pouku in v kontekstih me\u0161anega u\u010denja. Te digitalne tehnologije uporabljajo tudi za na\u010drtovanje, upravljanje in ocenjevanje na na\u010dine, ki spodbujajo sodelovanje, ustvarjalnost in medpredmetne dejavnosti. Kibernetska odpornost in internetna varnost se veliko pou\u010dujeta in spodbujata. U\u010ditelji redno uporabljajo digitalne tehnologije, vklju\u010dno &#8230; <a title=\"Pou\u010devanje in u\u010denje\" class=\"read-more\" href=\"https:\/\/www.digitalschoolsawards.eu\/sl\/teaching-and-learning\/\" aria-label=\"Read more about Pou\u010devanje in u\u010denje\">Read more<\/a><\/p>\n","protected":false},"author":1,"featured_media":0,"parent":0,"menu_order":0,"comment_status":"closed","ping_status":"closed","template":"elementor_header_footer","meta":{"_acf_changed":false,"inline_featured_image":false,"footnotes":""},"class_list":["post-14223","page","type-page","status-publish"],"acf":[],"yoast_head":"<!-- This site is optimized with the Yoast SEO plugin v27.6 - https:\/\/yoast.com\/product\/yoast-seo-wordpress\/ -->\n<title>Pou\u010devanje in u\u010denje - Digital Schools Awards Europe<\/title>\n<meta name=\"robots\" content=\"index, follow, max-snippet:-1, max-image-preview:large, max-video-preview:-1\" \/>\n<link rel=\"canonical\" href=\"https:\/\/www.digitalschoolsawards.eu\/sl\/teaching-and-learning\/\" \/>\n<meta property=\"og:locale\" content=\"sl_SI\" \/>\n<meta property=\"og:type\" content=\"article\" \/>\n<meta property=\"og:title\" content=\"Pou\u010devanje in u\u010denje - Digital Schools Awards Europe\" \/>\n<meta property=\"og:description\" content=\"Pou\u010devanje in u\u010denje Opis U\u010ditelji v \u0161oli uporabljajo vrsto digitalnih tehnologij za pou\u010devanje pri pouku in v kontekstih me\u0161anega u\u010denja. Te digitalne tehnologije uporabljajo tudi za na\u010drtovanje, upravljanje in ocenjevanje na na\u010dine, ki spodbujajo sodelovanje, ustvarjalnost in medpredmetne dejavnosti. Kibernetska odpornost in internetna varnost se veliko pou\u010dujeta in spodbujata. U\u010ditelji redno uporabljajo digitalne tehnologije, vklju\u010dno ... Read more\" \/>\n<meta property=\"og:url\" content=\"https:\/\/www.digitalschoolsawards.eu\/sl\/teaching-and-learning\/\" \/>\n<meta property=\"og:site_name\" content=\"Digital Schools Awards Europe\" \/>\n<meta property=\"article:publisher\" content=\"https:\/\/www.facebook.com\/awards4selfie\/\" \/>\n<meta property=\"article:modified_time\" content=\"2023-01-23T18:40:46+00:00\" \/>\n<meta property=\"og:image\" content=\"https:\/\/www.digitalschoolsawards.eu\/wp-content\/uploads\/2023\/01\/Asset-2-2.png\" \/>\n<meta name=\"twitter:card\" content=\"summary_large_image\" \/>\n<meta name=\"twitter:site\" content=\"@awards4selfie\" \/>\n<meta name=\"twitter:label1\" content=\"Est. reading time\" \/>\n\t<meta name=\"twitter:data1\" content=\"1 minuta\" \/>\n<script type=\"application\/ld+json\" class=\"yoast-schema-graph\">{\"@context\":\"https:\\\/\\\/schema.org\",\"@graph\":[{\"@type\":\"WebPage\",\"@id\":\"https:\\\/\\\/www.digitalschoolsawards.eu\\\/sl\\\/teaching-and-learning\\\/\",\"url\":\"https:\\\/\\\/www.digitalschoolsawards.eu\\\/sl\\\/teaching-and-learning\\\/\",\"name\":\"Pou\u010devanje in u\u010denje - Digital Schools Awards Europe\",\"isPartOf\":{\"@id\":\"https:\\\/\\\/www.digitalschoolsawards.eu\\\/#website\"},\"primaryImageOfPage\":{\"@id\":\"https:\\\/\\\/www.digitalschoolsawards.eu\\\/sl\\\/teaching-and-learning\\\/#primaryimage\"},\"image\":{\"@id\":\"https:\\\/\\\/www.digitalschoolsawards.eu\\\/sl\\\/teaching-and-learning\\\/#primaryimage\"},\"thumbnailUrl\":\"https:\\\/\\\/www.digitalschoolsawards.eu\\\/wp-content\\\/uploads\\\/2023\\\/01\\\/Asset-2-2.png\",\"datePublished\":\"2021-09-07T06:24:10+00:00\",\"dateModified\":\"2023-01-23T18:40:46+00:00\",\"breadcrumb\":{\"@id\":\"https:\\\/\\\/www.digitalschoolsawards.eu\\\/sl\\\/teaching-and-learning\\\/#breadcrumb\"},\"inLanguage\":\"sl-SI\",\"potentialAction\":[{\"@type\":\"ReadAction\",\"target\":[\"https:\\\/\\\/www.digitalschoolsawards.eu\\\/sl\\\/teaching-and-learning\\\/\"]}]},{\"@type\":\"ImageObject\",\"inLanguage\":\"sl-SI\",\"@id\":\"https:\\\/\\\/www.digitalschoolsawards.eu\\\/sl\\\/teaching-and-learning\\\/#primaryimage\",\"url\":\"https:\\\/\\\/www.digitalschoolsawards.eu\\\/wp-content\\\/uploads\\\/2023\\\/01\\\/Asset-2-2.png\",\"contentUrl\":\"https:\\\/\\\/www.digitalschoolsawards.eu\\\/wp-content\\\/uploads\\\/2023\\\/01\\\/Asset-2-2.png\"},{\"@type\":\"BreadcrumbList\",\"@id\":\"https:\\\/\\\/www.digitalschoolsawards.eu\\\/sl\\\/teaching-and-learning\\\/#breadcrumb\",\"itemListElement\":[{\"@type\":\"ListItem\",\"position\":1,\"name\":\"Home\",\"item\":\"https:\\\/\\\/www.digitalschoolsawards.eu\\\/sl\\\/domov\\\/\"},{\"@type\":\"ListItem\",\"position\":2,\"name\":\"Pou\u010devanje in u\u010denje\"}]},{\"@type\":\"WebSite\",\"@id\":\"https:\\\/\\\/www.digitalschoolsawards.eu\\\/#website\",\"url\":\"https:\\\/\\\/www.digitalschoolsawards.eu\\\/\",\"name\":\"Digital Schools Awards Europe\",\"description\":\"Building the Community of Digital Schools in Europe\",\"publisher\":{\"@id\":\"https:\\\/\\\/www.digitalschoolsawards.eu\\\/#organization\"},\"potentialAction\":[{\"@type\":\"SearchAction\",\"target\":{\"@type\":\"EntryPoint\",\"urlTemplate\":\"https:\\\/\\\/www.digitalschoolsawards.eu\\\/?s={search_term_string}\"},\"query-input\":{\"@type\":\"PropertyValueSpecification\",\"valueRequired\":true,\"valueName\":\"search_term_string\"}}],\"inLanguage\":\"sl-SI\"},{\"@type\":\"Organization\",\"@id\":\"https:\\\/\\\/www.digitalschoolsawards.eu\\\/#organization\",\"name\":\"Digital Schools Awards Europe\",\"url\":\"https:\\\/\\\/www.digitalschoolsawards.eu\\\/\",\"logo\":{\"@type\":\"ImageObject\",\"inLanguage\":\"sl-SI\",\"@id\":\"https:\\\/\\\/www.digitalschoolsawards.eu\\\/#\\\/schema\\\/logo\\\/image\\\/\",\"url\":\"https:\\\/\\\/www.digitalschoolsawards.eu\\\/wp-content\\\/uploads\\\/2020\\\/07\\\/headr-logo.png\",\"contentUrl\":\"https:\\\/\\\/www.digitalschoolsawards.eu\\\/wp-content\\\/uploads\\\/2020\\\/07\\\/headr-logo.png\",\"width\":277,\"height\":51,\"caption\":\"Digital Schools Awards Europe\"},\"image\":{\"@id\":\"https:\\\/\\\/www.digitalschoolsawards.eu\\\/#\\\/schema\\\/logo\\\/image\\\/\"},\"sameAs\":[\"https:\\\/\\\/www.facebook.com\\\/awards4selfie\\\/\",\"https:\\\/\\\/x.com\\\/awards4selfie\",\"https:\\\/\\\/www.instagram.com\\\/awards4selfie\\\/\"]}]}<\/script>\n<!-- \/ Yoast SEO plugin. -->","yoast_head_json":{"title":"Pou\u010devanje in u\u010denje - Digital Schools Awards Europe","robots":{"index":"index","follow":"follow","max-snippet":"max-snippet:-1","max-image-preview":"max-image-preview:large","max-video-preview":"max-video-preview:-1"},"canonical":"https:\/\/www.digitalschoolsawards.eu\/sl\/teaching-and-learning\/","og_locale":"sl_SI","og_type":"article","og_title":"Pou\u010devanje in u\u010denje - Digital Schools Awards Europe","og_description":"Pou\u010devanje in u\u010denje Opis U\u010ditelji v \u0161oli uporabljajo vrsto digitalnih tehnologij za pou\u010devanje pri pouku in v kontekstih me\u0161anega u\u010denja. Te digitalne tehnologije uporabljajo tudi za na\u010drtovanje, upravljanje in ocenjevanje na na\u010dine, ki spodbujajo sodelovanje, ustvarjalnost in medpredmetne dejavnosti. Kibernetska odpornost in internetna varnost se veliko pou\u010dujeta in spodbujata. U\u010ditelji redno uporabljajo digitalne tehnologije, vklju\u010dno ... Read more","og_url":"https:\/\/www.digitalschoolsawards.eu\/sl\/teaching-and-learning\/","og_site_name":"Digital Schools Awards Europe","article_publisher":"https:\/\/www.facebook.com\/awards4selfie\/","article_modified_time":"2023-01-23T18:40:46+00:00","og_image":[{"url":"https:\/\/www.digitalschoolsawards.eu\/wp-content\/uploads\/2023\/01\/Asset-2-2.png","type":"","width":"","height":""}],"twitter_card":"summary_large_image","twitter_site":"@awards4selfie","twitter_misc":{"Est. reading time":"1 minuta"},"schema":{"@context":"https:\/\/schema.org","@graph":[{"@type":"WebPage","@id":"https:\/\/www.digitalschoolsawards.eu\/sl\/teaching-and-learning\/","url":"https:\/\/www.digitalschoolsawards.eu\/sl\/teaching-and-learning\/","name":"Pou\u010devanje in u\u010denje - Digital Schools Awards Europe","isPartOf":{"@id":"https:\/\/www.digitalschoolsawards.eu\/#website"},"primaryImageOfPage":{"@id":"https:\/\/www.digitalschoolsawards.eu\/sl\/teaching-and-learning\/#primaryimage"},"image":{"@id":"https:\/\/www.digitalschoolsawards.eu\/sl\/teaching-and-learning\/#primaryimage"},"thumbnailUrl":"https:\/\/www.digitalschoolsawards.eu\/wp-content\/uploads\/2023\/01\/Asset-2-2.png","datePublished":"2021-09-07T06:24:10+00:00","dateModified":"2023-01-23T18:40:46+00:00","breadcrumb":{"@id":"https:\/\/www.digitalschoolsawards.eu\/sl\/teaching-and-learning\/#breadcrumb"},"inLanguage":"sl-SI","potentialAction":[{"@type":"ReadAction","target":["https:\/\/www.digitalschoolsawards.eu\/sl\/teaching-and-learning\/"]}]},{"@type":"ImageObject","inLanguage":"sl-SI","@id":"https:\/\/www.digitalschoolsawards.eu\/sl\/teaching-and-learning\/#primaryimage","url":"https:\/\/www.digitalschoolsawards.eu\/wp-content\/uploads\/2023\/01\/Asset-2-2.png","contentUrl":"https:\/\/www.digitalschoolsawards.eu\/wp-content\/uploads\/2023\/01\/Asset-2-2.png"},{"@type":"BreadcrumbList","@id":"https:\/\/www.digitalschoolsawards.eu\/sl\/teaching-and-learning\/#breadcrumb","itemListElement":[{"@type":"ListItem","position":1,"name":"Home","item":"https:\/\/www.digitalschoolsawards.eu\/sl\/domov\/"},{"@type":"ListItem","position":2,"name":"Pou\u010devanje in u\u010denje"}]},{"@type":"WebSite","@id":"https:\/\/www.digitalschoolsawards.eu\/#website","url":"https:\/\/www.digitalschoolsawards.eu\/","name":"Digital Schools Awards Europe","description":"Building the Community of Digital Schools in Europe","publisher":{"@id":"https:\/\/www.digitalschoolsawards.eu\/#organization"},"potentialAction":[{"@type":"SearchAction","target":{"@type":"EntryPoint","urlTemplate":"https:\/\/www.digitalschoolsawards.eu\/?s={search_term_string}"},"query-input":{"@type":"PropertyValueSpecification","valueRequired":true,"valueName":"search_term_string"}}],"inLanguage":"sl-SI"},{"@type":"Organization","@id":"https:\/\/www.digitalschoolsawards.eu\/#organization","name":"Digital Schools Awards Europe","url":"https:\/\/www.digitalschoolsawards.eu\/","logo":{"@type":"ImageObject","inLanguage":"sl-SI","@id":"https:\/\/www.digitalschoolsawards.eu\/#\/schema\/logo\/image\/","url":"https:\/\/www.digitalschoolsawards.eu\/wp-content\/uploads\/2020\/07\/headr-logo.png","contentUrl":"https:\/\/www.digitalschoolsawards.eu\/wp-content\/uploads\/2020\/07\/headr-logo.png","width":277,"height":51,"caption":"Digital Schools Awards Europe"},"image":{"@id":"https:\/\/www.digitalschoolsawards.eu\/#\/schema\/logo\/image\/"},"sameAs":["https:\/\/www.facebook.com\/awards4selfie\/","https:\/\/x.com\/awards4selfie","https:\/\/www.instagram.com\/awards4selfie\/"]}]}},"_links":{"self":[{"href":"https:\/\/www.digitalschoolsawards.eu\/sl\/wp-json\/wp\/v2\/pages\/14223","targetHints":{"allow":["GET"]}}],"collection":[{"href":"https:\/\/www.digitalschoolsawards.eu\/sl\/wp-json\/wp\/v2\/pages"}],"about":[{"href":"https:\/\/www.digitalschoolsawards.eu\/sl\/wp-json\/wp\/v2\/types\/page"}],"author":[{"embeddable":true,"href":"https:\/\/www.digitalschoolsawards.eu\/sl\/wp-json\/wp\/v2\/users\/1"}],"replies":[{"embeddable":true,"href":"https:\/\/www.digitalschoolsawards.eu\/sl\/wp-json\/wp\/v2\/comments?post=14223"}],"version-history":[{"count":2,"href":"https:\/\/www.digitalschoolsawards.eu\/sl\/wp-json\/wp\/v2\/pages\/14223\/revisions"}],"predecessor-version":[{"id":16009,"href":"https:\/\/www.digitalschoolsawards.eu\/sl\/wp-json\/wp\/v2\/pages\/14223\/revisions\/16009"}],"wp:attachment":[{"href":"https:\/\/www.digitalschoolsawards.eu\/sl\/wp-json\/wp\/v2\/media?parent=14223"}],"curies":[{"name":"wp","href":"https:\/\/api.w.org\/{rel}","templated":true}]}}