{"id":14215,"date":"2020-07-20T13:31:29","date_gmt":"2020-07-20T13:31:29","guid":{"rendered":"https:\/\/www.digitalschoolsawards.eu\/zemljevid-spletnega-mesta\/"},"modified":"2022-12-16T20:26:55","modified_gmt":"2022-12-16T20:26:55","slug":"zemljevid-spletnega-mesta","status":"publish","type":"page","link":"https:\/\/www.digitalschoolsawards.eu\/sl\/zemljevid-spletnega-mesta\/","title":{"rendered":"Zemljevid spletnega mesta"},"content":{"rendered":"\t\t<div data-elementor-type=\"wp-page\" data-elementor-id=\"14215\" class=\"elementor elementor-14215 elementor-87\" data-elementor-post-type=\"page\">\n\t\t\t\t\t\t<section class=\"elementor-section elementor-top-section elementor-element elementor-element-461dd979 elementor-section-boxed elementor-section-height-default elementor-section-height-default\" data-id=\"461dd979\" data-element_type=\"section\" data-e-type=\"section\" id=\"legalcontent\" data-settings=\"{&quot;background_background&quot;:&quot;classic&quot;}\">\n\t\t\t\t\t\t<div class=\"elementor-container elementor-column-gap-default\">\n\t\t\t\t\t<div class=\"elementor-column elementor-col-100 elementor-top-column elementor-element elementor-element-40b8690\" data-id=\"40b8690\" data-element_type=\"column\" data-e-type=\"column\">\n\t\t\t<div class=\"elementor-widget-wrap elementor-element-populated\">\n\t\t\t\t\t\t<div class=\"elementor-element elementor-element-7240bc1 elementor-widget elementor-widget-heading\" data-id=\"7240bc1\" data-element_type=\"widget\" data-e-type=\"widget\" data-widget_type=\"heading.default\">\n\t\t\t\t<div class=\"elementor-widget-container\">\n\t\t\t\t\t<h1 class=\"elementor-heading-title elementor-size-default\">Zemljevid spletnega mesta<\/h1>\t\t\t\t<\/div>\n\t\t\t\t<\/div>\n\t\t\t\t\t<\/div>\n\t\t<\/div>\n\t\t\t\t\t<\/div>\n\t\t<\/section>\n\t\t\t\t<section class=\"elementor-section elementor-top-section elementor-element elementor-element-a041373 elementor-section-boxed elementor-section-height-default elementor-section-height-default\" data-id=\"a041373\" data-element_type=\"section\" data-e-type=\"section\" data-settings=\"{&quot;background_background&quot;:&quot;classic&quot;}\">\n\t\t\t\t\t\t<div class=\"elementor-container elementor-column-gap-default\">\n\t\t\t\t\t<div class=\"elementor-column elementor-col-100 elementor-top-column elementor-element elementor-element-21f13a5\" data-id=\"21f13a5\" data-element_type=\"column\" data-e-type=\"column\">\n\t\t\t<div class=\"elementor-widget-wrap elementor-element-populated\">\n\t\t\t\t\t\t<div class=\"elementor-element elementor-element-2bf076d elementor-widget elementor-widget-shortcode\" data-id=\"2bf076d\" data-element_type=\"widget\" data-e-type=\"widget\" id=\"customsitemap\" data-widget_type=\"shortcode.default\">\n\t\t\t\t<div class=\"elementor-widget-container\">\n\t\t\t\t\t\t\t<div class=\"elementor-shortcode\"><div class=\"wsp-container\"><h2 class=\"wsp-pages-title\">Pages<\/h2>\n<ul class=\"wsp-pages-list\">\n<li class=\"page_item page-item-14123\"><a href=\"https:\/\/www.digitalschoolsawards.eu\/sl\/contact-us\/\">Contact Us<\/a><\/li>\n<li class=\"page_item page-item-14133\"><a href=\"https:\/\/www.digitalschoolsawards.eu\/sl\/cookie-policy\/\">Cookie Policy<\/a><\/li>\n<li class=\"page_item page-item-14176\"><a href=\"https:\/\/www.digitalschoolsawards.eu\/sl\/\">Domov<\/a><\/li>\n<li class=\"page_item page-item-14137\"><a href=\"https:\/\/www.digitalschoolsawards.eu\/sl\/download-badge\/\">Download Badge<\/a><\/li>\n<li class=\"page_item page-item-14180\"><a href=\"https:\/\/www.digitalschoolsawards.eu\/sl\/galerija\/\">Galerija<\/a><\/li>\n<li class=\"page_item page-item-14184\"><a href=\"https:\/\/www.digitalschoolsawards.eu\/sl\/infrastructure-and-equipment\/\">Infrastruktura in oprema<\/a><\/li>\n<li class=\"page_item page-item-14200\"><a href=\"https:\/\/www.digitalschoolsawards.eu\/sl\/mentor\/\">Mentor<\/a><\/li>\n<li class=\"page_item page-item-14233\"><a href=\"https:\/\/www.digitalschoolsawards.eu\/sl\/naso-ekipo\/\">na\u0161o ekipo<\/a><\/li>\n<li class=\"page_item page-item-14127\"><a href=\"https:\/\/www.digitalschoolsawards.eu\/sl\/continuing-professional-development\/\">Nenehni strokovni razvoj<\/a><\/li>\n<li class=\"page_item page-item-14204\"><a href=\"https:\/\/www.digitalschoolsawards.eu\/sl\/novice\/\">Novice<\/a><\/li>\n<li class=\"page_item page-item-14010\"><a href=\"https:\/\/www.digitalschoolsawards.eu\/sl\/o-nas\/\">O nas<\/a><\/li>\n<li class=\"page_item page-item-15960\"><a href=\"https:\/\/www.digitalschoolsawards.eu\/sl\/ocenjevanje\/\">Ocenjevanje<\/a><\/li>\n<li class=\"page_item page-item-14141\"><a href=\"https:\/\/www.digitalschoolsawards.eu\/sl\/pogosto-zastavljena-vprasanja\/\">Pogosto zastavljena vpra\u0161anja<\/a><\/li>\n<li class=\"page_item page-item-14192 page_item_has_children\"><a href=\"https:\/\/www.digitalschoolsawards.eu\/sl\/poiscite-digitalno-solo\/\">Poi\u0161\u010dite digitalno \u0161olo<\/a>\n<ul class='children'>\n\t<li class=\"page_item page-item-14196\"><a href=\"https:\/\/www.digitalschoolsawards.eu\/sl\/poiscite-digitalno-solo\/selfie-digital-schools-academy\/\">SELFIE Digital Schools Academy<\/a><\/li>\n<\/ul>\n<\/li>\n<li class=\"page_item page-item-15996\"><a href=\"https:\/\/www.digitalschoolsawards.eu\/sl\/porocilo-selfie\/\">Poro\u010dilo SELFIE<\/a><\/li>\n<li class=\"page_item page-item-14016\"><a href=\"https:\/\/www.digitalschoolsawards.eu\/sl\/postanite-digitalna-sola\/\">Postanite digitalna \u0161ola<\/a><\/li>\n<li class=\"page_item page-item-14223\"><a href=\"https:\/\/www.digitalschoolsawards.eu\/sl\/teaching-and-learning\/\">Pou\u010devanje in u\u010denje<\/a><\/li>\n<li class=\"page_item page-item-14243\"><a href=\"https:\/\/www.digitalschoolsawards.eu\/sl\/privacy-policy\/\">Privacy Policy<\/a><\/li>\n<li class=\"page_item page-item-14117\"><a href=\"https:\/\/www.digitalschoolsawards.eu\/sl\/collaboration-and-networking\/\">Sodelovanje in mre\u017eenje<\/a><\/li>\n<li class=\"page_item page-item-14870\"><a href=\"https:\/\/www.digitalschoolsawards.eu\/sl\/sole\/\">\u0160ole<\/a><\/li>\n<li class=\"page_item page-item-14219\"><a href=\"https:\/\/www.digitalschoolsawards.eu\/sl\/student-digital-competence\/\">\u0160tudentska digitalna kompetenca<\/a><\/li>\n<li class=\"page_item page-item-14239\"><a href=\"https:\/\/www.digitalschoolsawards.eu\/sl\/terms-and-conditions-for-digital-schools-awards-european-pilot-programme-website\/\">Terms and Conditions for Digital Schools Awards European Pilot Programme website<\/a><\/li>\n<li class=\"page_item page-item-14229\"><a href=\"https:\/\/www.digitalschoolsawards.eu\/sl\/testimonials\/\">Testimonials<\/a><\/li>\n<li class=\"page_item page-item-14211\"><a href=\"https:\/\/www.digitalschoolsawards.eu\/sl\/viri-in-porocila\/\">Viri in poro\u010dila<\/a><\/li>\n<li class=\"page_item page-item-14188\"><a href=\"https:\/\/www.digitalschoolsawards.eu\/sl\/leadership\/\">Vodenje<\/a><\/li>\n<li class=\"page_item page-item-16518\"><a href=\"https:\/\/www.digitalschoolsawards.eu\/sl\/belgium\/\">Welcome to Digital Schools Awards Belgium<\/a><\/li>\n<li class=\"page_item page-item-16485\"><a href=\"https:\/\/www.digitalschoolsawards.eu\/sl\/netherlands\/\">Welcome to Digital Schools Awards Netherlands<\/a><\/li>\n<li class=\"page_item page-item-14215\"><a href=\"https:\/\/www.digitalschoolsawards.eu\/sl\/zemljevid-spletnega-mesta\/\">Zemljevid spletnega mesta<\/a><\/li>\n<\/ul>\n<\/div><\/div>\n\t\t\t\t\t\t<\/div>\n\t\t\t\t<\/div>\n\t\t\t\t\t<\/div>\n\t\t<\/div>\n\t\t\t\t\t<\/div>\n\t\t<\/section>\n\t\t\t\t<\/div>\n\t\t","protected":false},"excerpt":{"rendered":"<p>Zemljevid spletnega mesta<\/p>\n","protected":false},"author":1,"featured_media":0,"parent":0,"menu_order":0,"comment_status":"closed","ping_status":"closed","template":"elementor_header_footer","meta":{"_acf_changed":false,"inline_featured_image":false,"footnotes":""},"class_list":["post-14215","page","type-page","status-publish"],"acf":[],"yoast_head":"<!-- This site is optimized with the Yoast SEO plugin v27.5 - https:\/\/yoast.com\/product\/yoast-seo-wordpress\/ -->\n<title>Zemljevid spletnega mesta - Digital Schools Awards Europe<\/title>\n<meta name=\"robots\" content=\"index, follow, max-snippet:-1, max-image-preview:large, max-video-preview:-1\" \/>\n<link rel=\"canonical\" href=\"https:\/\/www.digitalschoolsawards.eu\/sl\/zemljevid-spletnega-mesta\/\" \/>\n<meta property=\"og:locale\" content=\"sl_SI\" \/>\n<meta property=\"og:type\" content=\"article\" \/>\n<meta property=\"og:title\" content=\"Zemljevid spletnega mesta - Digital Schools Awards Europe\" \/>\n<meta property=\"og:description\" content=\"Zemljevid spletnega mesta\" \/>\n<meta property=\"og:url\" content=\"https:\/\/www.digitalschoolsawards.eu\/sl\/zemljevid-spletnega-mesta\/\" \/>\n<meta property=\"og:site_name\" content=\"Digital Schools Awards Europe\" \/>\n<meta property=\"article:publisher\" content=\"https:\/\/www.facebook.com\/awards4selfie\/\" \/>\n<meta property=\"article:modified_time\" content=\"2022-12-16T20:26:55+00:00\" \/>\n<meta name=\"twitter:card\" content=\"summary_large_image\" \/>\n<meta name=\"twitter:site\" content=\"@awards4selfie\" \/>\n<script type=\"application\/ld+json\" class=\"yoast-schema-graph\">{\"@context\":\"https:\\\/\\\/schema.org\",\"@graph\":[{\"@type\":\"WebPage\",\"@id\":\"https:\\\/\\\/www.digitalschoolsawards.eu\\\/sl\\\/zemljevid-spletnega-mesta\\\/\",\"url\":\"https:\\\/\\\/www.digitalschoolsawards.eu\\\/sl\\\/zemljevid-spletnega-mesta\\\/\",\"name\":\"Zemljevid spletnega mesta - Digital Schools Awards Europe\",\"isPartOf\":{\"@id\":\"https:\\\/\\\/www.digitalschoolsawards.eu\\\/#website\"},\"datePublished\":\"2020-07-20T13:31:29+00:00\",\"dateModified\":\"2022-12-16T20:26:55+00:00\",\"breadcrumb\":{\"@id\":\"https:\\\/\\\/www.digitalschoolsawards.eu\\\/sl\\\/zemljevid-spletnega-mesta\\\/#breadcrumb\"},\"inLanguage\":\"sl-SI\",\"potentialAction\":[{\"@type\":\"ReadAction\",\"target\":[\"https:\\\/\\\/www.digitalschoolsawards.eu\\\/sl\\\/zemljevid-spletnega-mesta\\\/\"]}]},{\"@type\":\"BreadcrumbList\",\"@id\":\"https:\\\/\\\/www.digitalschoolsawards.eu\\\/sl\\\/zemljevid-spletnega-mesta\\\/#breadcrumb\",\"itemListElement\":[{\"@type\":\"ListItem\",\"position\":1,\"name\":\"Home\",\"item\":\"https:\\\/\\\/www.digitalschoolsawards.eu\\\/sl\\\/domov\\\/\"},{\"@type\":\"ListItem\",\"position\":2,\"name\":\"Zemljevid spletnega mesta\"}]},{\"@type\":\"WebSite\",\"@id\":\"https:\\\/\\\/www.digitalschoolsawards.eu\\\/#website\",\"url\":\"https:\\\/\\\/www.digitalschoolsawards.eu\\\/\",\"name\":\"Digital Schools Awards Europe\",\"description\":\"Building the Community of Digital Schools in Europe\",\"publisher\":{\"@id\":\"https:\\\/\\\/www.digitalschoolsawards.eu\\\/#organization\"},\"potentialAction\":[{\"@type\":\"SearchAction\",\"target\":{\"@type\":\"EntryPoint\",\"urlTemplate\":\"https:\\\/\\\/www.digitalschoolsawards.eu\\\/?s={search_term_string}\"},\"query-input\":{\"@type\":\"PropertyValueSpecification\",\"valueRequired\":true,\"valueName\":\"search_term_string\"}}],\"inLanguage\":\"sl-SI\"},{\"@type\":\"Organization\",\"@id\":\"https:\\\/\\\/www.digitalschoolsawards.eu\\\/#organization\",\"name\":\"Digital Schools Awards Europe\",\"url\":\"https:\\\/\\\/www.digitalschoolsawards.eu\\\/\",\"logo\":{\"@type\":\"ImageObject\",\"inLanguage\":\"sl-SI\",\"@id\":\"https:\\\/\\\/www.digitalschoolsawards.eu\\\/#\\\/schema\\\/logo\\\/image\\\/\",\"url\":\"https:\\\/\\\/www.digitalschoolsawards.eu\\\/wp-content\\\/uploads\\\/2020\\\/07\\\/headr-logo.png\",\"contentUrl\":\"https:\\\/\\\/www.digitalschoolsawards.eu\\\/wp-content\\\/uploads\\\/2020\\\/07\\\/headr-logo.png\",\"width\":277,\"height\":51,\"caption\":\"Digital Schools Awards Europe\"},\"image\":{\"@id\":\"https:\\\/\\\/www.digitalschoolsawards.eu\\\/#\\\/schema\\\/logo\\\/image\\\/\"},\"sameAs\":[\"https:\\\/\\\/www.facebook.com\\\/awards4selfie\\\/\",\"https:\\\/\\\/x.com\\\/awards4selfie\",\"https:\\\/\\\/www.instagram.com\\\/awards4selfie\\\/\"]}]}<\/script>\n<!-- \/ Yoast SEO plugin. -->","yoast_head_json":{"title":"Zemljevid spletnega mesta - Digital Schools Awards Europe","robots":{"index":"index","follow":"follow","max-snippet":"max-snippet:-1","max-image-preview":"max-image-preview:large","max-video-preview":"max-video-preview:-1"},"canonical":"https:\/\/www.digitalschoolsawards.eu\/sl\/zemljevid-spletnega-mesta\/","og_locale":"sl_SI","og_type":"article","og_title":"Zemljevid spletnega mesta - Digital Schools Awards Europe","og_description":"Zemljevid spletnega mesta","og_url":"https:\/\/www.digitalschoolsawards.eu\/sl\/zemljevid-spletnega-mesta\/","og_site_name":"Digital Schools Awards Europe","article_publisher":"https:\/\/www.facebook.com\/awards4selfie\/","article_modified_time":"2022-12-16T20:26:55+00:00","twitter_card":"summary_large_image","twitter_site":"@awards4selfie","schema":{"@context":"https:\/\/schema.org","@graph":[{"@type":"WebPage","@id":"https:\/\/www.digitalschoolsawards.eu\/sl\/zemljevid-spletnega-mesta\/","url":"https:\/\/www.digitalschoolsawards.eu\/sl\/zemljevid-spletnega-mesta\/","name":"Zemljevid spletnega mesta - Digital Schools Awards Europe","isPartOf":{"@id":"https:\/\/www.digitalschoolsawards.eu\/#website"},"datePublished":"2020-07-20T13:31:29+00:00","dateModified":"2022-12-16T20:26:55+00:00","breadcrumb":{"@id":"https:\/\/www.digitalschoolsawards.eu\/sl\/zemljevid-spletnega-mesta\/#breadcrumb"},"inLanguage":"sl-SI","potentialAction":[{"@type":"ReadAction","target":["https:\/\/www.digitalschoolsawards.eu\/sl\/zemljevid-spletnega-mesta\/"]}]},{"@type":"BreadcrumbList","@id":"https:\/\/www.digitalschoolsawards.eu\/sl\/zemljevid-spletnega-mesta\/#breadcrumb","itemListElement":[{"@type":"ListItem","position":1,"name":"Home","item":"https:\/\/www.digitalschoolsawards.eu\/sl\/domov\/"},{"@type":"ListItem","position":2,"name":"Zemljevid spletnega mesta"}]},{"@type":"WebSite","@id":"https:\/\/www.digitalschoolsawards.eu\/#website","url":"https:\/\/www.digitalschoolsawards.eu\/","name":"Digital Schools Awards Europe","description":"Building the Community of Digital Schools in Europe","publisher":{"@id":"https:\/\/www.digitalschoolsawards.eu\/#organization"},"potentialAction":[{"@type":"SearchAction","target":{"@type":"EntryPoint","urlTemplate":"https:\/\/www.digitalschoolsawards.eu\/?s={search_term_string}"},"query-input":{"@type":"PropertyValueSpecification","valueRequired":true,"valueName":"search_term_string"}}],"inLanguage":"sl-SI"},{"@type":"Organization","@id":"https:\/\/www.digitalschoolsawards.eu\/#organization","name":"Digital Schools Awards Europe","url":"https:\/\/www.digitalschoolsawards.eu\/","logo":{"@type":"ImageObject","inLanguage":"sl-SI","@id":"https:\/\/www.digitalschoolsawards.eu\/#\/schema\/logo\/image\/","url":"https:\/\/www.digitalschoolsawards.eu\/wp-content\/uploads\/2020\/07\/headr-logo.png","contentUrl":"https:\/\/www.digitalschoolsawards.eu\/wp-content\/uploads\/2020\/07\/headr-logo.png","width":277,"height":51,"caption":"Digital Schools Awards Europe"},"image":{"@id":"https:\/\/www.digitalschoolsawards.eu\/#\/schema\/logo\/image\/"},"sameAs":["https:\/\/www.facebook.com\/awards4selfie\/","https:\/\/x.com\/awards4selfie","https:\/\/www.instagram.com\/awards4selfie\/"]}]}},"_links":{"self":[{"href":"https:\/\/www.digitalschoolsawards.eu\/sl\/wp-json\/wp\/v2\/pages\/14215","targetHints":{"allow":["GET"]}}],"collection":[{"href":"https:\/\/www.digitalschoolsawards.eu\/sl\/wp-json\/wp\/v2\/pages"}],"about":[{"href":"https:\/\/www.digitalschoolsawards.eu\/sl\/wp-json\/wp\/v2\/types\/page"}],"author":[{"embeddable":true,"href":"https:\/\/www.digitalschoolsawards.eu\/sl\/wp-json\/wp\/v2\/users\/1"}],"replies":[{"embeddable":true,"href":"https:\/\/www.digitalschoolsawards.eu\/sl\/wp-json\/wp\/v2\/comments?post=14215"}],"version-history":[{"count":0,"href":"https:\/\/www.digitalschoolsawards.eu\/sl\/wp-json\/wp\/v2\/pages\/14215\/revisions"}],"wp:attachment":[{"href":"https:\/\/www.digitalschoolsawards.eu\/sl\/wp-json\/wp\/v2\/media?parent=14215"}],"curies":[{"name":"wp","href":"https:\/\/api.w.org\/{rel}","templated":true}]}}