{"id":14188,"date":"2021-09-07T06:25:31","date_gmt":"2021-09-07T06:25:31","guid":{"rendered":"https:\/\/www.digitalschoolsawards.eu\/leadership\/"},"modified":"2023-01-23T18:30:12","modified_gmt":"2023-01-23T18:30:12","slug":"leadership","status":"publish","type":"page","link":"https:\/\/www.digitalschoolsawards.eu\/sl\/leadership\/","title":{"rendered":"Vodenje"},"content":{"rendered":"\t\t<div data-elementor-type=\"wp-page\" data-elementor-id=\"14188\" class=\"elementor elementor-14188 elementor-7747\" data-elementor-post-type=\"page\">\n\t\t\t\t\t\t<section class=\"elementor-section elementor-top-section elementor-element elementor-element-1859feb5 elementor-section-boxed elementor-section-height-default elementor-section-height-default\" data-id=\"1859feb5\" data-element_type=\"section\" data-e-type=\"section\" id=\"innerhero\" data-settings=\"{&quot;background_background&quot;:&quot;classic&quot;}\">\n\t\t\t\t\t\t\t<div class=\"elementor-background-overlay\"><\/div>\n\t\t\t\t\t\t\t<div class=\"elementor-container elementor-column-gap-default\">\n\t\t\t\t\t<div class=\"elementor-column elementor-col-100 elementor-top-column elementor-element elementor-element-50a7e5dd\" data-id=\"50a7e5dd\" data-element_type=\"column\" data-e-type=\"column\">\n\t\t\t<div class=\"elementor-widget-wrap elementor-element-populated\">\n\t\t\t\t\t\t<section class=\"elementor-section elementor-inner-section elementor-element elementor-element-1589b461 elementor-section-full_width elementor-section-content-middle elementor-section-height-default elementor-section-height-default\" data-id=\"1589b461\" data-element_type=\"section\" data-e-type=\"section\">\n\t\t\t\t\t\t<div class=\"elementor-container elementor-column-gap-default\">\n\t\t\t\t\t<div class=\"elementor-column elementor-col-50 elementor-inner-column elementor-element elementor-element-186f5f45\" data-id=\"186f5f45\" data-element_type=\"column\" data-e-type=\"column\">\n\t\t\t<div class=\"elementor-widget-wrap elementor-element-populated\">\n\t\t\t\t\t\t<div class=\"elementor-element elementor-element-4cb4a14c elementor-widget elementor-widget-image\" data-id=\"4cb4a14c\" data-element_type=\"widget\" data-e-type=\"widget\" data-widget_type=\"image.default\">\n\t\t\t\t<div class=\"elementor-widget-container\">\n\t\t\t\t\t\t\t\t\t\t\t\t\t\t\t<img decoding=\"async\" width=\"200\" height=\"200\" src=\"https:\/\/www.digitalschoolsawards.eu\/wp-content\/uploads\/2023\/01\/Asset-6.png\" class=\"attachment-large size-large wp-image-15927\" alt=\"\" srcset=\"https:\/\/www.digitalschoolsawards.eu\/wp-content\/uploads\/2023\/01\/Asset-6.png 200w, https:\/\/www.digitalschoolsawards.eu\/wp-content\/uploads\/2023\/01\/Asset-6-150x150.png 150w\" sizes=\"(max-width: 200px) 100vw, 200px\" \/>\t\t\t\t\t\t\t\t\t\t\t\t\t\t\t<\/div>\n\t\t\t\t<\/div>\n\t\t\t\t\t<\/div>\n\t\t<\/div>\n\t\t\t\t<div class=\"elementor-column elementor-col-50 elementor-inner-column elementor-element elementor-element-7d227e12\" data-id=\"7d227e12\" data-element_type=\"column\" data-e-type=\"column\">\n\t\t\t<div class=\"elementor-widget-wrap elementor-element-populated\">\n\t\t\t\t\t\t<div class=\"elementor-element elementor-element-4db3766a elementor-widget elementor-widget-heading\" data-id=\"4db3766a\" data-element_type=\"widget\" data-e-type=\"widget\" data-widget_type=\"heading.default\">\n\t\t\t\t<div class=\"elementor-widget-container\">\n\t\t\t\t\t<h1 class=\"elementor-heading-title elementor-size-default\">Vodenje<\/h1>\t\t\t\t<\/div>\n\t\t\t\t<\/div>\n\t\t\t\t\t<\/div>\n\t\t<\/div>\n\t\t\t\t\t<\/div>\n\t\t<\/section>\n\t\t\t\t\t<\/div>\n\t\t<\/div>\n\t\t\t\t\t<\/div>\n\t\t<\/section>\n\t\t\t\t<section class=\"elementor-section elementor-top-section elementor-element elementor-element-431e458 elementor-section-boxed elementor-section-height-default elementor-section-height-default\" data-id=\"431e458\" data-element_type=\"section\" data-e-type=\"section\" id=\"partnershome\" data-settings=\"{&quot;background_background&quot;:&quot;classic&quot;}\">\n\t\t\t\t\t\t<div class=\"elementor-container elementor-column-gap-default\">\n\t\t\t\t\t<div class=\"elementor-column elementor-col-100 elementor-top-column elementor-element elementor-element-651b650d\" data-id=\"651b650d\" data-element_type=\"column\" data-e-type=\"column\">\n\t\t\t<div class=\"elementor-widget-wrap elementor-element-populated\">\n\t\t\t\t\t\t<section class=\"elementor-section elementor-inner-section elementor-element elementor-element-14eda78 elementor-section-boxed elementor-section-height-default elementor-section-height-default\" data-id=\"14eda78\" data-element_type=\"section\" data-e-type=\"section\">\n\t\t\t\t\t\t<div class=\"elementor-container elementor-column-gap-default\">\n\t\t\t\t\t<div class=\"elementor-column elementor-col-100 elementor-inner-column elementor-element elementor-element-600745e6\" data-id=\"600745e6\" data-element_type=\"column\" data-e-type=\"column\">\n\t\t\t<div class=\"elementor-widget-wrap elementor-element-populated\">\n\t\t\t\t\t\t<div class=\"elementor-element elementor-element-249a3f8d elementor-widget elementor-widget-heading\" data-id=\"249a3f8d\" data-element_type=\"widget\" data-e-type=\"widget\" data-widget_type=\"heading.default\">\n\t\t\t\t<div class=\"elementor-widget-container\">\n\t\t\t\t\t<h3 class=\"elementor-heading-title elementor-size-default\">Opis<\/h3>\t\t\t\t<\/div>\n\t\t\t\t<\/div>\n\t\t\t\t<div class=\"elementor-element elementor-element-19c6f46e elementor-widget elementor-widget-text-editor\" data-id=\"19c6f46e\" data-element_type=\"widget\" data-e-type=\"widget\" data-widget_type=\"text-editor.default\">\n\t\t\t\t<div class=\"elementor-widget-container\">\n\t\t\t\t\t\t\t\t\t<p>\u0160ola je pokazala vodstvo in vizijo z dobro razvito in \u0161iroko razumljeno digitalno strategijo, ki temelji na pogostih posvetovanjih. Strategija podpira inovacije pri u\u010denju in pou\u010devanju v oblikah neposrednega in me\u0161anega u\u010denja ter podpira tudi razvoj ocenjevanja in digitalnih partnerstev.<\/p>\n<p>\u0160ola ima napisano digitalno strategijo. Delijo ga, pregledujejo in posodabljajo po posvetovanju z u\u010ditelji ter pomagajo pri osredoto\u010danju na digitalno bogato pou\u010devanje, u\u010denje in ocenjevanje v oblikah neposrednega in me\u0161anega u\u010denja. Strategija spodbuja partnerstva in spodbuja internetno varnost ter skladnost z avtorskimi pravicami.<\/p>\n\t\t\t\t\t\t\t\t<\/div>\n\t\t\t\t<\/div>\n\t\t\t\t\t<\/div>\n\t\t<\/div>\n\t\t\t\t\t<\/div>\n\t\t<\/section>\n\t\t\t\t\t<\/div>\n\t\t<\/div>\n\t\t\t\t\t<\/div>\n\t\t<\/section>\n\t\t\t\t<\/div>\n\t\t","protected":false},"excerpt":{"rendered":"<p>Vodenje Opis \u0160ola je pokazala vodstvo in vizijo z dobro razvito in \u0161iroko razumljeno digitalno strategijo, ki temelji na pogostih posvetovanjih. Strategija podpira inovacije pri u\u010denju in pou\u010devanju v oblikah neposrednega in me\u0161anega u\u010denja ter podpira tudi razvoj ocenjevanja in digitalnih partnerstev. \u0160ola ima napisano digitalno strategijo. Delijo ga, pregledujejo in posodabljajo po posvetovanju z &#8230; <a title=\"Vodenje\" class=\"read-more\" href=\"https:\/\/www.digitalschoolsawards.eu\/sl\/leadership\/\" aria-label=\"Read more about Vodenje\">Read more<\/a><\/p>\n","protected":false},"author":1,"featured_media":0,"parent":0,"menu_order":0,"comment_status":"closed","ping_status":"closed","template":"elementor_header_footer","meta":{"_acf_changed":false,"inline_featured_image":false,"footnotes":""},"class_list":["post-14188","page","type-page","status-publish"],"acf":[],"yoast_head":"<!-- This site is optimized with the Yoast SEO plugin v27.6 - https:\/\/yoast.com\/product\/yoast-seo-wordpress\/ -->\n<title>Vodenje - Digital Schools Awards Europe<\/title>\n<meta name=\"robots\" content=\"index, follow, max-snippet:-1, max-image-preview:large, max-video-preview:-1\" \/>\n<link rel=\"canonical\" href=\"https:\/\/www.digitalschoolsawards.eu\/sl\/leadership\/\" \/>\n<meta property=\"og:locale\" content=\"sl_SI\" \/>\n<meta property=\"og:type\" content=\"article\" \/>\n<meta property=\"og:title\" content=\"Vodenje - Digital Schools Awards Europe\" \/>\n<meta property=\"og:description\" content=\"Vodenje Opis \u0160ola je pokazala vodstvo in vizijo z dobro razvito in \u0161iroko razumljeno digitalno strategijo, ki temelji na pogostih posvetovanjih. Strategija podpira inovacije pri u\u010denju in pou\u010devanju v oblikah neposrednega in me\u0161anega u\u010denja ter podpira tudi razvoj ocenjevanja in digitalnih partnerstev. \u0160ola ima napisano digitalno strategijo. Delijo ga, pregledujejo in posodabljajo po posvetovanju z ... Read more\" \/>\n<meta property=\"og:url\" content=\"https:\/\/www.digitalschoolsawards.eu\/sl\/leadership\/\" \/>\n<meta property=\"og:site_name\" content=\"Digital Schools Awards Europe\" \/>\n<meta property=\"article:publisher\" content=\"https:\/\/www.facebook.com\/awards4selfie\/\" \/>\n<meta property=\"article:modified_time\" content=\"2023-01-23T18:30:12+00:00\" \/>\n<meta property=\"og:image\" content=\"https:\/\/www.digitalschoolsawards.eu\/wp-content\/uploads\/2023\/01\/Asset-6.png\" \/>\n<meta name=\"twitter:card\" content=\"summary_large_image\" \/>\n<meta name=\"twitter:site\" content=\"@awards4selfie\" \/>\n<script type=\"application\/ld+json\" class=\"yoast-schema-graph\">{\"@context\":\"https:\\\/\\\/schema.org\",\"@graph\":[{\"@type\":\"WebPage\",\"@id\":\"https:\\\/\\\/www.digitalschoolsawards.eu\\\/sl\\\/leadership\\\/\",\"url\":\"https:\\\/\\\/www.digitalschoolsawards.eu\\\/sl\\\/leadership\\\/\",\"name\":\"Vodenje - Digital Schools Awards Europe\",\"isPartOf\":{\"@id\":\"https:\\\/\\\/www.digitalschoolsawards.eu\\\/#website\"},\"primaryImageOfPage\":{\"@id\":\"https:\\\/\\\/www.digitalschoolsawards.eu\\\/sl\\\/leadership\\\/#primaryimage\"},\"image\":{\"@id\":\"https:\\\/\\\/www.digitalschoolsawards.eu\\\/sl\\\/leadership\\\/#primaryimage\"},\"thumbnailUrl\":\"https:\\\/\\\/www.digitalschoolsawards.eu\\\/wp-content\\\/uploads\\\/2023\\\/01\\\/Asset-6.png\",\"datePublished\":\"2021-09-07T06:25:31+00:00\",\"dateModified\":\"2023-01-23T18:30:12+00:00\",\"breadcrumb\":{\"@id\":\"https:\\\/\\\/www.digitalschoolsawards.eu\\\/sl\\\/leadership\\\/#breadcrumb\"},\"inLanguage\":\"sl-SI\",\"potentialAction\":[{\"@type\":\"ReadAction\",\"target\":[\"https:\\\/\\\/www.digitalschoolsawards.eu\\\/sl\\\/leadership\\\/\"]}]},{\"@type\":\"ImageObject\",\"inLanguage\":\"sl-SI\",\"@id\":\"https:\\\/\\\/www.digitalschoolsawards.eu\\\/sl\\\/leadership\\\/#primaryimage\",\"url\":\"https:\\\/\\\/www.digitalschoolsawards.eu\\\/wp-content\\\/uploads\\\/2023\\\/01\\\/Asset-6.png\",\"contentUrl\":\"https:\\\/\\\/www.digitalschoolsawards.eu\\\/wp-content\\\/uploads\\\/2023\\\/01\\\/Asset-6.png\"},{\"@type\":\"BreadcrumbList\",\"@id\":\"https:\\\/\\\/www.digitalschoolsawards.eu\\\/sl\\\/leadership\\\/#breadcrumb\",\"itemListElement\":[{\"@type\":\"ListItem\",\"position\":1,\"name\":\"Home\",\"item\":\"https:\\\/\\\/www.digitalschoolsawards.eu\\\/sl\\\/domov\\\/\"},{\"@type\":\"ListItem\",\"position\":2,\"name\":\"Vodenje\"}]},{\"@type\":\"WebSite\",\"@id\":\"https:\\\/\\\/www.digitalschoolsawards.eu\\\/#website\",\"url\":\"https:\\\/\\\/www.digitalschoolsawards.eu\\\/\",\"name\":\"Digital Schools Awards Europe\",\"description\":\"Building the Community of Digital Schools in Europe\",\"publisher\":{\"@id\":\"https:\\\/\\\/www.digitalschoolsawards.eu\\\/#organization\"},\"potentialAction\":[{\"@type\":\"SearchAction\",\"target\":{\"@type\":\"EntryPoint\",\"urlTemplate\":\"https:\\\/\\\/www.digitalschoolsawards.eu\\\/?s={search_term_string}\"},\"query-input\":{\"@type\":\"PropertyValueSpecification\",\"valueRequired\":true,\"valueName\":\"search_term_string\"}}],\"inLanguage\":\"sl-SI\"},{\"@type\":\"Organization\",\"@id\":\"https:\\\/\\\/www.digitalschoolsawards.eu\\\/#organization\",\"name\":\"Digital Schools Awards Europe\",\"url\":\"https:\\\/\\\/www.digitalschoolsawards.eu\\\/\",\"logo\":{\"@type\":\"ImageObject\",\"inLanguage\":\"sl-SI\",\"@id\":\"https:\\\/\\\/www.digitalschoolsawards.eu\\\/#\\\/schema\\\/logo\\\/image\\\/\",\"url\":\"https:\\\/\\\/www.digitalschoolsawards.eu\\\/wp-content\\\/uploads\\\/2020\\\/07\\\/headr-logo.png\",\"contentUrl\":\"https:\\\/\\\/www.digitalschoolsawards.eu\\\/wp-content\\\/uploads\\\/2020\\\/07\\\/headr-logo.png\",\"width\":277,\"height\":51,\"caption\":\"Digital Schools Awards Europe\"},\"image\":{\"@id\":\"https:\\\/\\\/www.digitalschoolsawards.eu\\\/#\\\/schema\\\/logo\\\/image\\\/\"},\"sameAs\":[\"https:\\\/\\\/www.facebook.com\\\/awards4selfie\\\/\",\"https:\\\/\\\/x.com\\\/awards4selfie\",\"https:\\\/\\\/www.instagram.com\\\/awards4selfie\\\/\"]}]}<\/script>\n<!-- \/ Yoast SEO plugin. -->","yoast_head_json":{"title":"Vodenje - Digital Schools Awards Europe","robots":{"index":"index","follow":"follow","max-snippet":"max-snippet:-1","max-image-preview":"max-image-preview:large","max-video-preview":"max-video-preview:-1"},"canonical":"https:\/\/www.digitalschoolsawards.eu\/sl\/leadership\/","og_locale":"sl_SI","og_type":"article","og_title":"Vodenje - Digital Schools Awards Europe","og_description":"Vodenje Opis \u0160ola je pokazala vodstvo in vizijo z dobro razvito in \u0161iroko razumljeno digitalno strategijo, ki temelji na pogostih posvetovanjih. Strategija podpira inovacije pri u\u010denju in pou\u010devanju v oblikah neposrednega in me\u0161anega u\u010denja ter podpira tudi razvoj ocenjevanja in digitalnih partnerstev. \u0160ola ima napisano digitalno strategijo. Delijo ga, pregledujejo in posodabljajo po posvetovanju z ... Read more","og_url":"https:\/\/www.digitalschoolsawards.eu\/sl\/leadership\/","og_site_name":"Digital Schools Awards Europe","article_publisher":"https:\/\/www.facebook.com\/awards4selfie\/","article_modified_time":"2023-01-23T18:30:12+00:00","og_image":[{"url":"https:\/\/www.digitalschoolsawards.eu\/wp-content\/uploads\/2023\/01\/Asset-6.png","type":"","width":"","height":""}],"twitter_card":"summary_large_image","twitter_site":"@awards4selfie","schema":{"@context":"https:\/\/schema.org","@graph":[{"@type":"WebPage","@id":"https:\/\/www.digitalschoolsawards.eu\/sl\/leadership\/","url":"https:\/\/www.digitalschoolsawards.eu\/sl\/leadership\/","name":"Vodenje - Digital Schools Awards Europe","isPartOf":{"@id":"https:\/\/www.digitalschoolsawards.eu\/#website"},"primaryImageOfPage":{"@id":"https:\/\/www.digitalschoolsawards.eu\/sl\/leadership\/#primaryimage"},"image":{"@id":"https:\/\/www.digitalschoolsawards.eu\/sl\/leadership\/#primaryimage"},"thumbnailUrl":"https:\/\/www.digitalschoolsawards.eu\/wp-content\/uploads\/2023\/01\/Asset-6.png","datePublished":"2021-09-07T06:25:31+00:00","dateModified":"2023-01-23T18:30:12+00:00","breadcrumb":{"@id":"https:\/\/www.digitalschoolsawards.eu\/sl\/leadership\/#breadcrumb"},"inLanguage":"sl-SI","potentialAction":[{"@type":"ReadAction","target":["https:\/\/www.digitalschoolsawards.eu\/sl\/leadership\/"]}]},{"@type":"ImageObject","inLanguage":"sl-SI","@id":"https:\/\/www.digitalschoolsawards.eu\/sl\/leadership\/#primaryimage","url":"https:\/\/www.digitalschoolsawards.eu\/wp-content\/uploads\/2023\/01\/Asset-6.png","contentUrl":"https:\/\/www.digitalschoolsawards.eu\/wp-content\/uploads\/2023\/01\/Asset-6.png"},{"@type":"BreadcrumbList","@id":"https:\/\/www.digitalschoolsawards.eu\/sl\/leadership\/#breadcrumb","itemListElement":[{"@type":"ListItem","position":1,"name":"Home","item":"https:\/\/www.digitalschoolsawards.eu\/sl\/domov\/"},{"@type":"ListItem","position":2,"name":"Vodenje"}]},{"@type":"WebSite","@id":"https:\/\/www.digitalschoolsawards.eu\/#website","url":"https:\/\/www.digitalschoolsawards.eu\/","name":"Digital Schools Awards Europe","description":"Building the Community of Digital Schools in Europe","publisher":{"@id":"https:\/\/www.digitalschoolsawards.eu\/#organization"},"potentialAction":[{"@type":"SearchAction","target":{"@type":"EntryPoint","urlTemplate":"https:\/\/www.digitalschoolsawards.eu\/?s={search_term_string}"},"query-input":{"@type":"PropertyValueSpecification","valueRequired":true,"valueName":"search_term_string"}}],"inLanguage":"sl-SI"},{"@type":"Organization","@id":"https:\/\/www.digitalschoolsawards.eu\/#organization","name":"Digital Schools Awards Europe","url":"https:\/\/www.digitalschoolsawards.eu\/","logo":{"@type":"ImageObject","inLanguage":"sl-SI","@id":"https:\/\/www.digitalschoolsawards.eu\/#\/schema\/logo\/image\/","url":"https:\/\/www.digitalschoolsawards.eu\/wp-content\/uploads\/2020\/07\/headr-logo.png","contentUrl":"https:\/\/www.digitalschoolsawards.eu\/wp-content\/uploads\/2020\/07\/headr-logo.png","width":277,"height":51,"caption":"Digital Schools Awards Europe"},"image":{"@id":"https:\/\/www.digitalschoolsawards.eu\/#\/schema\/logo\/image\/"},"sameAs":["https:\/\/www.facebook.com\/awards4selfie\/","https:\/\/x.com\/awards4selfie","https:\/\/www.instagram.com\/awards4selfie\/"]}]}},"_links":{"self":[{"href":"https:\/\/www.digitalschoolsawards.eu\/sl\/wp-json\/wp\/v2\/pages\/14188","targetHints":{"allow":["GET"]}}],"collection":[{"href":"https:\/\/www.digitalschoolsawards.eu\/sl\/wp-json\/wp\/v2\/pages"}],"about":[{"href":"https:\/\/www.digitalschoolsawards.eu\/sl\/wp-json\/wp\/v2\/types\/page"}],"author":[{"embeddable":true,"href":"https:\/\/www.digitalschoolsawards.eu\/sl\/wp-json\/wp\/v2\/users\/1"}],"replies":[{"embeddable":true,"href":"https:\/\/www.digitalschoolsawards.eu\/sl\/wp-json\/wp\/v2\/comments?post=14188"}],"version-history":[{"count":2,"href":"https:\/\/www.digitalschoolsawards.eu\/sl\/wp-json\/wp\/v2\/pages\/14188\/revisions"}],"predecessor-version":[{"id":15985,"href":"https:\/\/www.digitalschoolsawards.eu\/sl\/wp-json\/wp\/v2\/pages\/14188\/revisions\/15985"}],"wp:attachment":[{"href":"https:\/\/www.digitalschoolsawards.eu\/sl\/wp-json\/wp\/v2\/media?parent=14188"}],"curies":[{"name":"wp","href":"https:\/\/api.w.org\/{rel}","templated":true}]}}