{"id":14184,"date":"2021-09-07T06:25:12","date_gmt":"2021-09-07T06:25:12","guid":{"rendered":"https:\/\/www.digitalschoolsawards.eu\/infrastructure-and-equipment\/"},"modified":"2023-01-23T18:26:54","modified_gmt":"2023-01-23T18:26:54","slug":"infrastructure-and-equipment","status":"publish","type":"page","link":"https:\/\/www.digitalschoolsawards.eu\/sl\/infrastructure-and-equipment\/","title":{"rendered":"Infrastruktura in oprema"},"content":{"rendered":"\t\t<div data-elementor-type=\"wp-page\" data-elementor-id=\"14184\" class=\"elementor elementor-14184 elementor-7746\" data-elementor-post-type=\"page\">\n\t\t\t\t\t\t<section class=\"elementor-section elementor-top-section elementor-element elementor-element-5ee4d08d elementor-section-boxed elementor-section-height-default elementor-section-height-default\" data-id=\"5ee4d08d\" data-element_type=\"section\" data-e-type=\"section\" id=\"innerhero\" data-settings=\"{&quot;background_background&quot;:&quot;classic&quot;}\">\n\t\t\t\t\t\t\t<div class=\"elementor-background-overlay\"><\/div>\n\t\t\t\t\t\t\t<div class=\"elementor-container elementor-column-gap-default\">\n\t\t\t\t\t<div class=\"elementor-column elementor-col-100 elementor-top-column elementor-element elementor-element-69f77458\" data-id=\"69f77458\" data-element_type=\"column\" data-e-type=\"column\">\n\t\t\t<div class=\"elementor-widget-wrap elementor-element-populated\">\n\t\t\t\t\t\t<section class=\"elementor-section elementor-inner-section elementor-element elementor-element-222370e2 elementor-section-full_width elementor-section-content-middle elementor-section-height-default elementor-section-height-default\" data-id=\"222370e2\" data-element_type=\"section\" data-e-type=\"section\">\n\t\t\t\t\t\t<div class=\"elementor-container elementor-column-gap-default\">\n\t\t\t\t\t<div class=\"elementor-column elementor-col-50 elementor-inner-column elementor-element elementor-element-586b898b\" data-id=\"586b898b\" data-element_type=\"column\" data-e-type=\"column\">\n\t\t\t<div class=\"elementor-widget-wrap elementor-element-populated\">\n\t\t\t\t\t\t<div class=\"elementor-element elementor-element-49c9cd1b elementor-widget elementor-widget-image\" data-id=\"49c9cd1b\" data-element_type=\"widget\" data-e-type=\"widget\" data-widget_type=\"image.default\">\n\t\t\t\t<div class=\"elementor-widget-container\">\n\t\t\t\t\t\t\t\t\t\t\t\t\t\t\t<img decoding=\"async\" width=\"200\" height=\"200\" src=\"https:\/\/www.digitalschoolsawards.eu\/wp-content\/uploads\/2023\/01\/Asset-7-1.png\" class=\"attachment-large size-large wp-image-15919\" alt=\"\" srcset=\"https:\/\/www.digitalschoolsawards.eu\/wp-content\/uploads\/2023\/01\/Asset-7-1.png 200w, https:\/\/www.digitalschoolsawards.eu\/wp-content\/uploads\/2023\/01\/Asset-7-1-150x150.png 150w\" sizes=\"(max-width: 200px) 100vw, 200px\" \/>\t\t\t\t\t\t\t\t\t\t\t\t\t\t\t<\/div>\n\t\t\t\t<\/div>\n\t\t\t\t\t<\/div>\n\t\t<\/div>\n\t\t\t\t<div class=\"elementor-column elementor-col-50 elementor-inner-column elementor-element elementor-element-3c6f4b90\" data-id=\"3c6f4b90\" data-element_type=\"column\" data-e-type=\"column\">\n\t\t\t<div class=\"elementor-widget-wrap elementor-element-populated\">\n\t\t\t\t\t\t<div class=\"elementor-element elementor-element-2d48758a elementor-widget elementor-widget-heading\" data-id=\"2d48758a\" data-element_type=\"widget\" data-e-type=\"widget\" data-widget_type=\"heading.default\">\n\t\t\t\t<div class=\"elementor-widget-container\">\n\t\t\t\t\t<h1 class=\"elementor-heading-title elementor-size-default\">Infrastruktura in oprema<\/h1>\t\t\t\t<\/div>\n\t\t\t\t<\/div>\n\t\t\t\t\t<\/div>\n\t\t<\/div>\n\t\t\t\t\t<\/div>\n\t\t<\/section>\n\t\t\t\t\t<\/div>\n\t\t<\/div>\n\t\t\t\t\t<\/div>\n\t\t<\/section>\n\t\t\t\t<section class=\"elementor-section elementor-top-section elementor-element elementor-element-7f06e0e9 elementor-section-boxed elementor-section-height-default elementor-section-height-default\" data-id=\"7f06e0e9\" data-element_type=\"section\" data-e-type=\"section\" id=\"partnershome\" data-settings=\"{&quot;background_background&quot;:&quot;classic&quot;}\">\n\t\t\t\t\t\t<div class=\"elementor-container elementor-column-gap-default\">\n\t\t\t\t\t<div class=\"elementor-column elementor-col-100 elementor-top-column elementor-element elementor-element-1474b998\" data-id=\"1474b998\" data-element_type=\"column\" data-e-type=\"column\">\n\t\t\t<div class=\"elementor-widget-wrap elementor-element-populated\">\n\t\t\t\t\t\t<section class=\"elementor-section elementor-inner-section elementor-element elementor-element-3b31cacd elementor-section-boxed elementor-section-height-default elementor-section-height-default\" data-id=\"3b31cacd\" data-element_type=\"section\" data-e-type=\"section\">\n\t\t\t\t\t\t<div class=\"elementor-container elementor-column-gap-default\">\n\t\t\t\t\t<div class=\"elementor-column elementor-col-100 elementor-inner-column elementor-element elementor-element-6c501be\" data-id=\"6c501be\" data-element_type=\"column\" data-e-type=\"column\">\n\t\t\t<div class=\"elementor-widget-wrap elementor-element-populated\">\n\t\t\t\t\t\t<div class=\"elementor-element elementor-element-5cae4f54 elementor-widget elementor-widget-heading\" data-id=\"5cae4f54\" data-element_type=\"widget\" data-e-type=\"widget\" data-widget_type=\"heading.default\">\n\t\t\t\t<div class=\"elementor-widget-container\">\n\t\t\t\t\t<h3 class=\"elementor-heading-title elementor-size-default\">Opis<\/h3>\t\t\t\t<\/div>\n\t\t\t\t<\/div>\n\t\t\t\t<div class=\"elementor-element elementor-element-12b8dd66 elementor-widget elementor-widget-text-editor\" data-id=\"12b8dd66\" data-element_type=\"widget\" data-e-type=\"widget\" data-widget_type=\"text-editor.default\">\n\t\t\t\t<div class=\"elementor-widget-container\">\n\t\t\t\t\t\t\t\t\t<p>\u0160ola je investirala v \u0161iroko paleto naprav za u\u010dence in razvila odli\u010dno povezljivost prek varnih omre\u017eij, tako da so u\u010dilnice bogata digitalna u\u010dna okolja, ki se raz\u0161irijo z me\u0161anim u\u010denjem. Infrastruktura po celotni \u0161oli vklju\u010duje tehni\u010dno in pedago\u0161ko podporo ter digitalne u\u010dne prostore. Na voljo je ustrezno \u0161tevilo naprav ter zadostna internetna in brez\u017ei\u010dna povezljivost za digitalno bogato izku\u0161njo za u\u010ditelje pri na\u010drtovanju in izvajanju lekcij. U\u010denci uporabljajo digitalne naprave za vrsto izku\u0161enj poglobljenega u\u010denja v obliki osebnega in me\u0161anega u\u010denja.<\/p>\n\t\t\t\t\t\t\t\t<\/div>\n\t\t\t\t<\/div>\n\t\t\t\t\t<\/div>\n\t\t<\/div>\n\t\t\t\t\t<\/div>\n\t\t<\/section>\n\t\t\t\t\t<\/div>\n\t\t<\/div>\n\t\t\t\t\t<\/div>\n\t\t<\/section>\n\t\t\t\t<\/div>\n\t\t","protected":false},"excerpt":{"rendered":"<p>Infrastruktura in oprema Opis \u0160ola je investirala v \u0161iroko paleto naprav za u\u010dence in razvila odli\u010dno povezljivost prek varnih omre\u017eij, tako da so u\u010dilnice bogata digitalna u\u010dna okolja, ki se raz\u0161irijo z me\u0161anim u\u010denjem. Infrastruktura po celotni \u0161oli vklju\u010duje tehni\u010dno in pedago\u0161ko podporo ter digitalne u\u010dne prostore. Na voljo je ustrezno \u0161tevilo naprav ter zadostna &#8230; <a title=\"Infrastruktura in oprema\" class=\"read-more\" href=\"https:\/\/www.digitalschoolsawards.eu\/sl\/infrastructure-and-equipment\/\" aria-label=\"Read more about Infrastruktura in oprema\">Read more<\/a><\/p>\n","protected":false},"author":1,"featured_media":0,"parent":0,"menu_order":0,"comment_status":"closed","ping_status":"closed","template":"elementor_header_footer","meta":{"_acf_changed":false,"inline_featured_image":false,"footnotes":""},"class_list":["post-14184","page","type-page","status-publish"],"acf":[],"yoast_head":"<!-- This site is optimized with the Yoast SEO plugin v27.6 - https:\/\/yoast.com\/product\/yoast-seo-wordpress\/ -->\n<title>Infrastruktura in oprema - Digital Schools Awards Europe<\/title>\n<meta name=\"robots\" content=\"index, follow, max-snippet:-1, max-image-preview:large, max-video-preview:-1\" \/>\n<link rel=\"canonical\" href=\"https:\/\/www.digitalschoolsawards.eu\/sl\/infrastructure-and-equipment\/\" \/>\n<meta property=\"og:locale\" content=\"sl_SI\" \/>\n<meta property=\"og:type\" content=\"article\" \/>\n<meta property=\"og:title\" content=\"Infrastruktura in oprema - Digital Schools Awards Europe\" \/>\n<meta property=\"og:description\" content=\"Infrastruktura in oprema Opis \u0160ola je investirala v \u0161iroko paleto naprav za u\u010dence in razvila odli\u010dno povezljivost prek varnih omre\u017eij, tako da so u\u010dilnice bogata digitalna u\u010dna okolja, ki se raz\u0161irijo z me\u0161anim u\u010denjem. Infrastruktura po celotni \u0161oli vklju\u010duje tehni\u010dno in pedago\u0161ko podporo ter digitalne u\u010dne prostore. Na voljo je ustrezno \u0161tevilo naprav ter zadostna ... Read more\" \/>\n<meta property=\"og:url\" content=\"https:\/\/www.digitalschoolsawards.eu\/sl\/infrastructure-and-equipment\/\" \/>\n<meta property=\"og:site_name\" content=\"Digital Schools Awards Europe\" \/>\n<meta property=\"article:publisher\" content=\"https:\/\/www.facebook.com\/awards4selfie\/\" \/>\n<meta property=\"article:modified_time\" content=\"2023-01-23T18:26:54+00:00\" \/>\n<meta property=\"og:image\" content=\"https:\/\/www.digitalschoolsawards.eu\/wp-content\/uploads\/2023\/01\/Asset-7-1.png\" \/>\n<meta name=\"twitter:card\" content=\"summary_large_image\" \/>\n<meta name=\"twitter:site\" content=\"@awards4selfie\" \/>\n<meta name=\"twitter:label1\" content=\"Est. reading time\" \/>\n\t<meta name=\"twitter:data1\" content=\"1 minuta\" \/>\n<script type=\"application\/ld+json\" class=\"yoast-schema-graph\">{\"@context\":\"https:\\\/\\\/schema.org\",\"@graph\":[{\"@type\":\"WebPage\",\"@id\":\"https:\\\/\\\/www.digitalschoolsawards.eu\\\/sl\\\/infrastructure-and-equipment\\\/\",\"url\":\"https:\\\/\\\/www.digitalschoolsawards.eu\\\/sl\\\/infrastructure-and-equipment\\\/\",\"name\":\"Infrastruktura in oprema - Digital Schools Awards Europe\",\"isPartOf\":{\"@id\":\"https:\\\/\\\/www.digitalschoolsawards.eu\\\/#website\"},\"primaryImageOfPage\":{\"@id\":\"https:\\\/\\\/www.digitalschoolsawards.eu\\\/sl\\\/infrastructure-and-equipment\\\/#primaryimage\"},\"image\":{\"@id\":\"https:\\\/\\\/www.digitalschoolsawards.eu\\\/sl\\\/infrastructure-and-equipment\\\/#primaryimage\"},\"thumbnailUrl\":\"https:\\\/\\\/www.digitalschoolsawards.eu\\\/wp-content\\\/uploads\\\/2023\\\/01\\\/Asset-7-1.png\",\"datePublished\":\"2021-09-07T06:25:12+00:00\",\"dateModified\":\"2023-01-23T18:26:54+00:00\",\"breadcrumb\":{\"@id\":\"https:\\\/\\\/www.digitalschoolsawards.eu\\\/sl\\\/infrastructure-and-equipment\\\/#breadcrumb\"},\"inLanguage\":\"sl-SI\",\"potentialAction\":[{\"@type\":\"ReadAction\",\"target\":[\"https:\\\/\\\/www.digitalschoolsawards.eu\\\/sl\\\/infrastructure-and-equipment\\\/\"]}]},{\"@type\":\"ImageObject\",\"inLanguage\":\"sl-SI\",\"@id\":\"https:\\\/\\\/www.digitalschoolsawards.eu\\\/sl\\\/infrastructure-and-equipment\\\/#primaryimage\",\"url\":\"https:\\\/\\\/www.digitalschoolsawards.eu\\\/wp-content\\\/uploads\\\/2023\\\/01\\\/Asset-7-1.png\",\"contentUrl\":\"https:\\\/\\\/www.digitalschoolsawards.eu\\\/wp-content\\\/uploads\\\/2023\\\/01\\\/Asset-7-1.png\"},{\"@type\":\"BreadcrumbList\",\"@id\":\"https:\\\/\\\/www.digitalschoolsawards.eu\\\/sl\\\/infrastructure-and-equipment\\\/#breadcrumb\",\"itemListElement\":[{\"@type\":\"ListItem\",\"position\":1,\"name\":\"Home\",\"item\":\"https:\\\/\\\/www.digitalschoolsawards.eu\\\/sl\\\/domov\\\/\"},{\"@type\":\"ListItem\",\"position\":2,\"name\":\"Infrastruktura in oprema\"}]},{\"@type\":\"WebSite\",\"@id\":\"https:\\\/\\\/www.digitalschoolsawards.eu\\\/#website\",\"url\":\"https:\\\/\\\/www.digitalschoolsawards.eu\\\/\",\"name\":\"Digital Schools Awards Europe\",\"description\":\"Building the Community of Digital Schools in Europe\",\"publisher\":{\"@id\":\"https:\\\/\\\/www.digitalschoolsawards.eu\\\/#organization\"},\"potentialAction\":[{\"@type\":\"SearchAction\",\"target\":{\"@type\":\"EntryPoint\",\"urlTemplate\":\"https:\\\/\\\/www.digitalschoolsawards.eu\\\/?s={search_term_string}\"},\"query-input\":{\"@type\":\"PropertyValueSpecification\",\"valueRequired\":true,\"valueName\":\"search_term_string\"}}],\"inLanguage\":\"sl-SI\"},{\"@type\":\"Organization\",\"@id\":\"https:\\\/\\\/www.digitalschoolsawards.eu\\\/#organization\",\"name\":\"Digital Schools Awards Europe\",\"url\":\"https:\\\/\\\/www.digitalschoolsawards.eu\\\/\",\"logo\":{\"@type\":\"ImageObject\",\"inLanguage\":\"sl-SI\",\"@id\":\"https:\\\/\\\/www.digitalschoolsawards.eu\\\/#\\\/schema\\\/logo\\\/image\\\/\",\"url\":\"https:\\\/\\\/www.digitalschoolsawards.eu\\\/wp-content\\\/uploads\\\/2020\\\/07\\\/headr-logo.png\",\"contentUrl\":\"https:\\\/\\\/www.digitalschoolsawards.eu\\\/wp-content\\\/uploads\\\/2020\\\/07\\\/headr-logo.png\",\"width\":277,\"height\":51,\"caption\":\"Digital Schools Awards Europe\"},\"image\":{\"@id\":\"https:\\\/\\\/www.digitalschoolsawards.eu\\\/#\\\/schema\\\/logo\\\/image\\\/\"},\"sameAs\":[\"https:\\\/\\\/www.facebook.com\\\/awards4selfie\\\/\",\"https:\\\/\\\/x.com\\\/awards4selfie\",\"https:\\\/\\\/www.instagram.com\\\/awards4selfie\\\/\"]}]}<\/script>\n<!-- \/ Yoast SEO plugin. -->","yoast_head_json":{"title":"Infrastruktura in oprema - Digital Schools Awards Europe","robots":{"index":"index","follow":"follow","max-snippet":"max-snippet:-1","max-image-preview":"max-image-preview:large","max-video-preview":"max-video-preview:-1"},"canonical":"https:\/\/www.digitalschoolsawards.eu\/sl\/infrastructure-and-equipment\/","og_locale":"sl_SI","og_type":"article","og_title":"Infrastruktura in oprema - Digital Schools Awards Europe","og_description":"Infrastruktura in oprema Opis \u0160ola je investirala v \u0161iroko paleto naprav za u\u010dence in razvila odli\u010dno povezljivost prek varnih omre\u017eij, tako da so u\u010dilnice bogata digitalna u\u010dna okolja, ki se raz\u0161irijo z me\u0161anim u\u010denjem. Infrastruktura po celotni \u0161oli vklju\u010duje tehni\u010dno in pedago\u0161ko podporo ter digitalne u\u010dne prostore. Na voljo je ustrezno \u0161tevilo naprav ter zadostna ... Read more","og_url":"https:\/\/www.digitalschoolsawards.eu\/sl\/infrastructure-and-equipment\/","og_site_name":"Digital Schools Awards Europe","article_publisher":"https:\/\/www.facebook.com\/awards4selfie\/","article_modified_time":"2023-01-23T18:26:54+00:00","og_image":[{"url":"https:\/\/www.digitalschoolsawards.eu\/wp-content\/uploads\/2023\/01\/Asset-7-1.png","type":"","width":"","height":""}],"twitter_card":"summary_large_image","twitter_site":"@awards4selfie","twitter_misc":{"Est. reading time":"1 minuta"},"schema":{"@context":"https:\/\/schema.org","@graph":[{"@type":"WebPage","@id":"https:\/\/www.digitalschoolsawards.eu\/sl\/infrastructure-and-equipment\/","url":"https:\/\/www.digitalschoolsawards.eu\/sl\/infrastructure-and-equipment\/","name":"Infrastruktura in oprema - Digital Schools Awards Europe","isPartOf":{"@id":"https:\/\/www.digitalschoolsawards.eu\/#website"},"primaryImageOfPage":{"@id":"https:\/\/www.digitalschoolsawards.eu\/sl\/infrastructure-and-equipment\/#primaryimage"},"image":{"@id":"https:\/\/www.digitalschoolsawards.eu\/sl\/infrastructure-and-equipment\/#primaryimage"},"thumbnailUrl":"https:\/\/www.digitalschoolsawards.eu\/wp-content\/uploads\/2023\/01\/Asset-7-1.png","datePublished":"2021-09-07T06:25:12+00:00","dateModified":"2023-01-23T18:26:54+00:00","breadcrumb":{"@id":"https:\/\/www.digitalschoolsawards.eu\/sl\/infrastructure-and-equipment\/#breadcrumb"},"inLanguage":"sl-SI","potentialAction":[{"@type":"ReadAction","target":["https:\/\/www.digitalschoolsawards.eu\/sl\/infrastructure-and-equipment\/"]}]},{"@type":"ImageObject","inLanguage":"sl-SI","@id":"https:\/\/www.digitalschoolsawards.eu\/sl\/infrastructure-and-equipment\/#primaryimage","url":"https:\/\/www.digitalschoolsawards.eu\/wp-content\/uploads\/2023\/01\/Asset-7-1.png","contentUrl":"https:\/\/www.digitalschoolsawards.eu\/wp-content\/uploads\/2023\/01\/Asset-7-1.png"},{"@type":"BreadcrumbList","@id":"https:\/\/www.digitalschoolsawards.eu\/sl\/infrastructure-and-equipment\/#breadcrumb","itemListElement":[{"@type":"ListItem","position":1,"name":"Home","item":"https:\/\/www.digitalschoolsawards.eu\/sl\/domov\/"},{"@type":"ListItem","position":2,"name":"Infrastruktura in oprema"}]},{"@type":"WebSite","@id":"https:\/\/www.digitalschoolsawards.eu\/#website","url":"https:\/\/www.digitalschoolsawards.eu\/","name":"Digital Schools Awards Europe","description":"Building the Community of Digital Schools in Europe","publisher":{"@id":"https:\/\/www.digitalschoolsawards.eu\/#organization"},"potentialAction":[{"@type":"SearchAction","target":{"@type":"EntryPoint","urlTemplate":"https:\/\/www.digitalschoolsawards.eu\/?s={search_term_string}"},"query-input":{"@type":"PropertyValueSpecification","valueRequired":true,"valueName":"search_term_string"}}],"inLanguage":"sl-SI"},{"@type":"Organization","@id":"https:\/\/www.digitalschoolsawards.eu\/#organization","name":"Digital Schools Awards Europe","url":"https:\/\/www.digitalschoolsawards.eu\/","logo":{"@type":"ImageObject","inLanguage":"sl-SI","@id":"https:\/\/www.digitalschoolsawards.eu\/#\/schema\/logo\/image\/","url":"https:\/\/www.digitalschoolsawards.eu\/wp-content\/uploads\/2020\/07\/headr-logo.png","contentUrl":"https:\/\/www.digitalschoolsawards.eu\/wp-content\/uploads\/2020\/07\/headr-logo.png","width":277,"height":51,"caption":"Digital Schools Awards Europe"},"image":{"@id":"https:\/\/www.digitalschoolsawards.eu\/#\/schema\/logo\/image\/"},"sameAs":["https:\/\/www.facebook.com\/awards4selfie\/","https:\/\/x.com\/awards4selfie","https:\/\/www.instagram.com\/awards4selfie\/"]}]}},"_links":{"self":[{"href":"https:\/\/www.digitalschoolsawards.eu\/sl\/wp-json\/wp\/v2\/pages\/14184","targetHints":{"allow":["GET"]}}],"collection":[{"href":"https:\/\/www.digitalschoolsawards.eu\/sl\/wp-json\/wp\/v2\/pages"}],"about":[{"href":"https:\/\/www.digitalschoolsawards.eu\/sl\/wp-json\/wp\/v2\/types\/page"}],"author":[{"embeddable":true,"href":"https:\/\/www.digitalschoolsawards.eu\/sl\/wp-json\/wp\/v2\/users\/1"}],"replies":[{"embeddable":true,"href":"https:\/\/www.digitalschoolsawards.eu\/sl\/wp-json\/wp\/v2\/comments?post=14184"}],"version-history":[{"count":2,"href":"https:\/\/www.digitalschoolsawards.eu\/sl\/wp-json\/wp\/v2\/pages\/14184\/revisions"}],"predecessor-version":[{"id":15979,"href":"https:\/\/www.digitalschoolsawards.eu\/sl\/wp-json\/wp\/v2\/pages\/14184\/revisions\/15979"}],"wp:attachment":[{"href":"https:\/\/www.digitalschoolsawards.eu\/sl\/wp-json\/wp\/v2\/media?parent=14184"}],"curies":[{"name":"wp","href":"https:\/\/api.w.org\/{rel}","templated":true}]}}