{"id":14064,"date":"2021-09-07T06:25:57","date_gmt":"2021-09-07T06:25:57","guid":{"rendered":"https:\/\/www.digitalschoolsawards.eu\/student-digital-competence\/"},"modified":"2023-01-23T18:35:33","modified_gmt":"2023-01-23T18:35:33","slug":"student-digital-competence","status":"publish","type":"page","link":"https:\/\/www.digitalschoolsawards.eu\/lt\/student-digital-competence\/","title":{"rendered":"Mokini\u0173 skaitmenin\u0117s kompetencijos"},"content":{"rendered":"\t\t<div data-elementor-type=\"wp-page\" data-elementor-id=\"14064\" class=\"elementor elementor-14064 elementor-7748\" data-elementor-post-type=\"page\">\n\t\t\t\t\t\t<section class=\"elementor-section elementor-top-section elementor-element elementor-element-24295885 elementor-section-boxed elementor-section-height-default elementor-section-height-default\" data-id=\"24295885\" data-element_type=\"section\" data-e-type=\"section\" id=\"innerhero\" data-settings=\"{&quot;background_background&quot;:&quot;classic&quot;}\">\n\t\t\t\t\t\t\t<div class=\"elementor-background-overlay\"><\/div>\n\t\t\t\t\t\t\t<div class=\"elementor-container elementor-column-gap-default\">\n\t\t\t\t\t<div class=\"elementor-column elementor-col-100 elementor-top-column elementor-element elementor-element-12793d3c\" data-id=\"12793d3c\" data-element_type=\"column\" data-e-type=\"column\">\n\t\t\t<div class=\"elementor-widget-wrap elementor-element-populated\">\n\t\t\t\t\t\t<section class=\"elementor-section elementor-inner-section elementor-element elementor-element-5390dce6 elementor-section-full_width elementor-section-content-middle elementor-section-height-default elementor-section-height-default\" data-id=\"5390dce6\" data-element_type=\"section\" data-e-type=\"section\">\n\t\t\t\t\t\t<div class=\"elementor-container elementor-column-gap-default\">\n\t\t\t\t\t<div class=\"elementor-column elementor-col-50 elementor-inner-column elementor-element elementor-element-478578d2\" data-id=\"478578d2\" data-element_type=\"column\" data-e-type=\"column\">\n\t\t\t<div class=\"elementor-widget-wrap elementor-element-populated\">\n\t\t\t\t\t\t<div class=\"elementor-element elementor-element-5019c023 elementor-widget elementor-widget-image\" data-id=\"5019c023\" data-element_type=\"widget\" data-e-type=\"widget\" data-widget_type=\"image.default\">\n\t\t\t\t<div class=\"elementor-widget-container\">\n\t\t\t\t\t\t\t\t\t\t\t\t\t\t\t<img decoding=\"async\" width=\"200\" height=\"200\" src=\"https:\/\/www.digitalschoolsawards.eu\/wp-content\/uploads\/2023\/01\/Asset-8-1.png\" class=\"attachment-large size-large wp-image-15949\" alt=\"\" srcset=\"https:\/\/www.digitalschoolsawards.eu\/wp-content\/uploads\/2023\/01\/Asset-8-1.png 200w, https:\/\/www.digitalschoolsawards.eu\/wp-content\/uploads\/2023\/01\/Asset-8-1-150x150.png 150w\" sizes=\"(max-width: 200px) 100vw, 200px\" \/>\t\t\t\t\t\t\t\t\t\t\t\t\t\t\t<\/div>\n\t\t\t\t<\/div>\n\t\t\t\t\t<\/div>\n\t\t<\/div>\n\t\t\t\t<div class=\"elementor-column elementor-col-50 elementor-inner-column elementor-element elementor-element-27d5ea59\" data-id=\"27d5ea59\" data-element_type=\"column\" data-e-type=\"column\">\n\t\t\t<div class=\"elementor-widget-wrap elementor-element-populated\">\n\t\t\t\t\t\t<div class=\"elementor-element elementor-element-52a7b6ef elementor-widget elementor-widget-heading\" data-id=\"52a7b6ef\" data-element_type=\"widget\" data-e-type=\"widget\" data-widget_type=\"heading.default\">\n\t\t\t\t<div class=\"elementor-widget-container\">\n\t\t\t\t\t<h1 class=\"elementor-heading-title elementor-size-default\">Mokini\u0173 skaitmenin\u0117s kompetencijos<\/h1>\t\t\t\t<\/div>\n\t\t\t\t<\/div>\n\t\t\t\t\t<\/div>\n\t\t<\/div>\n\t\t\t\t\t<\/div>\n\t\t<\/section>\n\t\t\t\t\t<\/div>\n\t\t<\/div>\n\t\t\t\t\t<\/div>\n\t\t<\/section>\n\t\t\t\t<section class=\"elementor-section elementor-top-section elementor-element elementor-element-9e93a32 elementor-section-boxed elementor-section-height-default elementor-section-height-default\" data-id=\"9e93a32\" data-element_type=\"section\" data-e-type=\"section\" id=\"partnershome\" data-settings=\"{&quot;background_background&quot;:&quot;classic&quot;}\">\n\t\t\t\t\t\t<div class=\"elementor-container elementor-column-gap-default\">\n\t\t\t\t\t<div class=\"elementor-column elementor-col-100 elementor-top-column elementor-element elementor-element-1598920f\" data-id=\"1598920f\" data-element_type=\"column\" data-e-type=\"column\">\n\t\t\t<div class=\"elementor-widget-wrap elementor-element-populated\">\n\t\t\t\t\t\t<section class=\"elementor-section elementor-inner-section elementor-element elementor-element-55bbc76a elementor-section-boxed elementor-section-height-default elementor-section-height-default\" data-id=\"55bbc76a\" data-element_type=\"section\" data-e-type=\"section\">\n\t\t\t\t\t\t<div class=\"elementor-container elementor-column-gap-default\">\n\t\t\t\t\t<div class=\"elementor-column elementor-col-100 elementor-inner-column elementor-element elementor-element-3a741b41\" data-id=\"3a741b41\" data-element_type=\"column\" data-e-type=\"column\">\n\t\t\t<div class=\"elementor-widget-wrap elementor-element-populated\">\n\t\t\t\t\t\t<div class=\"elementor-element elementor-element-476cd5a6 elementor-widget elementor-widget-heading\" data-id=\"476cd5a6\" data-element_type=\"widget\" data-e-type=\"widget\" data-widget_type=\"heading.default\">\n\t\t\t\t<div class=\"elementor-widget-container\">\n\t\t\t\t\t<h3 class=\"elementor-heading-title elementor-size-default\">apib\u016bdinimas<\/h3>\t\t\t\t<\/div>\n\t\t\t\t<\/div>\n\t\t\t\t<div class=\"elementor-element elementor-element-77c206b1 elementor-widget elementor-widget-text-editor\" data-id=\"77c206b1\" data-element_type=\"widget\" data-e-type=\"widget\" data-widget_type=\"text-editor.default\">\n\t\t\t\t<div class=\"elementor-widget-container\">\n\t\t\t\t\t\t\t\t\t<p>Mokyklos mokiniai demonstruoja \u012fvairius skaitmeninius \u012fg\u016bd\u017eius, kurie pritaikomi klas\u0117je ir mi\u0161raus mokymosi kontekste. J\u0173 patirtis yra pana\u0161i \u012fvairiuose dalykuose ir mokymosi etapuose. Jie demonstruoja saugius ir atsakingus internetinius \u012fpro\u010dius ir praktik\u0105, naudodamiesi skaitmenin\u0117mis technologijomis, kad palaikyt\u0173 \u012fvairi\u0105 mokymosi veikl\u0105 mokykloje ir u\u017e jos rib\u0173.<\/p>\n\t\t\t\t\t\t\t\t<\/div>\n\t\t\t\t<\/div>\n\t\t\t\t\t<\/div>\n\t\t<\/div>\n\t\t\t\t\t<\/div>\n\t\t<\/section>\n\t\t\t\t\t<\/div>\n\t\t<\/div>\n\t\t\t\t\t<\/div>\n\t\t<\/section>\n\t\t\t\t<\/div>\n\t\t","protected":false},"excerpt":{"rendered":"<p>Mokini\u0173 skaitmenin\u0117s kompetencijos apib\u016bdinimas Mokyklos mokiniai demonstruoja \u012fvairius skaitmeninius \u012fg\u016bd\u017eius, kurie pritaikomi klas\u0117je ir mi\u0161raus mokymosi kontekste. J\u0173 patirtis yra pana\u0161i \u012fvairiuose dalykuose ir mokymosi etapuose. Jie demonstruoja saugius ir atsakingus internetinius \u012fpro\u010dius ir praktik\u0105, naudodamiesi skaitmenin\u0117mis technologijomis, kad palaikyt\u0173 \u012fvairi\u0105 mokymosi veikl\u0105 mokykloje ir u\u017e jos rib\u0173.<\/p>\n","protected":false},"author":1,"featured_media":0,"parent":0,"menu_order":0,"comment_status":"closed","ping_status":"closed","template":"elementor_header_footer","meta":{"_acf_changed":false,"inline_featured_image":false,"footnotes":""},"class_list":["post-14064","page","type-page","status-publish"],"acf":[],"yoast_head":"<!-- This site is optimized with the Yoast SEO plugin v27.6 - https:\/\/yoast.com\/product\/yoast-seo-wordpress\/ -->\n<title>Mokini\u0173 skaitmenin\u0117s kompetencijos - Digital Schools Awards Europe<\/title>\n<meta name=\"robots\" content=\"index, follow, max-snippet:-1, max-image-preview:large, max-video-preview:-1\" \/>\n<link rel=\"canonical\" href=\"https:\/\/www.digitalschoolsawards.eu\/lt\/student-digital-competence\/\" \/>\n<meta property=\"og:locale\" content=\"lt_LT\" \/>\n<meta property=\"og:type\" content=\"article\" \/>\n<meta property=\"og:title\" content=\"Mokini\u0173 skaitmenin\u0117s kompetencijos - Digital Schools Awards Europe\" \/>\n<meta property=\"og:description\" content=\"Mokini\u0173 skaitmenin\u0117s kompetencijos apib\u016bdinimas Mokyklos mokiniai demonstruoja \u012fvairius skaitmeninius \u012fg\u016bd\u017eius, kurie pritaikomi klas\u0117je ir mi\u0161raus mokymosi kontekste. J\u0173 patirtis yra pana\u0161i \u012fvairiuose dalykuose ir mokymosi etapuose. Jie demonstruoja saugius ir atsakingus internetinius \u012fpro\u010dius ir praktik\u0105, naudodamiesi skaitmenin\u0117mis technologijomis, kad palaikyt\u0173 \u012fvairi\u0105 mokymosi veikl\u0105 mokykloje ir u\u017e jos rib\u0173.\" \/>\n<meta property=\"og:url\" content=\"https:\/\/www.digitalschoolsawards.eu\/lt\/student-digital-competence\/\" \/>\n<meta property=\"og:site_name\" content=\"Digital Schools Awards Europe\" \/>\n<meta property=\"article:publisher\" content=\"https:\/\/www.facebook.com\/awards4selfie\/\" \/>\n<meta property=\"article:modified_time\" content=\"2023-01-23T18:35:33+00:00\" \/>\n<meta property=\"og:image\" content=\"https:\/\/www.digitalschoolsawards.eu\/wp-content\/uploads\/2023\/01\/Asset-8-1.png\" \/>\n<meta name=\"twitter:card\" content=\"summary_large_image\" \/>\n<meta name=\"twitter:site\" content=\"@awards4selfie\" \/>\n<script type=\"application\/ld+json\" class=\"yoast-schema-graph\">{\"@context\":\"https:\\\/\\\/schema.org\",\"@graph\":[{\"@type\":\"WebPage\",\"@id\":\"https:\\\/\\\/www.digitalschoolsawards.eu\\\/lt\\\/student-digital-competence\\\/\",\"url\":\"https:\\\/\\\/www.digitalschoolsawards.eu\\\/lt\\\/student-digital-competence\\\/\",\"name\":\"Mokini\u0173 skaitmenin\u0117s kompetencijos - Digital Schools Awards Europe\",\"isPartOf\":{\"@id\":\"https:\\\/\\\/www.digitalschoolsawards.eu\\\/#website\"},\"primaryImageOfPage\":{\"@id\":\"https:\\\/\\\/www.digitalschoolsawards.eu\\\/lt\\\/student-digital-competence\\\/#primaryimage\"},\"image\":{\"@id\":\"https:\\\/\\\/www.digitalschoolsawards.eu\\\/lt\\\/student-digital-competence\\\/#primaryimage\"},\"thumbnailUrl\":\"https:\\\/\\\/www.digitalschoolsawards.eu\\\/wp-content\\\/uploads\\\/2023\\\/01\\\/Asset-8-1.png\",\"datePublished\":\"2021-09-07T06:25:57+00:00\",\"dateModified\":\"2023-01-23T18:35:33+00:00\",\"breadcrumb\":{\"@id\":\"https:\\\/\\\/www.digitalschoolsawards.eu\\\/lt\\\/student-digital-competence\\\/#breadcrumb\"},\"inLanguage\":\"lt-LT\",\"potentialAction\":[{\"@type\":\"ReadAction\",\"target\":[\"https:\\\/\\\/www.digitalschoolsawards.eu\\\/lt\\\/student-digital-competence\\\/\"]}]},{\"@type\":\"ImageObject\",\"inLanguage\":\"lt-LT\",\"@id\":\"https:\\\/\\\/www.digitalschoolsawards.eu\\\/lt\\\/student-digital-competence\\\/#primaryimage\",\"url\":\"https:\\\/\\\/www.digitalschoolsawards.eu\\\/wp-content\\\/uploads\\\/2023\\\/01\\\/Asset-8-1.png\",\"contentUrl\":\"https:\\\/\\\/www.digitalschoolsawards.eu\\\/wp-content\\\/uploads\\\/2023\\\/01\\\/Asset-8-1.png\"},{\"@type\":\"BreadcrumbList\",\"@id\":\"https:\\\/\\\/www.digitalschoolsawards.eu\\\/lt\\\/student-digital-competence\\\/#breadcrumb\",\"itemListElement\":[{\"@type\":\"ListItem\",\"position\":1,\"name\":\"Home\",\"item\":\"https:\\\/\\\/www.digitalschoolsawards.eu\\\/lt\\\/pagrindinis\\\/\"},{\"@type\":\"ListItem\",\"position\":2,\"name\":\"Mokini\u0173 skaitmenin\u0117s kompetencijos\"}]},{\"@type\":\"WebSite\",\"@id\":\"https:\\\/\\\/www.digitalschoolsawards.eu\\\/#website\",\"url\":\"https:\\\/\\\/www.digitalschoolsawards.eu\\\/\",\"name\":\"Digital Schools Awards Europe\",\"description\":\"Building the Community of Digital Schools in Europe\",\"publisher\":{\"@id\":\"https:\\\/\\\/www.digitalschoolsawards.eu\\\/#organization\"},\"potentialAction\":[{\"@type\":\"SearchAction\",\"target\":{\"@type\":\"EntryPoint\",\"urlTemplate\":\"https:\\\/\\\/www.digitalschoolsawards.eu\\\/?s={search_term_string}\"},\"query-input\":{\"@type\":\"PropertyValueSpecification\",\"valueRequired\":true,\"valueName\":\"search_term_string\"}}],\"inLanguage\":\"lt-LT\"},{\"@type\":\"Organization\",\"@id\":\"https:\\\/\\\/www.digitalschoolsawards.eu\\\/#organization\",\"name\":\"Digital Schools Awards Europe\",\"url\":\"https:\\\/\\\/www.digitalschoolsawards.eu\\\/\",\"logo\":{\"@type\":\"ImageObject\",\"inLanguage\":\"lt-LT\",\"@id\":\"https:\\\/\\\/www.digitalschoolsawards.eu\\\/#\\\/schema\\\/logo\\\/image\\\/\",\"url\":\"https:\\\/\\\/www.digitalschoolsawards.eu\\\/wp-content\\\/uploads\\\/2020\\\/07\\\/headr-logo.png\",\"contentUrl\":\"https:\\\/\\\/www.digitalschoolsawards.eu\\\/wp-content\\\/uploads\\\/2020\\\/07\\\/headr-logo.png\",\"width\":277,\"height\":51,\"caption\":\"Digital Schools Awards Europe\"},\"image\":{\"@id\":\"https:\\\/\\\/www.digitalschoolsawards.eu\\\/#\\\/schema\\\/logo\\\/image\\\/\"},\"sameAs\":[\"https:\\\/\\\/www.facebook.com\\\/awards4selfie\\\/\",\"https:\\\/\\\/x.com\\\/awards4selfie\",\"https:\\\/\\\/www.instagram.com\\\/awards4selfie\\\/\"]}]}<\/script>\n<!-- \/ Yoast SEO plugin. -->","yoast_head_json":{"title":"Mokini\u0173 skaitmenin\u0117s kompetencijos - Digital Schools Awards Europe","robots":{"index":"index","follow":"follow","max-snippet":"max-snippet:-1","max-image-preview":"max-image-preview:large","max-video-preview":"max-video-preview:-1"},"canonical":"https:\/\/www.digitalschoolsawards.eu\/lt\/student-digital-competence\/","og_locale":"lt_LT","og_type":"article","og_title":"Mokini\u0173 skaitmenin\u0117s kompetencijos - Digital Schools Awards Europe","og_description":"Mokini\u0173 skaitmenin\u0117s kompetencijos apib\u016bdinimas Mokyklos mokiniai demonstruoja \u012fvairius skaitmeninius \u012fg\u016bd\u017eius, kurie pritaikomi klas\u0117je ir mi\u0161raus mokymosi kontekste. J\u0173 patirtis yra pana\u0161i \u012fvairiuose dalykuose ir mokymosi etapuose. Jie demonstruoja saugius ir atsakingus internetinius \u012fpro\u010dius ir praktik\u0105, naudodamiesi skaitmenin\u0117mis technologijomis, kad palaikyt\u0173 \u012fvairi\u0105 mokymosi veikl\u0105 mokykloje ir u\u017e jos rib\u0173.","og_url":"https:\/\/www.digitalschoolsawards.eu\/lt\/student-digital-competence\/","og_site_name":"Digital Schools Awards Europe","article_publisher":"https:\/\/www.facebook.com\/awards4selfie\/","article_modified_time":"2023-01-23T18:35:33+00:00","og_image":[{"url":"https:\/\/www.digitalschoolsawards.eu\/wp-content\/uploads\/2023\/01\/Asset-8-1.png","type":"","width":"","height":""}],"twitter_card":"summary_large_image","twitter_site":"@awards4selfie","schema":{"@context":"https:\/\/schema.org","@graph":[{"@type":"WebPage","@id":"https:\/\/www.digitalschoolsawards.eu\/lt\/student-digital-competence\/","url":"https:\/\/www.digitalschoolsawards.eu\/lt\/student-digital-competence\/","name":"Mokini\u0173 skaitmenin\u0117s kompetencijos - Digital Schools Awards Europe","isPartOf":{"@id":"https:\/\/www.digitalschoolsawards.eu\/#website"},"primaryImageOfPage":{"@id":"https:\/\/www.digitalschoolsawards.eu\/lt\/student-digital-competence\/#primaryimage"},"image":{"@id":"https:\/\/www.digitalschoolsawards.eu\/lt\/student-digital-competence\/#primaryimage"},"thumbnailUrl":"https:\/\/www.digitalschoolsawards.eu\/wp-content\/uploads\/2023\/01\/Asset-8-1.png","datePublished":"2021-09-07T06:25:57+00:00","dateModified":"2023-01-23T18:35:33+00:00","breadcrumb":{"@id":"https:\/\/www.digitalschoolsawards.eu\/lt\/student-digital-competence\/#breadcrumb"},"inLanguage":"lt-LT","potentialAction":[{"@type":"ReadAction","target":["https:\/\/www.digitalschoolsawards.eu\/lt\/student-digital-competence\/"]}]},{"@type":"ImageObject","inLanguage":"lt-LT","@id":"https:\/\/www.digitalschoolsawards.eu\/lt\/student-digital-competence\/#primaryimage","url":"https:\/\/www.digitalschoolsawards.eu\/wp-content\/uploads\/2023\/01\/Asset-8-1.png","contentUrl":"https:\/\/www.digitalschoolsawards.eu\/wp-content\/uploads\/2023\/01\/Asset-8-1.png"},{"@type":"BreadcrumbList","@id":"https:\/\/www.digitalschoolsawards.eu\/lt\/student-digital-competence\/#breadcrumb","itemListElement":[{"@type":"ListItem","position":1,"name":"Home","item":"https:\/\/www.digitalschoolsawards.eu\/lt\/pagrindinis\/"},{"@type":"ListItem","position":2,"name":"Mokini\u0173 skaitmenin\u0117s kompetencijos"}]},{"@type":"WebSite","@id":"https:\/\/www.digitalschoolsawards.eu\/#website","url":"https:\/\/www.digitalschoolsawards.eu\/","name":"Digital Schools Awards Europe","description":"Building the Community of Digital Schools in Europe","publisher":{"@id":"https:\/\/www.digitalschoolsawards.eu\/#organization"},"potentialAction":[{"@type":"SearchAction","target":{"@type":"EntryPoint","urlTemplate":"https:\/\/www.digitalschoolsawards.eu\/?s={search_term_string}"},"query-input":{"@type":"PropertyValueSpecification","valueRequired":true,"valueName":"search_term_string"}}],"inLanguage":"lt-LT"},{"@type":"Organization","@id":"https:\/\/www.digitalschoolsawards.eu\/#organization","name":"Digital Schools Awards Europe","url":"https:\/\/www.digitalschoolsawards.eu\/","logo":{"@type":"ImageObject","inLanguage":"lt-LT","@id":"https:\/\/www.digitalschoolsawards.eu\/#\/schema\/logo\/image\/","url":"https:\/\/www.digitalschoolsawards.eu\/wp-content\/uploads\/2020\/07\/headr-logo.png","contentUrl":"https:\/\/www.digitalschoolsawards.eu\/wp-content\/uploads\/2020\/07\/headr-logo.png","width":277,"height":51,"caption":"Digital Schools Awards Europe"},"image":{"@id":"https:\/\/www.digitalschoolsawards.eu\/#\/schema\/logo\/image\/"},"sameAs":["https:\/\/www.facebook.com\/awards4selfie\/","https:\/\/x.com\/awards4selfie","https:\/\/www.instagram.com\/awards4selfie\/"]}]}},"_links":{"self":[{"href":"https:\/\/www.digitalschoolsawards.eu\/lt\/wp-json\/wp\/v2\/pages\/14064","targetHints":{"allow":["GET"]}}],"collection":[{"href":"https:\/\/www.digitalschoolsawards.eu\/lt\/wp-json\/wp\/v2\/pages"}],"about":[{"href":"https:\/\/www.digitalschoolsawards.eu\/lt\/wp-json\/wp\/v2\/types\/page"}],"author":[{"embeddable":true,"href":"https:\/\/www.digitalschoolsawards.eu\/lt\/wp-json\/wp\/v2\/users\/1"}],"replies":[{"embeddable":true,"href":"https:\/\/www.digitalschoolsawards.eu\/lt\/wp-json\/wp\/v2\/comments?post=14064"}],"version-history":[{"count":2,"href":"https:\/\/www.digitalschoolsawards.eu\/lt\/wp-json\/wp\/v2\/pages\/14064\/revisions"}],"predecessor-version":[{"id":15999,"href":"https:\/\/www.digitalschoolsawards.eu\/lt\/wp-json\/wp\/v2\/pages\/14064\/revisions\/15999"}],"wp:attachment":[{"href":"https:\/\/www.digitalschoolsawards.eu\/lt\/wp-json\/wp\/v2\/media?parent=14064"}],"curies":[{"name":"wp","href":"https:\/\/api.w.org\/{rel}","templated":true}]}}