{"id":14062,"date":"2020-07-20T13:31:29","date_gmt":"2020-07-20T13:31:29","guid":{"rendered":"https:\/\/www.digitalschoolsawards.eu\/svetaines-schema\/"},"modified":"2022-12-13T21:48:27","modified_gmt":"2022-12-13T21:48:27","slug":"svetaines-schema","status":"publish","type":"page","link":"https:\/\/www.digitalschoolsawards.eu\/lt\/svetaines-schema\/","title":{"rendered":"Svetain\u0117s schema"},"content":{"rendered":"\t\t<div data-elementor-type=\"wp-page\" data-elementor-id=\"14062\" class=\"elementor elementor-14062 elementor-87\" data-elementor-post-type=\"page\">\n\t\t\t\t\t\t<section class=\"elementor-section elementor-top-section elementor-element elementor-element-461dd979 elementor-section-boxed elementor-section-height-default elementor-section-height-default\" data-id=\"461dd979\" data-element_type=\"section\" data-e-type=\"section\" id=\"legalcontent\" data-settings=\"{&quot;background_background&quot;:&quot;classic&quot;}\">\n\t\t\t\t\t\t<div class=\"elementor-container elementor-column-gap-default\">\n\t\t\t\t\t<div class=\"elementor-column elementor-col-100 elementor-top-column elementor-element elementor-element-40b8690\" data-id=\"40b8690\" data-element_type=\"column\" data-e-type=\"column\">\n\t\t\t<div class=\"elementor-widget-wrap elementor-element-populated\">\n\t\t\t\t\t\t<div class=\"elementor-element elementor-element-7240bc1 elementor-widget elementor-widget-heading\" data-id=\"7240bc1\" data-element_type=\"widget\" data-e-type=\"widget\" data-widget_type=\"heading.default\">\n\t\t\t\t<div class=\"elementor-widget-container\">\n\t\t\t\t\t<h1 class=\"elementor-heading-title elementor-size-default\">Svetain\u0117s schema<\/h1>\t\t\t\t<\/div>\n\t\t\t\t<\/div>\n\t\t\t\t\t<\/div>\n\t\t<\/div>\n\t\t\t\t\t<\/div>\n\t\t<\/section>\n\t\t\t\t<section class=\"elementor-section elementor-top-section elementor-element elementor-element-a041373 elementor-section-boxed elementor-section-height-default elementor-section-height-default\" data-id=\"a041373\" data-element_type=\"section\" data-e-type=\"section\" data-settings=\"{&quot;background_background&quot;:&quot;classic&quot;}\">\n\t\t\t\t\t\t<div class=\"elementor-container elementor-column-gap-default\">\n\t\t\t\t\t<div class=\"elementor-column elementor-col-100 elementor-top-column elementor-element elementor-element-21f13a5\" data-id=\"21f13a5\" data-element_type=\"column\" data-e-type=\"column\">\n\t\t\t<div class=\"elementor-widget-wrap elementor-element-populated\">\n\t\t\t\t\t\t<div class=\"elementor-element elementor-element-2bf076d elementor-widget elementor-widget-shortcode\" data-id=\"2bf076d\" data-element_type=\"widget\" data-e-type=\"widget\" id=\"customsitemap\" data-widget_type=\"shortcode.default\">\n\t\t\t\t<div class=\"elementor-widget-container\">\n\t\t\t\t\t\t\t<div class=\"elementor-shortcode\"><div class=\"wsp-container\"><h2 class=\"wsp-pages-title\">Pages<\/h2>\n<ul class=\"wsp-pages-list\">\n<li class=\"page_item page-item-14008\"><a href=\"https:\/\/www.digitalschoolsawards.eu\/lt\/apie-mus\/\">Apie mus<\/a><\/li>\n<li class=\"page_item page-item-14030\"><a href=\"https:\/\/www.digitalschoolsawards.eu\/lt\/collaboration-and-networking\/\">Bendradarbiavimas ir tinkl\u0173 k\u016brimas<\/a><\/li>\n<li class=\"page_item page-item-14040\"><a href=\"https:\/\/www.digitalschoolsawards.eu\/lt\/dazniausiai-uzduodami-klausimai\/\">Da\u017eniausiai u\u017eduodami klausimai<\/a><\/li>\n<li class=\"page_item page-item-14038\"><a href=\"https:\/\/www.digitalschoolsawards.eu\/lt\/download-badge\/\">Download Badge<\/a><\/li>\n<li class=\"page_item page-item-14042\"><a href=\"https:\/\/www.digitalschoolsawards.eu\/lt\/gallery\/\">Gallery<\/a><\/li>\n<li class=\"page_item page-item-14046\"><a href=\"https:\/\/www.digitalschoolsawards.eu\/lt\/infrastructure-and-equipment\/\">Infrastrukt\u016bra ir \u012franga<\/a><\/li>\n<li class=\"page_item page-item-15956\"><a href=\"https:\/\/www.digitalschoolsawards.eu\/lt\/ivertinimas\/\">\u012evertinimas<\/a><\/li>\n<li class=\"page_item page-item-14054\"><a href=\"https:\/\/www.digitalschoolsawards.eu\/lt\/mentor\/\">Mentor\u0117<\/a><\/li>\n<li class=\"page_item page-item-14064\"><a href=\"https:\/\/www.digitalschoolsawards.eu\/lt\/student-digital-competence\/\">Mokini\u0173 skaitmenin\u0117s kompetencijos<\/a><\/li>\n<li class=\"page_item page-item-14866\"><a href=\"https:\/\/www.digitalschoolsawards.eu\/lt\/mokyklos\/\">Mokyklos<\/a><\/li>\n<li class=\"page_item page-item-14066\"><a href=\"https:\/\/www.digitalschoolsawards.eu\/lt\/teaching-and-learning\/\">Mokymas ir mokymasis<\/a><\/li>\n<li class=\"page_item page-item-14058\"><a href=\"https:\/\/www.digitalschoolsawards.eu\/lt\/musu-komanda\/\">M\u016bs\u0173 komanda<\/a><\/li>\n<li class=\"page_item page-item-14068\"><a href=\"https:\/\/www.digitalschoolsawards.eu\/lt\/musu-partneriai\/\">M\u016bs\u0173 partneriai<\/a><\/li>\n<li class=\"page_item page-item-14056\"><a href=\"https:\/\/www.digitalschoolsawards.eu\/lt\/naujienos\/\">Naujienos<\/a><\/li>\n<li class=\"page_item page-item-14034\"><a href=\"https:\/\/www.digitalschoolsawards.eu\/lt\/continuing-professional-development\/\">Nuolatinis profesinis tobul\u0117jimas<\/a><\/li>\n<li class=\"page_item page-item-14018\"><a href=\"https:\/\/www.digitalschoolsawards.eu\/lt\/\">Pagrindinis<\/a><\/li>\n<li class=\"page_item page-item-14207\"><a href=\"https:\/\/www.digitalschoolsawards.eu\/lt\/privatumo-taisykles\/\">Privatumo taisykl\u0117s<\/a><\/li>\n<li class=\"page_item page-item-14050 page_item_has_children\"><a href=\"https:\/\/www.digitalschoolsawards.eu\/lt\/raskite-skaitmenines-mokyklas\/\">Raskite skaitmenines mokyklas<\/a>\n<ul class='children'>\n\t<li class=\"page_item page-item-14052\"><a href=\"https:\/\/www.digitalschoolsawards.eu\/lt\/raskite-skaitmenines-mokyklas\/selfie-digital-schools-academy\/\">SELFIE Digital Schools Academy<\/a><\/li>\n<\/ul>\n<\/li>\n<li class=\"page_item page-item-14060\"><a href=\"https:\/\/www.digitalschoolsawards.eu\/lt\/resource\/\">\u0160altiniai<\/a><\/li>\n<li class=\"page_item page-item-15992\"><a href=\"https:\/\/www.digitalschoolsawards.eu\/lt\/selfie-reportazas\/\">SELFIE reporta\u017eas<\/a><\/li>\n<li class=\"page_item page-item-14235\"><a href=\"https:\/\/www.digitalschoolsawards.eu\/lt\/skaitmeniniu-mokyklu-apdovanojimu-europos-bandomosios-programos-svetaines-naudojimosi-salygos\/\">Skaitmenini\u0173 mokykl\u0173 apdovanojim\u0173 Europos bandomosios programos svetain\u0117s naudojimosi s\u0105lygos<\/a><\/li>\n<li class=\"page_item page-item-14036\"><a href=\"https:\/\/www.digitalschoolsawards.eu\/lt\/slapuku-politika\/\">Slapuk\u0173 politika<\/a><\/li>\n<li class=\"page_item page-item-14032\"><a href=\"https:\/\/www.digitalschoolsawards.eu\/lt\/susisiekite-su-mumis\/\">Susisiekite su mumis<\/a><\/li>\n<li class=\"page_item page-item-14062\"><a href=\"https:\/\/www.digitalschoolsawards.eu\/lt\/svetaines-schema\/\">Svetain\u0117s schema<\/a><\/li>\n<li class=\"page_item page-item-14012\"><a href=\"https:\/\/www.digitalschoolsawards.eu\/lt\/tapkite-skaitmenine-mokykla\/\">Tapkite skaitmenine mokykla<\/a><\/li>\n<li class=\"page_item page-item-14048\"><a href=\"https:\/\/www.digitalschoolsawards.eu\/lt\/leadership\/\">Vadovavimas<\/a><\/li>\n<li class=\"page_item page-item-16516\"><a href=\"https:\/\/www.digitalschoolsawards.eu\/lt\/belgium\/\">Welcome to Digital Schools Awards Belgium<\/a><\/li>\n<li class=\"page_item page-item-16483\"><a href=\"https:\/\/www.digitalschoolsawards.eu\/lt\/netherlands\/\">Welcome to Digital Schools Awards Netherlands<\/a><\/li>\n<\/ul>\n<\/div><\/div>\n\t\t\t\t\t\t<\/div>\n\t\t\t\t<\/div>\n\t\t\t\t\t<\/div>\n\t\t<\/div>\n\t\t\t\t\t<\/div>\n\t\t<\/section>\n\t\t\t\t<\/div>\n\t\t","protected":false},"excerpt":{"rendered":"<p>Svetain\u0117s schema<\/p>\n","protected":false},"author":1,"featured_media":0,"parent":0,"menu_order":0,"comment_status":"closed","ping_status":"closed","template":"elementor_header_footer","meta":{"_acf_changed":false,"inline_featured_image":false,"footnotes":""},"class_list":["post-14062","page","type-page","status-publish"],"acf":[],"yoast_head":"<!-- This site is optimized with the Yoast SEO plugin v27.5 - https:\/\/yoast.com\/product\/yoast-seo-wordpress\/ -->\n<title>Svetain\u0117s schema - Digital Schools Awards Europe<\/title>\n<meta name=\"robots\" content=\"index, follow, max-snippet:-1, max-image-preview:large, max-video-preview:-1\" \/>\n<link rel=\"canonical\" href=\"https:\/\/www.digitalschoolsawards.eu\/lt\/svetaines-schema\/\" \/>\n<meta property=\"og:locale\" content=\"lt_LT\" \/>\n<meta property=\"og:type\" content=\"article\" \/>\n<meta property=\"og:title\" content=\"Svetain\u0117s schema - Digital Schools Awards Europe\" \/>\n<meta property=\"og:description\" content=\"Svetain\u0117s schema\" \/>\n<meta property=\"og:url\" content=\"https:\/\/www.digitalschoolsawards.eu\/lt\/svetaines-schema\/\" \/>\n<meta property=\"og:site_name\" content=\"Digital Schools Awards Europe\" \/>\n<meta property=\"article:publisher\" content=\"https:\/\/www.facebook.com\/awards4selfie\/\" \/>\n<meta property=\"article:modified_time\" content=\"2022-12-13T21:48:27+00:00\" \/>\n<meta name=\"twitter:card\" content=\"summary_large_image\" \/>\n<meta name=\"twitter:site\" content=\"@awards4selfie\" \/>\n<script type=\"application\/ld+json\" class=\"yoast-schema-graph\">{\"@context\":\"https:\\\/\\\/schema.org\",\"@graph\":[{\"@type\":\"WebPage\",\"@id\":\"https:\\\/\\\/www.digitalschoolsawards.eu\\\/lt\\\/svetaines-schema\\\/\",\"url\":\"https:\\\/\\\/www.digitalschoolsawards.eu\\\/lt\\\/svetaines-schema\\\/\",\"name\":\"Svetain\u0117s schema - Digital Schools Awards Europe\",\"isPartOf\":{\"@id\":\"https:\\\/\\\/www.digitalschoolsawards.eu\\\/#website\"},\"datePublished\":\"2020-07-20T13:31:29+00:00\",\"dateModified\":\"2022-12-13T21:48:27+00:00\",\"breadcrumb\":{\"@id\":\"https:\\\/\\\/www.digitalschoolsawards.eu\\\/lt\\\/svetaines-schema\\\/#breadcrumb\"},\"inLanguage\":\"lt-LT\",\"potentialAction\":[{\"@type\":\"ReadAction\",\"target\":[\"https:\\\/\\\/www.digitalschoolsawards.eu\\\/lt\\\/svetaines-schema\\\/\"]}]},{\"@type\":\"BreadcrumbList\",\"@id\":\"https:\\\/\\\/www.digitalschoolsawards.eu\\\/lt\\\/svetaines-schema\\\/#breadcrumb\",\"itemListElement\":[{\"@type\":\"ListItem\",\"position\":1,\"name\":\"Home\",\"item\":\"https:\\\/\\\/www.digitalschoolsawards.eu\\\/lt\\\/pagrindinis\\\/\"},{\"@type\":\"ListItem\",\"position\":2,\"name\":\"Svetain\u0117s schema\"}]},{\"@type\":\"WebSite\",\"@id\":\"https:\\\/\\\/www.digitalschoolsawards.eu\\\/#website\",\"url\":\"https:\\\/\\\/www.digitalschoolsawards.eu\\\/\",\"name\":\"Digital Schools Awards Europe\",\"description\":\"Building the Community of Digital Schools in Europe\",\"publisher\":{\"@id\":\"https:\\\/\\\/www.digitalschoolsawards.eu\\\/#organization\"},\"potentialAction\":[{\"@type\":\"SearchAction\",\"target\":{\"@type\":\"EntryPoint\",\"urlTemplate\":\"https:\\\/\\\/www.digitalschoolsawards.eu\\\/?s={search_term_string}\"},\"query-input\":{\"@type\":\"PropertyValueSpecification\",\"valueRequired\":true,\"valueName\":\"search_term_string\"}}],\"inLanguage\":\"lt-LT\"},{\"@type\":\"Organization\",\"@id\":\"https:\\\/\\\/www.digitalschoolsawards.eu\\\/#organization\",\"name\":\"Digital Schools Awards Europe\",\"url\":\"https:\\\/\\\/www.digitalschoolsawards.eu\\\/\",\"logo\":{\"@type\":\"ImageObject\",\"inLanguage\":\"lt-LT\",\"@id\":\"https:\\\/\\\/www.digitalschoolsawards.eu\\\/#\\\/schema\\\/logo\\\/image\\\/\",\"url\":\"https:\\\/\\\/www.digitalschoolsawards.eu\\\/wp-content\\\/uploads\\\/2020\\\/07\\\/headr-logo.png\",\"contentUrl\":\"https:\\\/\\\/www.digitalschoolsawards.eu\\\/wp-content\\\/uploads\\\/2020\\\/07\\\/headr-logo.png\",\"width\":277,\"height\":51,\"caption\":\"Digital Schools Awards Europe\"},\"image\":{\"@id\":\"https:\\\/\\\/www.digitalschoolsawards.eu\\\/#\\\/schema\\\/logo\\\/image\\\/\"},\"sameAs\":[\"https:\\\/\\\/www.facebook.com\\\/awards4selfie\\\/\",\"https:\\\/\\\/x.com\\\/awards4selfie\",\"https:\\\/\\\/www.instagram.com\\\/awards4selfie\\\/\"]}]}<\/script>\n<!-- \/ Yoast SEO plugin. -->","yoast_head_json":{"title":"Svetain\u0117s schema - Digital Schools Awards Europe","robots":{"index":"index","follow":"follow","max-snippet":"max-snippet:-1","max-image-preview":"max-image-preview:large","max-video-preview":"max-video-preview:-1"},"canonical":"https:\/\/www.digitalschoolsawards.eu\/lt\/svetaines-schema\/","og_locale":"lt_LT","og_type":"article","og_title":"Svetain\u0117s schema - Digital Schools Awards Europe","og_description":"Svetain\u0117s schema","og_url":"https:\/\/www.digitalschoolsawards.eu\/lt\/svetaines-schema\/","og_site_name":"Digital Schools Awards Europe","article_publisher":"https:\/\/www.facebook.com\/awards4selfie\/","article_modified_time":"2022-12-13T21:48:27+00:00","twitter_card":"summary_large_image","twitter_site":"@awards4selfie","schema":{"@context":"https:\/\/schema.org","@graph":[{"@type":"WebPage","@id":"https:\/\/www.digitalschoolsawards.eu\/lt\/svetaines-schema\/","url":"https:\/\/www.digitalschoolsawards.eu\/lt\/svetaines-schema\/","name":"Svetain\u0117s schema - Digital Schools Awards Europe","isPartOf":{"@id":"https:\/\/www.digitalschoolsawards.eu\/#website"},"datePublished":"2020-07-20T13:31:29+00:00","dateModified":"2022-12-13T21:48:27+00:00","breadcrumb":{"@id":"https:\/\/www.digitalschoolsawards.eu\/lt\/svetaines-schema\/#breadcrumb"},"inLanguage":"lt-LT","potentialAction":[{"@type":"ReadAction","target":["https:\/\/www.digitalschoolsawards.eu\/lt\/svetaines-schema\/"]}]},{"@type":"BreadcrumbList","@id":"https:\/\/www.digitalschoolsawards.eu\/lt\/svetaines-schema\/#breadcrumb","itemListElement":[{"@type":"ListItem","position":1,"name":"Home","item":"https:\/\/www.digitalschoolsawards.eu\/lt\/pagrindinis\/"},{"@type":"ListItem","position":2,"name":"Svetain\u0117s schema"}]},{"@type":"WebSite","@id":"https:\/\/www.digitalschoolsawards.eu\/#website","url":"https:\/\/www.digitalschoolsawards.eu\/","name":"Digital Schools Awards Europe","description":"Building the Community of Digital Schools in Europe","publisher":{"@id":"https:\/\/www.digitalschoolsawards.eu\/#organization"},"potentialAction":[{"@type":"SearchAction","target":{"@type":"EntryPoint","urlTemplate":"https:\/\/www.digitalschoolsawards.eu\/?s={search_term_string}"},"query-input":{"@type":"PropertyValueSpecification","valueRequired":true,"valueName":"search_term_string"}}],"inLanguage":"lt-LT"},{"@type":"Organization","@id":"https:\/\/www.digitalschoolsawards.eu\/#organization","name":"Digital Schools Awards Europe","url":"https:\/\/www.digitalschoolsawards.eu\/","logo":{"@type":"ImageObject","inLanguage":"lt-LT","@id":"https:\/\/www.digitalschoolsawards.eu\/#\/schema\/logo\/image\/","url":"https:\/\/www.digitalschoolsawards.eu\/wp-content\/uploads\/2020\/07\/headr-logo.png","contentUrl":"https:\/\/www.digitalschoolsawards.eu\/wp-content\/uploads\/2020\/07\/headr-logo.png","width":277,"height":51,"caption":"Digital Schools Awards Europe"},"image":{"@id":"https:\/\/www.digitalschoolsawards.eu\/#\/schema\/logo\/image\/"},"sameAs":["https:\/\/www.facebook.com\/awards4selfie\/","https:\/\/x.com\/awards4selfie","https:\/\/www.instagram.com\/awards4selfie\/"]}]}},"_links":{"self":[{"href":"https:\/\/www.digitalschoolsawards.eu\/lt\/wp-json\/wp\/v2\/pages\/14062","targetHints":{"allow":["GET"]}}],"collection":[{"href":"https:\/\/www.digitalschoolsawards.eu\/lt\/wp-json\/wp\/v2\/pages"}],"about":[{"href":"https:\/\/www.digitalschoolsawards.eu\/lt\/wp-json\/wp\/v2\/types\/page"}],"author":[{"embeddable":true,"href":"https:\/\/www.digitalschoolsawards.eu\/lt\/wp-json\/wp\/v2\/users\/1"}],"replies":[{"embeddable":true,"href":"https:\/\/www.digitalschoolsawards.eu\/lt\/wp-json\/wp\/v2\/comments?post=14062"}],"version-history":[{"count":0,"href":"https:\/\/www.digitalschoolsawards.eu\/lt\/wp-json\/wp\/v2\/pages\/14062\/revisions"}],"wp:attachment":[{"href":"https:\/\/www.digitalschoolsawards.eu\/lt\/wp-json\/wp\/v2\/media?parent=14062"}],"curies":[{"name":"wp","href":"https:\/\/api.w.org\/{rel}","templated":true}]}}