{"id":14054,"date":"2021-09-07T06:07:40","date_gmt":"2021-09-07T06:07:40","guid":{"rendered":"https:\/\/www.digitalschoolsawards.eu\/mentor\/"},"modified":"2023-01-23T18:31:09","modified_gmt":"2023-01-23T18:31:09","slug":"mentor","status":"publish","type":"page","link":"https:\/\/www.digitalschoolsawards.eu\/lt\/mentor\/","title":{"rendered":"Mentor\u0117"},"content":{"rendered":"\t\t<div data-elementor-type=\"wp-page\" data-elementor-id=\"14054\" class=\"elementor elementor-14054 elementor-7740\" data-elementor-post-type=\"page\">\n\t\t\t\t\t\t<section class=\"elementor-section elementor-top-section elementor-element elementor-element-7c68966d elementor-section-boxed elementor-section-height-default elementor-section-height-default\" data-id=\"7c68966d\" data-element_type=\"section\" data-e-type=\"section\" id=\"innerhero\" data-settings=\"{&quot;background_background&quot;:&quot;classic&quot;}\">\n\t\t\t\t\t\t\t<div class=\"elementor-background-overlay\"><\/div>\n\t\t\t\t\t\t\t<div class=\"elementor-container elementor-column-gap-default\">\n\t\t\t\t\t<div class=\"elementor-column elementor-col-100 elementor-top-column elementor-element elementor-element-4252dbd4\" data-id=\"4252dbd4\" data-element_type=\"column\" data-e-type=\"column\">\n\t\t\t<div class=\"elementor-widget-wrap elementor-element-populated\">\n\t\t\t\t\t\t<section class=\"elementor-section elementor-inner-section elementor-element elementor-element-470fc112 elementor-section-full_width elementor-section-content-middle elementor-section-height-default elementor-section-height-default\" data-id=\"470fc112\" data-element_type=\"section\" data-e-type=\"section\">\n\t\t\t\t\t\t<div class=\"elementor-container elementor-column-gap-default\">\n\t\t\t\t\t<div class=\"elementor-column elementor-col-50 elementor-inner-column elementor-element elementor-element-3a4d8314\" data-id=\"3a4d8314\" data-element_type=\"column\" data-e-type=\"column\">\n\t\t\t<div class=\"elementor-widget-wrap elementor-element-populated\">\n\t\t\t\t\t\t<div class=\"elementor-element elementor-element-7398f08f elementor-widget elementor-widget-image\" data-id=\"7398f08f\" data-element_type=\"widget\" data-e-type=\"widget\" data-widget_type=\"image.default\">\n\t\t\t\t<div class=\"elementor-widget-container\">\n\t\t\t\t\t\t\t\t\t\t\t\t\t\t\t<img decoding=\"async\" width=\"200\" height=\"200\" src=\"https:\/\/www.digitalschoolsawards.eu\/wp-content\/uploads\/2023\/01\/Asset-10.png\" class=\"attachment-large size-large wp-image-15933\" alt=\"\" srcset=\"https:\/\/www.digitalschoolsawards.eu\/wp-content\/uploads\/2023\/01\/Asset-10.png 200w, https:\/\/www.digitalschoolsawards.eu\/wp-content\/uploads\/2023\/01\/Asset-10-150x150.png 150w\" sizes=\"(max-width: 200px) 100vw, 200px\" \/>\t\t\t\t\t\t\t\t\t\t\t\t\t\t\t<\/div>\n\t\t\t\t<\/div>\n\t\t\t\t\t<\/div>\n\t\t<\/div>\n\t\t\t\t<div class=\"elementor-column elementor-col-50 elementor-inner-column elementor-element elementor-element-788cfcf1\" data-id=\"788cfcf1\" data-element_type=\"column\" data-e-type=\"column\">\n\t\t\t<div class=\"elementor-widget-wrap elementor-element-populated\">\n\t\t\t\t\t\t<div class=\"elementor-element elementor-element-2e9407a0 elementor-widget elementor-widget-heading\" data-id=\"2e9407a0\" data-element_type=\"widget\" data-e-type=\"widget\" data-widget_type=\"heading.default\">\n\t\t\t\t<div class=\"elementor-widget-container\">\n\t\t\t\t\t<h1 class=\"elementor-heading-title elementor-size-default\">Mentor\u0117<\/h1>\t\t\t\t<\/div>\n\t\t\t\t<\/div>\n\t\t\t\t\t<\/div>\n\t\t<\/div>\n\t\t\t\t\t<\/div>\n\t\t<\/section>\n\t\t\t\t\t<\/div>\n\t\t<\/div>\n\t\t\t\t\t<\/div>\n\t\t<\/section>\n\t\t\t\t<section class=\"elementor-section elementor-top-section elementor-element elementor-element-58b9bdbf elementor-section-boxed elementor-section-height-default elementor-section-height-default\" data-id=\"58b9bdbf\" data-element_type=\"section\" data-e-type=\"section\" id=\"partnershome\" data-settings=\"{&quot;background_background&quot;:&quot;classic&quot;}\">\n\t\t\t\t\t\t<div class=\"elementor-container elementor-column-gap-default\">\n\t\t\t\t\t<div class=\"elementor-column elementor-col-100 elementor-top-column elementor-element elementor-element-21f52093\" data-id=\"21f52093\" data-element_type=\"column\" data-e-type=\"column\">\n\t\t\t<div class=\"elementor-widget-wrap elementor-element-populated\">\n\t\t\t\t\t\t<section class=\"elementor-section elementor-inner-section elementor-element elementor-element-5b1e9cf4 elementor-section-boxed elementor-section-height-default elementor-section-height-default\" data-id=\"5b1e9cf4\" data-element_type=\"section\" data-e-type=\"section\">\n\t\t\t\t\t\t<div class=\"elementor-container elementor-column-gap-default\">\n\t\t\t\t\t<div class=\"elementor-column elementor-col-100 elementor-inner-column elementor-element elementor-element-20f7b2e0\" data-id=\"20f7b2e0\" data-element_type=\"column\" data-e-type=\"column\">\n\t\t\t<div class=\"elementor-widget-wrap elementor-element-populated\">\n\t\t\t\t\t\t<div class=\"elementor-element elementor-element-2e58abd0 elementor-widget elementor-widget-heading\" data-id=\"2e58abd0\" data-element_type=\"widget\" data-e-type=\"widget\" data-widget_type=\"heading.default\">\n\t\t\t\t<div class=\"elementor-widget-container\">\n\t\t\t\t\t<h3 class=\"elementor-heading-title elementor-size-default\">apib\u016bdinimas<\/h3>\t\t\t\t<\/div>\n\t\t\t\t<\/div>\n\t\t\t\t<div class=\"elementor-element elementor-element-6f238162 elementor-widget elementor-widget-text-editor\" data-id=\"6f238162\" data-element_type=\"widget\" data-e-type=\"widget\" data-widget_type=\"text-editor.default\">\n\t\t\t\t<div class=\"elementor-widget-container\">\n\t\t\t\t\t\t\t\t\t<p>Mokykla pripa\u017e\u012fstama skaitmeniniu po\u017ei\u016briu brand\u017eia mokykla pagal DSA ar kitas apdovanojim\u0173 programas. Ji naudojo socialin\u0117s \u012ftraukties kriterijus, kad nustatyt\u0173 bent dvi mokyklas partneres ir prad\u0117jo dalytis savo \u017einiomis, remdamasi globojam\u0173 mokykl\u0173 poreikiais (i\u0161 dalies arba visi\u0161kai nustatyta kiekvienos mokyklos SELFIE veiksm\u0173 plane). Dalijimasis yra interaktyvus ir abipusis su abipusiais apsilankymais internetu ir svetain\u0117se, siekiant paremti paramos priemoni\u0173 \u012fgyvendinim\u0105 klas\u0117je.<\/p>\n\t\t\t\t\t\t\t\t<\/div>\n\t\t\t\t<\/div>\n\t\t\t\t\t<\/div>\n\t\t<\/div>\n\t\t\t\t\t<\/div>\n\t\t<\/section>\n\t\t\t\t\t<\/div>\n\t\t<\/div>\n\t\t\t\t\t<\/div>\n\t\t<\/section>\n\t\t\t\t<\/div>\n\t\t","protected":false},"excerpt":{"rendered":"<p>Mentor\u0117 apib\u016bdinimas Mokykla pripa\u017e\u012fstama skaitmeniniu po\u017ei\u016briu brand\u017eia mokykla pagal DSA ar kitas apdovanojim\u0173 programas. Ji naudojo socialin\u0117s \u012ftraukties kriterijus, kad nustatyt\u0173 bent dvi mokyklas partneres ir prad\u0117jo dalytis savo \u017einiomis, remdamasi globojam\u0173 mokykl\u0173 poreikiais (i\u0161 dalies arba visi\u0161kai nustatyta kiekvienos mokyklos SELFIE veiksm\u0173 plane). Dalijimasis yra interaktyvus ir abipusis su abipusiais apsilankymais internetu ir svetain\u0117se, &#8230; <a title=\"Mentor\u0117\" class=\"read-more\" href=\"https:\/\/www.digitalschoolsawards.eu\/lt\/mentor\/\" aria-label=\"Read more about Mentor\u0117\">Skaityti toliau<\/a><\/p>\n","protected":false},"author":1,"featured_media":0,"parent":0,"menu_order":0,"comment_status":"closed","ping_status":"closed","template":"elementor_header_footer","meta":{"_acf_changed":false,"inline_featured_image":false,"footnotes":""},"class_list":["post-14054","page","type-page","status-publish"],"acf":[],"yoast_head":"<!-- This site is optimized with the Yoast SEO plugin v27.6 - https:\/\/yoast.com\/product\/yoast-seo-wordpress\/ -->\n<title>Mentor\u0117 - Digital Schools Awards Europe<\/title>\n<meta name=\"robots\" content=\"index, follow, max-snippet:-1, max-image-preview:large, max-video-preview:-1\" \/>\n<link rel=\"canonical\" href=\"https:\/\/www.digitalschoolsawards.eu\/lt\/mentor\/\" \/>\n<meta property=\"og:locale\" content=\"lt_LT\" \/>\n<meta property=\"og:type\" content=\"article\" \/>\n<meta property=\"og:title\" content=\"Mentor\u0117 - Digital Schools Awards Europe\" \/>\n<meta property=\"og:description\" content=\"Mentor\u0117 apib\u016bdinimas Mokykla pripa\u017e\u012fstama skaitmeniniu po\u017ei\u016briu brand\u017eia mokykla pagal DSA ar kitas apdovanojim\u0173 programas. Ji naudojo socialin\u0117s \u012ftraukties kriterijus, kad nustatyt\u0173 bent dvi mokyklas partneres ir prad\u0117jo dalytis savo \u017einiomis, remdamasi globojam\u0173 mokykl\u0173 poreikiais (i\u0161 dalies arba visi\u0161kai nustatyta kiekvienos mokyklos SELFIE veiksm\u0173 plane). Dalijimasis yra interaktyvus ir abipusis su abipusiais apsilankymais internetu ir svetain\u0117se, ... Skaityti toliau\" \/>\n<meta property=\"og:url\" content=\"https:\/\/www.digitalschoolsawards.eu\/lt\/mentor\/\" \/>\n<meta property=\"og:site_name\" content=\"Digital Schools Awards Europe\" \/>\n<meta property=\"article:publisher\" content=\"https:\/\/www.facebook.com\/awards4selfie\/\" \/>\n<meta property=\"article:modified_time\" content=\"2023-01-23T18:31:09+00:00\" \/>\n<meta property=\"og:image\" content=\"https:\/\/www.digitalschoolsawards.eu\/wp-content\/uploads\/2023\/01\/Asset-10.png\" \/>\n<meta name=\"twitter:card\" content=\"summary_large_image\" \/>\n<meta name=\"twitter:site\" content=\"@awards4selfie\" \/>\n<script type=\"application\/ld+json\" class=\"yoast-schema-graph\">{\"@context\":\"https:\\\/\\\/schema.org\",\"@graph\":[{\"@type\":\"WebPage\",\"@id\":\"https:\\\/\\\/www.digitalschoolsawards.eu\\\/lt\\\/mentor\\\/\",\"url\":\"https:\\\/\\\/www.digitalschoolsawards.eu\\\/lt\\\/mentor\\\/\",\"name\":\"Mentor\u0117 - Digital Schools Awards Europe\",\"isPartOf\":{\"@id\":\"https:\\\/\\\/www.digitalschoolsawards.eu\\\/#website\"},\"primaryImageOfPage\":{\"@id\":\"https:\\\/\\\/www.digitalschoolsawards.eu\\\/lt\\\/mentor\\\/#primaryimage\"},\"image\":{\"@id\":\"https:\\\/\\\/www.digitalschoolsawards.eu\\\/lt\\\/mentor\\\/#primaryimage\"},\"thumbnailUrl\":\"https:\\\/\\\/www.digitalschoolsawards.eu\\\/wp-content\\\/uploads\\\/2023\\\/01\\\/Asset-10.png\",\"datePublished\":\"2021-09-07T06:07:40+00:00\",\"dateModified\":\"2023-01-23T18:31:09+00:00\",\"breadcrumb\":{\"@id\":\"https:\\\/\\\/www.digitalschoolsawards.eu\\\/lt\\\/mentor\\\/#breadcrumb\"},\"inLanguage\":\"lt-LT\",\"potentialAction\":[{\"@type\":\"ReadAction\",\"target\":[\"https:\\\/\\\/www.digitalschoolsawards.eu\\\/lt\\\/mentor\\\/\"]}]},{\"@type\":\"ImageObject\",\"inLanguage\":\"lt-LT\",\"@id\":\"https:\\\/\\\/www.digitalschoolsawards.eu\\\/lt\\\/mentor\\\/#primaryimage\",\"url\":\"https:\\\/\\\/www.digitalschoolsawards.eu\\\/wp-content\\\/uploads\\\/2023\\\/01\\\/Asset-10.png\",\"contentUrl\":\"https:\\\/\\\/www.digitalschoolsawards.eu\\\/wp-content\\\/uploads\\\/2023\\\/01\\\/Asset-10.png\"},{\"@type\":\"BreadcrumbList\",\"@id\":\"https:\\\/\\\/www.digitalschoolsawards.eu\\\/lt\\\/mentor\\\/#breadcrumb\",\"itemListElement\":[{\"@type\":\"ListItem\",\"position\":1,\"name\":\"Home\",\"item\":\"https:\\\/\\\/www.digitalschoolsawards.eu\\\/lt\\\/pagrindinis\\\/\"},{\"@type\":\"ListItem\",\"position\":2,\"name\":\"Mentor\u0117\"}]},{\"@type\":\"WebSite\",\"@id\":\"https:\\\/\\\/www.digitalschoolsawards.eu\\\/#website\",\"url\":\"https:\\\/\\\/www.digitalschoolsawards.eu\\\/\",\"name\":\"Digital Schools Awards Europe\",\"description\":\"Building the Community of Digital Schools in Europe\",\"publisher\":{\"@id\":\"https:\\\/\\\/www.digitalschoolsawards.eu\\\/#organization\"},\"potentialAction\":[{\"@type\":\"SearchAction\",\"target\":{\"@type\":\"EntryPoint\",\"urlTemplate\":\"https:\\\/\\\/www.digitalschoolsawards.eu\\\/?s={search_term_string}\"},\"query-input\":{\"@type\":\"PropertyValueSpecification\",\"valueRequired\":true,\"valueName\":\"search_term_string\"}}],\"inLanguage\":\"lt-LT\"},{\"@type\":\"Organization\",\"@id\":\"https:\\\/\\\/www.digitalschoolsawards.eu\\\/#organization\",\"name\":\"Digital Schools Awards Europe\",\"url\":\"https:\\\/\\\/www.digitalschoolsawards.eu\\\/\",\"logo\":{\"@type\":\"ImageObject\",\"inLanguage\":\"lt-LT\",\"@id\":\"https:\\\/\\\/www.digitalschoolsawards.eu\\\/#\\\/schema\\\/logo\\\/image\\\/\",\"url\":\"https:\\\/\\\/www.digitalschoolsawards.eu\\\/wp-content\\\/uploads\\\/2020\\\/07\\\/headr-logo.png\",\"contentUrl\":\"https:\\\/\\\/www.digitalschoolsawards.eu\\\/wp-content\\\/uploads\\\/2020\\\/07\\\/headr-logo.png\",\"width\":277,\"height\":51,\"caption\":\"Digital Schools Awards Europe\"},\"image\":{\"@id\":\"https:\\\/\\\/www.digitalschoolsawards.eu\\\/#\\\/schema\\\/logo\\\/image\\\/\"},\"sameAs\":[\"https:\\\/\\\/www.facebook.com\\\/awards4selfie\\\/\",\"https:\\\/\\\/x.com\\\/awards4selfie\",\"https:\\\/\\\/www.instagram.com\\\/awards4selfie\\\/\"]}]}<\/script>\n<!-- \/ Yoast SEO plugin. -->","yoast_head_json":{"title":"Mentor\u0117 - Digital Schools Awards Europe","robots":{"index":"index","follow":"follow","max-snippet":"max-snippet:-1","max-image-preview":"max-image-preview:large","max-video-preview":"max-video-preview:-1"},"canonical":"https:\/\/www.digitalschoolsawards.eu\/lt\/mentor\/","og_locale":"lt_LT","og_type":"article","og_title":"Mentor\u0117 - Digital Schools Awards Europe","og_description":"Mentor\u0117 apib\u016bdinimas Mokykla pripa\u017e\u012fstama skaitmeniniu po\u017ei\u016briu brand\u017eia mokykla pagal DSA ar kitas apdovanojim\u0173 programas. Ji naudojo socialin\u0117s \u012ftraukties kriterijus, kad nustatyt\u0173 bent dvi mokyklas partneres ir prad\u0117jo dalytis savo \u017einiomis, remdamasi globojam\u0173 mokykl\u0173 poreikiais (i\u0161 dalies arba visi\u0161kai nustatyta kiekvienos mokyklos SELFIE veiksm\u0173 plane). Dalijimasis yra interaktyvus ir abipusis su abipusiais apsilankymais internetu ir svetain\u0117se, ... Skaityti toliau","og_url":"https:\/\/www.digitalschoolsawards.eu\/lt\/mentor\/","og_site_name":"Digital Schools Awards Europe","article_publisher":"https:\/\/www.facebook.com\/awards4selfie\/","article_modified_time":"2023-01-23T18:31:09+00:00","og_image":[{"url":"https:\/\/www.digitalschoolsawards.eu\/wp-content\/uploads\/2023\/01\/Asset-10.png","type":"","width":"","height":""}],"twitter_card":"summary_large_image","twitter_site":"@awards4selfie","schema":{"@context":"https:\/\/schema.org","@graph":[{"@type":"WebPage","@id":"https:\/\/www.digitalschoolsawards.eu\/lt\/mentor\/","url":"https:\/\/www.digitalschoolsawards.eu\/lt\/mentor\/","name":"Mentor\u0117 - Digital Schools Awards Europe","isPartOf":{"@id":"https:\/\/www.digitalschoolsawards.eu\/#website"},"primaryImageOfPage":{"@id":"https:\/\/www.digitalschoolsawards.eu\/lt\/mentor\/#primaryimage"},"image":{"@id":"https:\/\/www.digitalschoolsawards.eu\/lt\/mentor\/#primaryimage"},"thumbnailUrl":"https:\/\/www.digitalschoolsawards.eu\/wp-content\/uploads\/2023\/01\/Asset-10.png","datePublished":"2021-09-07T06:07:40+00:00","dateModified":"2023-01-23T18:31:09+00:00","breadcrumb":{"@id":"https:\/\/www.digitalschoolsawards.eu\/lt\/mentor\/#breadcrumb"},"inLanguage":"lt-LT","potentialAction":[{"@type":"ReadAction","target":["https:\/\/www.digitalschoolsawards.eu\/lt\/mentor\/"]}]},{"@type":"ImageObject","inLanguage":"lt-LT","@id":"https:\/\/www.digitalschoolsawards.eu\/lt\/mentor\/#primaryimage","url":"https:\/\/www.digitalschoolsawards.eu\/wp-content\/uploads\/2023\/01\/Asset-10.png","contentUrl":"https:\/\/www.digitalschoolsawards.eu\/wp-content\/uploads\/2023\/01\/Asset-10.png"},{"@type":"BreadcrumbList","@id":"https:\/\/www.digitalschoolsawards.eu\/lt\/mentor\/#breadcrumb","itemListElement":[{"@type":"ListItem","position":1,"name":"Home","item":"https:\/\/www.digitalschoolsawards.eu\/lt\/pagrindinis\/"},{"@type":"ListItem","position":2,"name":"Mentor\u0117"}]},{"@type":"WebSite","@id":"https:\/\/www.digitalschoolsawards.eu\/#website","url":"https:\/\/www.digitalschoolsawards.eu\/","name":"Digital Schools Awards Europe","description":"Building the Community of Digital Schools in Europe","publisher":{"@id":"https:\/\/www.digitalschoolsawards.eu\/#organization"},"potentialAction":[{"@type":"SearchAction","target":{"@type":"EntryPoint","urlTemplate":"https:\/\/www.digitalschoolsawards.eu\/?s={search_term_string}"},"query-input":{"@type":"PropertyValueSpecification","valueRequired":true,"valueName":"search_term_string"}}],"inLanguage":"lt-LT"},{"@type":"Organization","@id":"https:\/\/www.digitalschoolsawards.eu\/#organization","name":"Digital Schools Awards Europe","url":"https:\/\/www.digitalschoolsawards.eu\/","logo":{"@type":"ImageObject","inLanguage":"lt-LT","@id":"https:\/\/www.digitalschoolsawards.eu\/#\/schema\/logo\/image\/","url":"https:\/\/www.digitalschoolsawards.eu\/wp-content\/uploads\/2020\/07\/headr-logo.png","contentUrl":"https:\/\/www.digitalschoolsawards.eu\/wp-content\/uploads\/2020\/07\/headr-logo.png","width":277,"height":51,"caption":"Digital Schools Awards Europe"},"image":{"@id":"https:\/\/www.digitalschoolsawards.eu\/#\/schema\/logo\/image\/"},"sameAs":["https:\/\/www.facebook.com\/awards4selfie\/","https:\/\/x.com\/awards4selfie","https:\/\/www.instagram.com\/awards4selfie\/"]}]}},"_links":{"self":[{"href":"https:\/\/www.digitalschoolsawards.eu\/lt\/wp-json\/wp\/v2\/pages\/14054","targetHints":{"allow":["GET"]}}],"collection":[{"href":"https:\/\/www.digitalschoolsawards.eu\/lt\/wp-json\/wp\/v2\/pages"}],"about":[{"href":"https:\/\/www.digitalschoolsawards.eu\/lt\/wp-json\/wp\/v2\/types\/page"}],"author":[{"embeddable":true,"href":"https:\/\/www.digitalschoolsawards.eu\/lt\/wp-json\/wp\/v2\/users\/1"}],"replies":[{"embeddable":true,"href":"https:\/\/www.digitalschoolsawards.eu\/lt\/wp-json\/wp\/v2\/comments?post=14054"}],"version-history":[{"count":2,"href":"https:\/\/www.digitalschoolsawards.eu\/lt\/wp-json\/wp\/v2\/pages\/14054\/revisions"}],"predecessor-version":[{"id":15987,"href":"https:\/\/www.digitalschoolsawards.eu\/lt\/wp-json\/wp\/v2\/pages\/14054\/revisions\/15987"}],"wp:attachment":[{"href":"https:\/\/www.digitalschoolsawards.eu\/lt\/wp-json\/wp\/v2\/media?parent=14054"}],"curies":[{"name":"wp","href":"https:\/\/api.w.org\/{rel}","templated":true}]}}