{"id":14042,"date":"2020-07-20T09:01:08","date_gmt":"2020-07-20T09:01:08","guid":{"rendered":"https:\/\/www.digitalschoolsawards.eu\/gallery\/"},"modified":"2022-12-13T21:09:45","modified_gmt":"2022-12-13T21:09:45","slug":"gallery","status":"publish","type":"page","link":"https:\/\/www.digitalschoolsawards.eu\/lt\/gallery\/","title":{"rendered":"Gallery"},"content":{"rendered":"\t\t<div data-elementor-type=\"wp-page\" data-elementor-id=\"14042\" class=\"elementor elementor-14042 elementor-29\" data-elementor-post-type=\"page\">\n\t\t\t\t\t\t<section class=\"elementor-section elementor-top-section elementor-element elementor-element-2d6d4cd3 elementor-section-boxed elementor-section-height-default elementor-section-height-default\" data-id=\"2d6d4cd3\" data-element_type=\"section\" data-e-type=\"section\" id=\"innerhero\" data-settings=\"{&quot;background_background&quot;:&quot;classic&quot;}\">\n\t\t\t\t\t\t\t<div class=\"elementor-background-overlay\"><\/div>\n\t\t\t\t\t\t\t<div class=\"elementor-container elementor-column-gap-default\">\n\t\t\t\t\t<div class=\"elementor-column elementor-col-100 elementor-top-column elementor-element elementor-element-5b48a308\" data-id=\"5b48a308\" data-element_type=\"column\" data-e-type=\"column\">\n\t\t\t<div class=\"elementor-widget-wrap elementor-element-populated\">\n\t\t\t\t\t\t<section class=\"elementor-section elementor-inner-section elementor-element elementor-element-7da54eb2 elementor-section-full_width elementor-section-height-default elementor-section-height-default\" data-id=\"7da54eb2\" data-element_type=\"section\" data-e-type=\"section\">\n\t\t\t\t\t\t<div class=\"elementor-container elementor-column-gap-default\">\n\t\t\t\t\t<div class=\"elementor-column elementor-col-50 elementor-inner-column elementor-element elementor-element-7e75896b\" data-id=\"7e75896b\" data-element_type=\"column\" data-e-type=\"column\">\n\t\t\t<div class=\"elementor-widget-wrap elementor-element-populated\">\n\t\t\t\t\t\t<div class=\"elementor-element elementor-element-25656ffe elementor-widget elementor-widget-heading\" data-id=\"25656ffe\" data-element_type=\"widget\" data-e-type=\"widget\" data-widget_type=\"heading.default\">\n\t\t\t\t<div class=\"elementor-widget-container\">\n\t\t\t\t\t<h1 class=\"elementor-heading-title elementor-size-default\">Per\u017ei\u016br\u0117kite m\u016bs\u0173 galerij\u0105<\/h1>\t\t\t\t<\/div>\n\t\t\t\t<\/div>\n\t\t\t\t<div class=\"elementor-element elementor-element-36c1d0c elementor-widget elementor-widget-heading\" data-id=\"36c1d0c\" data-element_type=\"widget\" data-e-type=\"widget\" data-widget_type=\"heading.default\">\n\t\t\t\t<div class=\"elementor-widget-container\">\n\t\t\t\t\t<h4 class=\"elementor-heading-title elementor-size-default\">\nSpustel\u0117kite paveiksl\u0117l\u012f, kad b\u016bt\u0173 rodoma informacija\n<\/h4>\t\t\t\t<\/div>\n\t\t\t\t<\/div>\n\t\t\t\t\t<\/div>\n\t\t<\/div>\n\t\t\t\t<div class=\"elementor-column elementor-col-50 elementor-inner-column elementor-element elementor-element-6ecd175b\" data-id=\"6ecd175b\" data-element_type=\"column\" data-e-type=\"column\">\n\t\t\t<div class=\"elementor-widget-wrap elementor-element-populated\">\n\t\t\t\t\t\t<div class=\"elementor-element elementor-element-e701253 elementor-widget elementor-widget-text-editor\" data-id=\"e701253\" data-element_type=\"widget\" data-e-type=\"widget\" data-widget_type=\"text-editor.default\">\n\t\t\t\t<div class=\"elementor-widget-container\">\n\t\t\t\t\t\t\t\t\t<p>Lorem ipsum dolor sit amet, consectetuer adipiscing elit. Aenean commodo ligula eget dolor. Aenean massa. Cum sociis natoque penatibus et magnis dis parturient montes, nascetur ridiculus mus. Donec quam felis, ultricies nec, pellentesque eu, pretium quis, sem. Nulla consequat massa quis enim.<\/p>\n\t\t\t\t\t\t\t\t<\/div>\n\t\t\t\t<\/div>\n\t\t\t\t\t<\/div>\n\t\t<\/div>\n\t\t\t\t\t<\/div>\n\t\t<\/section>\n\t\t\t\t\t<\/div>\n\t\t<\/div>\n\t\t\t\t\t<\/div>\n\t\t<\/section>\n\t\t\t\t<section class=\"elementor-section elementor-top-section elementor-element elementor-element-28126795 elementor-section-boxed elementor-section-height-default elementor-section-height-default\" data-id=\"28126795\" data-element_type=\"section\" data-e-type=\"section\" data-settings=\"{&quot;background_background&quot;:&quot;classic&quot;}\">\n\t\t\t\t\t\t<div class=\"elementor-container elementor-column-gap-default\">\n\t\t\t\t\t<div class=\"elementor-column elementor-col-100 elementor-top-column elementor-element elementor-element-2abfbb5\" data-id=\"2abfbb5\" data-element_type=\"column\" data-e-type=\"column\">\n\t\t\t<div class=\"elementor-widget-wrap elementor-element-populated\">\n\t\t\t\t\t\t<div class=\"elementor-element elementor-element-2e6d8d0 elementor-widget elementor-widget-image-gallery\" data-id=\"2e6d8d0\" data-element_type=\"widget\" data-e-type=\"widget\" id=\"gallerylist\" data-widget_type=\"image-gallery.default\">\n\t\t\t\t<div class=\"elementor-widget-container\">\n\t\t\t\t\t\t\t<div class=\"elementor-image-gallery\">\n\t\t\t<div id='gallery-1' class='gallery galleryid-14042 gallery-columns-4 gallery-size-full'><figure class='gallery-item'>\n\t\t\t<div class='gallery-icon portrait'>\n\t\t\t\t<a data-elementor-open-lightbox=\"yes\" data-elementor-lightbox-slideshow=\"2e6d8d0\" data-elementor-lightbox-title=\"57Digital-Schoools-launch-2018-1\" data-e-action-hash=\"#elementor-action%3Aaction%3Dlightbox%26settings%3DeyJpZCI6MTMzNDcsInVybCI6Imh0dHBzOlwvXC93d3cuZGlnaXRhbHNjaG9vbHNhd2FyZHMuZXVcL3dwLWNvbnRlbnRcL3VwbG9hZHNcLzIwMjJcLzEyXC81N0RpZ2l0YWwtU2Nob29vbHMtbGF1bmNoLTIwMTgtMS5qcGciLCJzbGlkZXNob3ciOiIyZTZkOGQwIn0%3D\" href='https:\/\/www.digitalschoolsawards.eu\/wp-content\/uploads\/2022\/12\/57Digital-Schoools-launch-2018-1.jpg'><img fetchpriority=\"high\" decoding=\"async\" width=\"360\" height=\"407\" src=\"https:\/\/www.digitalschoolsawards.eu\/wp-content\/uploads\/2022\/12\/57Digital-Schoools-launch-2018-1.jpg\" class=\"attachment-full size-full\" alt=\"\" srcset=\"https:\/\/www.digitalschoolsawards.eu\/wp-content\/uploads\/2022\/12\/57Digital-Schoools-launch-2018-1.jpg 360w, https:\/\/www.digitalschoolsawards.eu\/wp-content\/uploads\/2022\/12\/57Digital-Schoools-launch-2018-1-265x300.jpg 265w\" sizes=\"(max-width: 360px) 100vw, 360px\" \/><\/a>\n\t\t\t<\/div><\/figure><figure class='gallery-item'>\n\t\t\t<div class='gallery-icon landscape'>\n\t\t\t\t<a data-elementor-open-lightbox=\"yes\" data-elementor-lightbox-slideshow=\"2e6d8d0\" data-elementor-lightbox-title=\"61Digital-Schoools-launch-2018-1\" data-e-action-hash=\"#elementor-action%3Aaction%3Dlightbox%26settings%3DeyJpZCI6MTMzNTAsInVybCI6Imh0dHBzOlwvXC93d3cuZGlnaXRhbHNjaG9vbHNhd2FyZHMuZXVcL3dwLWNvbnRlbnRcL3VwbG9hZHNcLzIwMjJcLzEyXC82MURpZ2l0YWwtU2Nob29vbHMtbGF1bmNoLTIwMTgtMS5qcGciLCJzbGlkZXNob3ciOiIyZTZkOGQwIn0%3D\" href='https:\/\/www.digitalschoolsawards.eu\/wp-content\/uploads\/2022\/12\/61Digital-Schoools-launch-2018-1.jpg'><img decoding=\"async\" width=\"352\" height=\"268\" src=\"https:\/\/www.digitalschoolsawards.eu\/wp-content\/uploads\/2022\/12\/61Digital-Schoools-launch-2018-1.jpg\" class=\"attachment-full size-full\" alt=\"\" srcset=\"https:\/\/www.digitalschoolsawards.eu\/wp-content\/uploads\/2022\/12\/61Digital-Schoools-launch-2018-1.jpg 352w, https:\/\/www.digitalschoolsawards.eu\/wp-content\/uploads\/2022\/12\/61Digital-Schoools-launch-2018-1-300x228.jpg 300w\" sizes=\"(max-width: 352px) 100vw, 352px\" \/><\/a>\n\t\t\t<\/div><\/figure><figure class='gallery-item'>\n\t\t\t<div class='gallery-icon portrait'>\n\t\t\t\t<a data-elementor-open-lightbox=\"yes\" data-elementor-lightbox-slideshow=\"2e6d8d0\" data-elementor-lightbox-title=\"CR-IS-launch-2-1\" data-e-action-hash=\"#elementor-action%3Aaction%3Dlightbox%26settings%3DeyJpZCI6MTMzNTMsInVybCI6Imh0dHBzOlwvXC93d3cuZGlnaXRhbHNjaG9vbHNhd2FyZHMuZXVcL3dwLWNvbnRlbnRcL3VwbG9hZHNcLzIwMjJcLzEyXC9DUi1JUy1sYXVuY2gtMi0xLmpwZyIsInNsaWRlc2hvdyI6IjJlNmQ4ZDAifQ%3D%3D\" href='https:\/\/www.digitalschoolsawards.eu\/wp-content\/uploads\/2022\/12\/CR-IS-launch-2-1.jpg'><img decoding=\"async\" width=\"360\" height=\"407\" src=\"https:\/\/www.digitalschoolsawards.eu\/wp-content\/uploads\/2022\/12\/CR-IS-launch-2-1.jpg\" class=\"attachment-full size-full\" alt=\"\" srcset=\"https:\/\/www.digitalschoolsawards.eu\/wp-content\/uploads\/2022\/12\/CR-IS-launch-2-1.jpg 360w, https:\/\/www.digitalschoolsawards.eu\/wp-content\/uploads\/2022\/12\/CR-IS-launch-2-1-265x300.jpg 265w\" sizes=\"(max-width: 360px) 100vw, 360px\" \/><\/a>\n\t\t\t<\/div><\/figure><figure class='gallery-item'>\n\t\t\t<div class='gallery-icon landscape'>\n\t\t\t\t<a data-elementor-open-lightbox=\"yes\" data-elementor-lightbox-slideshow=\"2e6d8d0\" data-elementor-lightbox-title=\"Digital-School-MFG-152_1-1\" data-e-action-hash=\"#elementor-action%3Aaction%3Dlightbox%26settings%3DeyJpZCI6MTMzNTYsInVybCI6Imh0dHBzOlwvXC93d3cuZGlnaXRhbHNjaG9vbHNhd2FyZHMuZXVcL3dwLWNvbnRlbnRcL3VwbG9hZHNcLzIwMjJcLzEyXC9EaWdpdGFsLVNjaG9vbC1NRkctMTUyXzEtMS5qcGciLCJzbGlkZXNob3ciOiIyZTZkOGQwIn0%3D\" href='https:\/\/www.digitalschoolsawards.eu\/wp-content\/uploads\/2022\/12\/Digital-School-MFG-152_1-1.jpg'><img loading=\"lazy\" decoding=\"async\" width=\"360\" height=\"268\" src=\"https:\/\/www.digitalschoolsawards.eu\/wp-content\/uploads\/2022\/12\/Digital-School-MFG-152_1-1.jpg\" class=\"attachment-full size-full\" alt=\"\" srcset=\"https:\/\/www.digitalschoolsawards.eu\/wp-content\/uploads\/2022\/12\/Digital-School-MFG-152_1-1.jpg 360w, https:\/\/www.digitalschoolsawards.eu\/wp-content\/uploads\/2022\/12\/Digital-School-MFG-152_1-1-300x223.jpg 300w\" sizes=\"(max-width: 360px) 100vw, 360px\" \/><\/a>\n\t\t\t<\/div><\/figure>\n\t\t<\/div>\n\t\t<\/div>\n\t\t\t\t\t\t<\/div>\n\t\t\t\t<\/div>\n\t\t\t\t\t<\/div>\n\t\t<\/div>\n\t\t\t\t\t<\/div>\n\t\t<\/section>\n\t\t\t\t<\/div>\n\t\t","protected":false},"excerpt":{"rendered":"<p>Per\u017ei\u016br\u0117kite m\u016bs\u0173 galerij\u0105 Spustel\u0117kite paveiksl\u0117l\u012f, kad b\u016bt\u0173 rodoma informacija Lorem ipsum dolor sit amet, consectetuer adipiscing elit. Aenean commodo ligula eget dolor. Aenean massa. Cum sociis natoque penatibus et magnis dis parturient montes, nascetur ridiculus mus. Donec quam felis, ultricies nec, pellentesque eu, pretium quis, sem. Nulla consequat massa quis enim.<\/p>\n","protected":false},"author":1,"featured_media":0,"parent":0,"menu_order":0,"comment_status":"closed","ping_status":"closed","template":"elementor_header_footer","meta":{"_acf_changed":false,"inline_featured_image":false,"footnotes":""},"class_list":["post-14042","page","type-page","status-publish"],"acf":[],"yoast_head":"<!-- This site is optimized with the Yoast SEO plugin v27.6 - https:\/\/yoast.com\/product\/yoast-seo-wordpress\/ -->\n<title>Digital Schools Awards Photo Gallery | Build Digital Schools in Europe<\/title>\n<meta name=\"description\" content=\"Digital Schools Awards European Pilot Programme Photo Gallery. Check out our photo galleries featuring notable events and awards from our participants &amp; partners\" \/>\n<meta name=\"robots\" content=\"index, follow, max-snippet:-1, max-image-preview:large, max-video-preview:-1\" \/>\n<link rel=\"canonical\" href=\"https:\/\/www.digitalschoolsawards.eu\/lt\/gallery\/\" \/>\n<meta property=\"og:locale\" content=\"lt_LT\" \/>\n<meta property=\"og:type\" content=\"article\" \/>\n<meta property=\"og:title\" content=\"Digital Schools Awards Photo Gallery | Build Digital Schools in Europe\" \/>\n<meta property=\"og:description\" content=\"Digital Schools Awards European Pilot Programme Photo Gallery. Check out our photo galleries featuring notable events and awards from our participants &amp; partners\" \/>\n<meta property=\"og:url\" content=\"https:\/\/www.digitalschoolsawards.eu\/lt\/gallery\/\" \/>\n<meta property=\"og:site_name\" content=\"Digital Schools Awards Europe\" \/>\n<meta property=\"article:publisher\" content=\"https:\/\/www.facebook.com\/awards4selfie\/\" \/>\n<meta property=\"article:modified_time\" content=\"2022-12-13T21:09:45+00:00\" \/>\n<meta property=\"og:image\" content=\"https:\/\/www.digitalschoolsawards.eu\/wp-content\/uploads\/2022\/12\/57Digital-Schoools-launch-2018-1.jpg\" \/>\n<meta name=\"twitter:card\" content=\"summary_large_image\" \/>\n<meta name=\"twitter:site\" content=\"@awards4selfie\" \/>\n<script type=\"application\/ld+json\" class=\"yoast-schema-graph\">{\"@context\":\"https:\\\/\\\/schema.org\",\"@graph\":[{\"@type\":\"WebPage\",\"@id\":\"https:\\\/\\\/www.digitalschoolsawards.eu\\\/lt\\\/gallery\\\/\",\"url\":\"https:\\\/\\\/www.digitalschoolsawards.eu\\\/lt\\\/gallery\\\/\",\"name\":\"Digital Schools Awards Photo Gallery | Build Digital Schools in Europe\",\"isPartOf\":{\"@id\":\"https:\\\/\\\/www.digitalschoolsawards.eu\\\/#website\"},\"primaryImageOfPage\":{\"@id\":\"https:\\\/\\\/www.digitalschoolsawards.eu\\\/lt\\\/gallery\\\/#primaryimage\"},\"image\":{\"@id\":\"https:\\\/\\\/www.digitalschoolsawards.eu\\\/lt\\\/gallery\\\/#primaryimage\"},\"thumbnailUrl\":\"https:\\\/\\\/www.digitalschoolsawards.eu\\\/wp-content\\\/uploads\\\/2022\\\/12\\\/57Digital-Schoools-launch-2018-1.jpg\",\"datePublished\":\"2020-07-20T09:01:08+00:00\",\"dateModified\":\"2022-12-13T21:09:45+00:00\",\"description\":\"Digital Schools Awards European Pilot Programme Photo Gallery. Check out our photo galleries featuring notable events and awards from our participants & partners\",\"breadcrumb\":{\"@id\":\"https:\\\/\\\/www.digitalschoolsawards.eu\\\/lt\\\/gallery\\\/#breadcrumb\"},\"inLanguage\":\"lt-LT\",\"potentialAction\":[{\"@type\":\"ReadAction\",\"target\":[\"https:\\\/\\\/www.digitalschoolsawards.eu\\\/lt\\\/gallery\\\/\"]}]},{\"@type\":\"ImageObject\",\"inLanguage\":\"lt-LT\",\"@id\":\"https:\\\/\\\/www.digitalschoolsawards.eu\\\/lt\\\/gallery\\\/#primaryimage\",\"url\":\"https:\\\/\\\/www.digitalschoolsawards.eu\\\/wp-content\\\/uploads\\\/2022\\\/12\\\/57Digital-Schoools-launch-2018-1.jpg\",\"contentUrl\":\"https:\\\/\\\/www.digitalschoolsawards.eu\\\/wp-content\\\/uploads\\\/2022\\\/12\\\/57Digital-Schoools-launch-2018-1.jpg\"},{\"@type\":\"BreadcrumbList\",\"@id\":\"https:\\\/\\\/www.digitalschoolsawards.eu\\\/lt\\\/gallery\\\/#breadcrumb\",\"itemListElement\":[{\"@type\":\"ListItem\",\"position\":1,\"name\":\"Home\",\"item\":\"https:\\\/\\\/www.digitalschoolsawards.eu\\\/lt\\\/pagrindinis\\\/\"},{\"@type\":\"ListItem\",\"position\":2,\"name\":\"Gallery\"}]},{\"@type\":\"WebSite\",\"@id\":\"https:\\\/\\\/www.digitalschoolsawards.eu\\\/#website\",\"url\":\"https:\\\/\\\/www.digitalschoolsawards.eu\\\/\",\"name\":\"Digital Schools Awards Europe\",\"description\":\"Building the Community of Digital Schools in Europe\",\"publisher\":{\"@id\":\"https:\\\/\\\/www.digitalschoolsawards.eu\\\/#organization\"},\"potentialAction\":[{\"@type\":\"SearchAction\",\"target\":{\"@type\":\"EntryPoint\",\"urlTemplate\":\"https:\\\/\\\/www.digitalschoolsawards.eu\\\/?s={search_term_string}\"},\"query-input\":{\"@type\":\"PropertyValueSpecification\",\"valueRequired\":true,\"valueName\":\"search_term_string\"}}],\"inLanguage\":\"lt-LT\"},{\"@type\":\"Organization\",\"@id\":\"https:\\\/\\\/www.digitalschoolsawards.eu\\\/#organization\",\"name\":\"Digital Schools Awards Europe\",\"url\":\"https:\\\/\\\/www.digitalschoolsawards.eu\\\/\",\"logo\":{\"@type\":\"ImageObject\",\"inLanguage\":\"lt-LT\",\"@id\":\"https:\\\/\\\/www.digitalschoolsawards.eu\\\/#\\\/schema\\\/logo\\\/image\\\/\",\"url\":\"https:\\\/\\\/www.digitalschoolsawards.eu\\\/wp-content\\\/uploads\\\/2020\\\/07\\\/headr-logo.png\",\"contentUrl\":\"https:\\\/\\\/www.digitalschoolsawards.eu\\\/wp-content\\\/uploads\\\/2020\\\/07\\\/headr-logo.png\",\"width\":277,\"height\":51,\"caption\":\"Digital Schools Awards Europe\"},\"image\":{\"@id\":\"https:\\\/\\\/www.digitalschoolsawards.eu\\\/#\\\/schema\\\/logo\\\/image\\\/\"},\"sameAs\":[\"https:\\\/\\\/www.facebook.com\\\/awards4selfie\\\/\",\"https:\\\/\\\/x.com\\\/awards4selfie\",\"https:\\\/\\\/www.instagram.com\\\/awards4selfie\\\/\"]}]}<\/script>\n<!-- \/ Yoast SEO plugin. -->","yoast_head_json":{"title":"Digital Schools Awards Photo Gallery | Build Digital Schools in Europe","description":"Digital Schools Awards European Pilot Programme Photo Gallery. Check out our photo galleries featuring notable events and awards from our participants & partners","robots":{"index":"index","follow":"follow","max-snippet":"max-snippet:-1","max-image-preview":"max-image-preview:large","max-video-preview":"max-video-preview:-1"},"canonical":"https:\/\/www.digitalschoolsawards.eu\/lt\/gallery\/","og_locale":"lt_LT","og_type":"article","og_title":"Digital Schools Awards Photo Gallery | Build Digital Schools in Europe","og_description":"Digital Schools Awards European Pilot Programme Photo Gallery. Check out our photo galleries featuring notable events and awards from our participants & partners","og_url":"https:\/\/www.digitalschoolsawards.eu\/lt\/gallery\/","og_site_name":"Digital Schools Awards Europe","article_publisher":"https:\/\/www.facebook.com\/awards4selfie\/","article_modified_time":"2022-12-13T21:09:45+00:00","og_image":[{"url":"https:\/\/www.digitalschoolsawards.eu\/wp-content\/uploads\/2022\/12\/57Digital-Schoools-launch-2018-1.jpg","type":"","width":"","height":""}],"twitter_card":"summary_large_image","twitter_site":"@awards4selfie","schema":{"@context":"https:\/\/schema.org","@graph":[{"@type":"WebPage","@id":"https:\/\/www.digitalschoolsawards.eu\/lt\/gallery\/","url":"https:\/\/www.digitalschoolsawards.eu\/lt\/gallery\/","name":"Digital Schools Awards Photo Gallery | Build Digital Schools in Europe","isPartOf":{"@id":"https:\/\/www.digitalschoolsawards.eu\/#website"},"primaryImageOfPage":{"@id":"https:\/\/www.digitalschoolsawards.eu\/lt\/gallery\/#primaryimage"},"image":{"@id":"https:\/\/www.digitalschoolsawards.eu\/lt\/gallery\/#primaryimage"},"thumbnailUrl":"https:\/\/www.digitalschoolsawards.eu\/wp-content\/uploads\/2022\/12\/57Digital-Schoools-launch-2018-1.jpg","datePublished":"2020-07-20T09:01:08+00:00","dateModified":"2022-12-13T21:09:45+00:00","description":"Digital Schools Awards European Pilot Programme Photo Gallery. Check out our photo galleries featuring notable events and awards from our participants & partners","breadcrumb":{"@id":"https:\/\/www.digitalschoolsawards.eu\/lt\/gallery\/#breadcrumb"},"inLanguage":"lt-LT","potentialAction":[{"@type":"ReadAction","target":["https:\/\/www.digitalschoolsawards.eu\/lt\/gallery\/"]}]},{"@type":"ImageObject","inLanguage":"lt-LT","@id":"https:\/\/www.digitalschoolsawards.eu\/lt\/gallery\/#primaryimage","url":"https:\/\/www.digitalschoolsawards.eu\/wp-content\/uploads\/2022\/12\/57Digital-Schoools-launch-2018-1.jpg","contentUrl":"https:\/\/www.digitalschoolsawards.eu\/wp-content\/uploads\/2022\/12\/57Digital-Schoools-launch-2018-1.jpg"},{"@type":"BreadcrumbList","@id":"https:\/\/www.digitalschoolsawards.eu\/lt\/gallery\/#breadcrumb","itemListElement":[{"@type":"ListItem","position":1,"name":"Home","item":"https:\/\/www.digitalschoolsawards.eu\/lt\/pagrindinis\/"},{"@type":"ListItem","position":2,"name":"Gallery"}]},{"@type":"WebSite","@id":"https:\/\/www.digitalschoolsawards.eu\/#website","url":"https:\/\/www.digitalschoolsawards.eu\/","name":"Digital Schools Awards Europe","description":"Building the Community of Digital Schools in Europe","publisher":{"@id":"https:\/\/www.digitalschoolsawards.eu\/#organization"},"potentialAction":[{"@type":"SearchAction","target":{"@type":"EntryPoint","urlTemplate":"https:\/\/www.digitalschoolsawards.eu\/?s={search_term_string}"},"query-input":{"@type":"PropertyValueSpecification","valueRequired":true,"valueName":"search_term_string"}}],"inLanguage":"lt-LT"},{"@type":"Organization","@id":"https:\/\/www.digitalschoolsawards.eu\/#organization","name":"Digital Schools Awards Europe","url":"https:\/\/www.digitalschoolsawards.eu\/","logo":{"@type":"ImageObject","inLanguage":"lt-LT","@id":"https:\/\/www.digitalschoolsawards.eu\/#\/schema\/logo\/image\/","url":"https:\/\/www.digitalschoolsawards.eu\/wp-content\/uploads\/2020\/07\/headr-logo.png","contentUrl":"https:\/\/www.digitalschoolsawards.eu\/wp-content\/uploads\/2020\/07\/headr-logo.png","width":277,"height":51,"caption":"Digital Schools Awards Europe"},"image":{"@id":"https:\/\/www.digitalschoolsawards.eu\/#\/schema\/logo\/image\/"},"sameAs":["https:\/\/www.facebook.com\/awards4selfie\/","https:\/\/x.com\/awards4selfie","https:\/\/www.instagram.com\/awards4selfie\/"]}]}},"_links":{"self":[{"href":"https:\/\/www.digitalschoolsawards.eu\/lt\/wp-json\/wp\/v2\/pages\/14042","targetHints":{"allow":["GET"]}}],"collection":[{"href":"https:\/\/www.digitalschoolsawards.eu\/lt\/wp-json\/wp\/v2\/pages"}],"about":[{"href":"https:\/\/www.digitalschoolsawards.eu\/lt\/wp-json\/wp\/v2\/types\/page"}],"author":[{"embeddable":true,"href":"https:\/\/www.digitalschoolsawards.eu\/lt\/wp-json\/wp\/v2\/users\/1"}],"replies":[{"embeddable":true,"href":"https:\/\/www.digitalschoolsawards.eu\/lt\/wp-json\/wp\/v2\/comments?post=14042"}],"version-history":[{"count":0,"href":"https:\/\/www.digitalschoolsawards.eu\/lt\/wp-json\/wp\/v2\/pages\/14042\/revisions"}],"wp:attachment":[{"href":"https:\/\/www.digitalschoolsawards.eu\/lt\/wp-json\/wp\/v2\/media?parent=14042"}],"curies":[{"name":"wp","href":"https:\/\/api.w.org\/{rel}","templated":true}]}}