{"id":14030,"date":"2021-09-07T06:22:53","date_gmt":"2021-09-07T06:22:53","guid":{"rendered":"https:\/\/www.digitalschoolsawards.eu\/collaboration-and-networking\/"},"modified":"2023-01-23T18:17:33","modified_gmt":"2023-01-23T18:17:33","slug":"collaboration-and-networking","status":"publish","type":"page","link":"https:\/\/www.digitalschoolsawards.eu\/lt\/collaboration-and-networking\/","title":{"rendered":"Bendradarbiavimas ir tinkl\u0173 k\u016brimas"},"content":{"rendered":"\t\t<div data-elementor-type=\"wp-page\" data-elementor-id=\"14030\" class=\"elementor elementor-14030 elementor-7742\" data-elementor-post-type=\"page\">\n\t\t\t\t\t\t<section class=\"elementor-section elementor-top-section elementor-element elementor-element-4b5b7172 elementor-section-boxed elementor-section-height-default elementor-section-height-default\" data-id=\"4b5b7172\" data-element_type=\"section\" data-e-type=\"section\" id=\"innerhero\" data-settings=\"{&quot;background_background&quot;:&quot;classic&quot;}\">\n\t\t\t\t\t\t\t<div class=\"elementor-background-overlay\"><\/div>\n\t\t\t\t\t\t\t<div class=\"elementor-container elementor-column-gap-default\">\n\t\t\t\t\t<div class=\"elementor-column elementor-col-100 elementor-top-column elementor-element elementor-element-bc34e63\" data-id=\"bc34e63\" data-element_type=\"column\" data-e-type=\"column\">\n\t\t\t<div class=\"elementor-widget-wrap elementor-element-populated\">\n\t\t\t\t\t\t<section class=\"elementor-section elementor-inner-section elementor-element elementor-element-6be701f0 elementor-section-full_width elementor-section-content-middle elementor-section-height-default elementor-section-height-default\" data-id=\"6be701f0\" data-element_type=\"section\" data-e-type=\"section\">\n\t\t\t\t\t\t<div class=\"elementor-container elementor-column-gap-default\">\n\t\t\t\t\t<div class=\"elementor-column elementor-col-50 elementor-inner-column elementor-element elementor-element-18134f8f\" data-id=\"18134f8f\" data-element_type=\"column\" data-e-type=\"column\">\n\t\t\t<div class=\"elementor-widget-wrap elementor-element-populated\">\n\t\t\t\t\t\t<div class=\"elementor-element elementor-element-474e509d elementor-widget elementor-widget-image\" data-id=\"474e509d\" data-element_type=\"widget\" data-e-type=\"widget\" data-widget_type=\"image.default\">\n\t\t\t\t<div class=\"elementor-widget-container\">\n\t\t\t\t\t\t\t\t\t\t\t\t\t\t\t<img fetchpriority=\"high\" decoding=\"async\" width=\"300\" height=\"300\" src=\"https:\/\/www.digitalschoolsawards.eu\/wp-content\/uploads\/2023\/01\/Asset-28-300x300-1.png\" class=\"attachment-large size-large wp-image-15898\" alt=\"\" srcset=\"https:\/\/www.digitalschoolsawards.eu\/wp-content\/uploads\/2023\/01\/Asset-28-300x300-1.png 300w, https:\/\/www.digitalschoolsawards.eu\/wp-content\/uploads\/2023\/01\/Asset-28-300x300-1-150x150.png 150w\" sizes=\"(max-width: 300px) 100vw, 300px\" \/>\t\t\t\t\t\t\t\t\t\t\t\t\t\t\t<\/div>\n\t\t\t\t<\/div>\n\t\t\t\t\t<\/div>\n\t\t<\/div>\n\t\t\t\t<div class=\"elementor-column elementor-col-50 elementor-inner-column elementor-element elementor-element-23d670af\" data-id=\"23d670af\" data-element_type=\"column\" data-e-type=\"column\">\n\t\t\t<div class=\"elementor-widget-wrap elementor-element-populated\">\n\t\t\t\t\t\t<div class=\"elementor-element elementor-element-59b59c04 elementor-widget elementor-widget-heading\" data-id=\"59b59c04\" data-element_type=\"widget\" data-e-type=\"widget\" data-widget_type=\"heading.default\">\n\t\t\t\t<div class=\"elementor-widget-container\">\n\t\t\t\t\t<h1 class=\"elementor-heading-title elementor-size-default\">Bendradarbiavimas ir tinkl\u0173 k\u016brimas<\/h1>\t\t\t\t<\/div>\n\t\t\t\t<\/div>\n\t\t\t\t\t<\/div>\n\t\t<\/div>\n\t\t\t\t\t<\/div>\n\t\t<\/section>\n\t\t\t\t\t<\/div>\n\t\t<\/div>\n\t\t\t\t\t<\/div>\n\t\t<\/section>\n\t\t\t\t<section class=\"elementor-section elementor-top-section elementor-element elementor-element-50d46037 elementor-section-boxed elementor-section-height-default elementor-section-height-default\" data-id=\"50d46037\" data-element_type=\"section\" data-e-type=\"section\" id=\"partnershome\" data-settings=\"{&quot;background_background&quot;:&quot;classic&quot;}\">\n\t\t\t\t\t\t<div class=\"elementor-container elementor-column-gap-default\">\n\t\t\t\t\t<div class=\"elementor-column elementor-col-100 elementor-top-column elementor-element elementor-element-4fb0ea74\" data-id=\"4fb0ea74\" data-element_type=\"column\" data-e-type=\"column\">\n\t\t\t<div class=\"elementor-widget-wrap elementor-element-populated\">\n\t\t\t\t\t\t<section class=\"elementor-section elementor-inner-section elementor-element elementor-element-6295518b elementor-section-boxed elementor-section-height-default elementor-section-height-default\" data-id=\"6295518b\" data-element_type=\"section\" data-e-type=\"section\">\n\t\t\t\t\t\t<div class=\"elementor-container elementor-column-gap-default\">\n\t\t\t\t\t<div class=\"elementor-column elementor-col-100 elementor-inner-column elementor-element elementor-element-3d060827\" data-id=\"3d060827\" data-element_type=\"column\" data-e-type=\"column\">\n\t\t\t<div class=\"elementor-widget-wrap elementor-element-populated\">\n\t\t\t\t\t\t<div class=\"elementor-element elementor-element-5f3f2471 elementor-widget elementor-widget-heading\" data-id=\"5f3f2471\" data-element_type=\"widget\" data-e-type=\"widget\" data-widget_type=\"heading.default\">\n\t\t\t\t<div class=\"elementor-widget-container\">\n\t\t\t\t\t<h3 class=\"elementor-heading-title elementor-size-default\">apib\u016bdinimas<\/h3>\t\t\t\t<\/div>\n\t\t\t\t<\/div>\n\t\t\t\t<div class=\"elementor-element elementor-element-a91508e elementor-widget elementor-widget-text-editor\" data-id=\"a91508e\" data-element_type=\"widget\" data-e-type=\"widget\" data-widget_type=\"text-editor.default\">\n\t\t\t\t<div class=\"elementor-widget-container\">\n\t\t\t\t\t\t\t\t\t<p>Mokykla turi nusistov\u0117jusi\u0105 skaitmenini\u0173 technologij\u0173 naudojimo kult\u016br\u0105 bendrauti ir dalytis id\u0117jomis bei \u017einiomis mokykloje ir u\u017e jos rib\u0173, taip pat su pagrindin\u0117mis suinteresuotosiomis \u0161alimis. Mokytojai turi teis\u0119 bendradarbiauti, kad pad\u0117t\u0173 veiksmingam mokymuisi ir mokymui bei tobulint\u0173 savo skaitmenines kompetencijas. Besimokantiesiems suteikiamos galimyb\u0117s lavinti \u012fg\u016bd\u017eius efektyviai ir saugiai bendradarbiauti su kitais. Mokykla nuolat per\u017ei\u016bri savo bendradarbiavimo veiklos kokyb\u0119 ir tvarum\u0105 bei ie\u0161ko nauj\u0173 galimybi\u0173 partnerystei.<\/p>\n\t\t\t\t\t\t\t\t<\/div>\n\t\t\t\t<\/div>\n\t\t\t\t\t<\/div>\n\t\t<\/div>\n\t\t\t\t\t<\/div>\n\t\t<\/section>\n\t\t\t\t\t<\/div>\n\t\t<\/div>\n\t\t\t\t\t<\/div>\n\t\t<\/section>\n\t\t\t\t<\/div>\n\t\t","protected":false},"excerpt":{"rendered":"<p>Bendradarbiavimas ir tinkl\u0173 k\u016brimas apib\u016bdinimas Mokykla turi nusistov\u0117jusi\u0105 skaitmenini\u0173 technologij\u0173 naudojimo kult\u016br\u0105 bendrauti ir dalytis id\u0117jomis bei \u017einiomis mokykloje ir u\u017e jos rib\u0173, taip pat su pagrindin\u0117mis suinteresuotosiomis \u0161alimis. Mokytojai turi teis\u0119 bendradarbiauti, kad pad\u0117t\u0173 veiksmingam mokymuisi ir mokymui bei tobulint\u0173 savo skaitmenines kompetencijas. Besimokantiesiems suteikiamos galimyb\u0117s lavinti \u012fg\u016bd\u017eius efektyviai ir saugiai bendradarbiauti su kitais. &#8230; <a title=\"Bendradarbiavimas ir tinkl\u0173 k\u016brimas\" class=\"read-more\" href=\"https:\/\/www.digitalschoolsawards.eu\/lt\/collaboration-and-networking\/\" aria-label=\"Read more about Bendradarbiavimas ir tinkl\u0173 k\u016brimas\">Skaityti toliau<\/a><\/p>\n","protected":false},"author":1,"featured_media":0,"parent":0,"menu_order":0,"comment_status":"closed","ping_status":"closed","template":"elementor_header_footer","meta":{"_acf_changed":false,"inline_featured_image":false,"footnotes":""},"class_list":["post-14030","page","type-page","status-publish"],"acf":[],"yoast_head":"<!-- This site is optimized with the Yoast SEO plugin v27.4 - https:\/\/yoast.com\/product\/yoast-seo-wordpress\/ -->\n<title>Bendradarbiavimas ir tinkl\u0173 k\u016brimas - Digital Schools Awards Europe<\/title>\n<meta name=\"robots\" content=\"index, follow, max-snippet:-1, max-image-preview:large, max-video-preview:-1\" \/>\n<link rel=\"canonical\" href=\"https:\/\/www.digitalschoolsawards.eu\/lt\/collaboration-and-networking\/\" \/>\n<meta property=\"og:locale\" content=\"lt_LT\" \/>\n<meta property=\"og:type\" content=\"article\" \/>\n<meta property=\"og:title\" content=\"Bendradarbiavimas ir tinkl\u0173 k\u016brimas - Digital Schools Awards Europe\" \/>\n<meta property=\"og:description\" content=\"Bendradarbiavimas ir tinkl\u0173 k\u016brimas apib\u016bdinimas Mokykla turi nusistov\u0117jusi\u0105 skaitmenini\u0173 technologij\u0173 naudojimo kult\u016br\u0105 bendrauti ir dalytis id\u0117jomis bei \u017einiomis mokykloje ir u\u017e jos rib\u0173, taip pat su pagrindin\u0117mis suinteresuotosiomis \u0161alimis. Mokytojai turi teis\u0119 bendradarbiauti, kad pad\u0117t\u0173 veiksmingam mokymuisi ir mokymui bei tobulint\u0173 savo skaitmenines kompetencijas. Besimokantiesiems suteikiamos galimyb\u0117s lavinti \u012fg\u016bd\u017eius efektyviai ir saugiai bendradarbiauti su kitais. ... Skaityti toliau\" \/>\n<meta property=\"og:url\" content=\"https:\/\/www.digitalschoolsawards.eu\/lt\/collaboration-and-networking\/\" \/>\n<meta property=\"og:site_name\" content=\"Digital Schools Awards Europe\" \/>\n<meta property=\"article:publisher\" content=\"https:\/\/www.facebook.com\/awards4selfie\/\" \/>\n<meta property=\"article:modified_time\" content=\"2023-01-23T18:17:33+00:00\" \/>\n<meta property=\"og:image\" content=\"https:\/\/www.digitalschoolsawards.eu\/wp-content\/uploads\/2023\/01\/Asset-28-300x300-1.png\" \/>\n<meta name=\"twitter:card\" content=\"summary_large_image\" \/>\n<meta name=\"twitter:site\" content=\"@awards4selfie\" \/>\n<script type=\"application\/ld+json\" class=\"yoast-schema-graph\">{\"@context\":\"https:\\\/\\\/schema.org\",\"@graph\":[{\"@type\":\"WebPage\",\"@id\":\"https:\\\/\\\/www.digitalschoolsawards.eu\\\/lt\\\/collaboration-and-networking\\\/\",\"url\":\"https:\\\/\\\/www.digitalschoolsawards.eu\\\/lt\\\/collaboration-and-networking\\\/\",\"name\":\"Bendradarbiavimas ir tinkl\u0173 k\u016brimas - Digital Schools Awards Europe\",\"isPartOf\":{\"@id\":\"https:\\\/\\\/www.digitalschoolsawards.eu\\\/#website\"},\"primaryImageOfPage\":{\"@id\":\"https:\\\/\\\/www.digitalschoolsawards.eu\\\/lt\\\/collaboration-and-networking\\\/#primaryimage\"},\"image\":{\"@id\":\"https:\\\/\\\/www.digitalschoolsawards.eu\\\/lt\\\/collaboration-and-networking\\\/#primaryimage\"},\"thumbnailUrl\":\"https:\\\/\\\/www.digitalschoolsawards.eu\\\/wp-content\\\/uploads\\\/2023\\\/01\\\/Asset-28-300x300-1.png\",\"datePublished\":\"2021-09-07T06:22:53+00:00\",\"dateModified\":\"2023-01-23T18:17:33+00:00\",\"breadcrumb\":{\"@id\":\"https:\\\/\\\/www.digitalschoolsawards.eu\\\/lt\\\/collaboration-and-networking\\\/#breadcrumb\"},\"inLanguage\":\"lt-LT\",\"potentialAction\":[{\"@type\":\"ReadAction\",\"target\":[\"https:\\\/\\\/www.digitalschoolsawards.eu\\\/lt\\\/collaboration-and-networking\\\/\"]}]},{\"@type\":\"ImageObject\",\"inLanguage\":\"lt-LT\",\"@id\":\"https:\\\/\\\/www.digitalschoolsawards.eu\\\/lt\\\/collaboration-and-networking\\\/#primaryimage\",\"url\":\"https:\\\/\\\/www.digitalschoolsawards.eu\\\/wp-content\\\/uploads\\\/2023\\\/01\\\/Asset-28-300x300-1.png\",\"contentUrl\":\"https:\\\/\\\/www.digitalschoolsawards.eu\\\/wp-content\\\/uploads\\\/2023\\\/01\\\/Asset-28-300x300-1.png\"},{\"@type\":\"BreadcrumbList\",\"@id\":\"https:\\\/\\\/www.digitalschoolsawards.eu\\\/lt\\\/collaboration-and-networking\\\/#breadcrumb\",\"itemListElement\":[{\"@type\":\"ListItem\",\"position\":1,\"name\":\"Home\",\"item\":\"https:\\\/\\\/www.digitalschoolsawards.eu\\\/lt\\\/pagrindinis\\\/\"},{\"@type\":\"ListItem\",\"position\":2,\"name\":\"Bendradarbiavimas ir tinkl\u0173 k\u016brimas\"}]},{\"@type\":\"WebSite\",\"@id\":\"https:\\\/\\\/www.digitalschoolsawards.eu\\\/#website\",\"url\":\"https:\\\/\\\/www.digitalschoolsawards.eu\\\/\",\"name\":\"Digital Schools Awards Europe\",\"description\":\"Building the Community of Digital Schools in Europe\",\"publisher\":{\"@id\":\"https:\\\/\\\/www.digitalschoolsawards.eu\\\/#organization\"},\"potentialAction\":[{\"@type\":\"SearchAction\",\"target\":{\"@type\":\"EntryPoint\",\"urlTemplate\":\"https:\\\/\\\/www.digitalschoolsawards.eu\\\/?s={search_term_string}\"},\"query-input\":{\"@type\":\"PropertyValueSpecification\",\"valueRequired\":true,\"valueName\":\"search_term_string\"}}],\"inLanguage\":\"lt-LT\"},{\"@type\":\"Organization\",\"@id\":\"https:\\\/\\\/www.digitalschoolsawards.eu\\\/#organization\",\"name\":\"Digital Schools Awards Europe\",\"url\":\"https:\\\/\\\/www.digitalschoolsawards.eu\\\/\",\"logo\":{\"@type\":\"ImageObject\",\"inLanguage\":\"lt-LT\",\"@id\":\"https:\\\/\\\/www.digitalschoolsawards.eu\\\/#\\\/schema\\\/logo\\\/image\\\/\",\"url\":\"https:\\\/\\\/www.digitalschoolsawards.eu\\\/wp-content\\\/uploads\\\/2020\\\/07\\\/headr-logo.png\",\"contentUrl\":\"https:\\\/\\\/www.digitalschoolsawards.eu\\\/wp-content\\\/uploads\\\/2020\\\/07\\\/headr-logo.png\",\"width\":277,\"height\":51,\"caption\":\"Digital Schools Awards Europe\"},\"image\":{\"@id\":\"https:\\\/\\\/www.digitalschoolsawards.eu\\\/#\\\/schema\\\/logo\\\/image\\\/\"},\"sameAs\":[\"https:\\\/\\\/www.facebook.com\\\/awards4selfie\\\/\",\"https:\\\/\\\/x.com\\\/awards4selfie\",\"https:\\\/\\\/www.instagram.com\\\/awards4selfie\\\/\"]}]}<\/script>\n<!-- \/ Yoast SEO plugin. -->","yoast_head_json":{"title":"Bendradarbiavimas ir tinkl\u0173 k\u016brimas - Digital Schools Awards Europe","robots":{"index":"index","follow":"follow","max-snippet":"max-snippet:-1","max-image-preview":"max-image-preview:large","max-video-preview":"max-video-preview:-1"},"canonical":"https:\/\/www.digitalschoolsawards.eu\/lt\/collaboration-and-networking\/","og_locale":"lt_LT","og_type":"article","og_title":"Bendradarbiavimas ir tinkl\u0173 k\u016brimas - Digital Schools Awards Europe","og_description":"Bendradarbiavimas ir tinkl\u0173 k\u016brimas apib\u016bdinimas Mokykla turi nusistov\u0117jusi\u0105 skaitmenini\u0173 technologij\u0173 naudojimo kult\u016br\u0105 bendrauti ir dalytis id\u0117jomis bei \u017einiomis mokykloje ir u\u017e jos rib\u0173, taip pat su pagrindin\u0117mis suinteresuotosiomis \u0161alimis. Mokytojai turi teis\u0119 bendradarbiauti, kad pad\u0117t\u0173 veiksmingam mokymuisi ir mokymui bei tobulint\u0173 savo skaitmenines kompetencijas. Besimokantiesiems suteikiamos galimyb\u0117s lavinti \u012fg\u016bd\u017eius efektyviai ir saugiai bendradarbiauti su kitais. ... Skaityti toliau","og_url":"https:\/\/www.digitalschoolsawards.eu\/lt\/collaboration-and-networking\/","og_site_name":"Digital Schools Awards Europe","article_publisher":"https:\/\/www.facebook.com\/awards4selfie\/","article_modified_time":"2023-01-23T18:17:33+00:00","og_image":[{"url":"https:\/\/www.digitalschoolsawards.eu\/wp-content\/uploads\/2023\/01\/Asset-28-300x300-1.png","type":"","width":"","height":""}],"twitter_card":"summary_large_image","twitter_site":"@awards4selfie","schema":{"@context":"https:\/\/schema.org","@graph":[{"@type":"WebPage","@id":"https:\/\/www.digitalschoolsawards.eu\/lt\/collaboration-and-networking\/","url":"https:\/\/www.digitalschoolsawards.eu\/lt\/collaboration-and-networking\/","name":"Bendradarbiavimas ir tinkl\u0173 k\u016brimas - Digital Schools Awards Europe","isPartOf":{"@id":"https:\/\/www.digitalschoolsawards.eu\/#website"},"primaryImageOfPage":{"@id":"https:\/\/www.digitalschoolsawards.eu\/lt\/collaboration-and-networking\/#primaryimage"},"image":{"@id":"https:\/\/www.digitalschoolsawards.eu\/lt\/collaboration-and-networking\/#primaryimage"},"thumbnailUrl":"https:\/\/www.digitalschoolsawards.eu\/wp-content\/uploads\/2023\/01\/Asset-28-300x300-1.png","datePublished":"2021-09-07T06:22:53+00:00","dateModified":"2023-01-23T18:17:33+00:00","breadcrumb":{"@id":"https:\/\/www.digitalschoolsawards.eu\/lt\/collaboration-and-networking\/#breadcrumb"},"inLanguage":"lt-LT","potentialAction":[{"@type":"ReadAction","target":["https:\/\/www.digitalschoolsawards.eu\/lt\/collaboration-and-networking\/"]}]},{"@type":"ImageObject","inLanguage":"lt-LT","@id":"https:\/\/www.digitalschoolsawards.eu\/lt\/collaboration-and-networking\/#primaryimage","url":"https:\/\/www.digitalschoolsawards.eu\/wp-content\/uploads\/2023\/01\/Asset-28-300x300-1.png","contentUrl":"https:\/\/www.digitalschoolsawards.eu\/wp-content\/uploads\/2023\/01\/Asset-28-300x300-1.png"},{"@type":"BreadcrumbList","@id":"https:\/\/www.digitalschoolsawards.eu\/lt\/collaboration-and-networking\/#breadcrumb","itemListElement":[{"@type":"ListItem","position":1,"name":"Home","item":"https:\/\/www.digitalschoolsawards.eu\/lt\/pagrindinis\/"},{"@type":"ListItem","position":2,"name":"Bendradarbiavimas ir tinkl\u0173 k\u016brimas"}]},{"@type":"WebSite","@id":"https:\/\/www.digitalschoolsawards.eu\/#website","url":"https:\/\/www.digitalschoolsawards.eu\/","name":"Digital Schools Awards Europe","description":"Building the Community of Digital Schools in Europe","publisher":{"@id":"https:\/\/www.digitalschoolsawards.eu\/#organization"},"potentialAction":[{"@type":"SearchAction","target":{"@type":"EntryPoint","urlTemplate":"https:\/\/www.digitalschoolsawards.eu\/?s={search_term_string}"},"query-input":{"@type":"PropertyValueSpecification","valueRequired":true,"valueName":"search_term_string"}}],"inLanguage":"lt-LT"},{"@type":"Organization","@id":"https:\/\/www.digitalschoolsawards.eu\/#organization","name":"Digital Schools Awards Europe","url":"https:\/\/www.digitalschoolsawards.eu\/","logo":{"@type":"ImageObject","inLanguage":"lt-LT","@id":"https:\/\/www.digitalschoolsawards.eu\/#\/schema\/logo\/image\/","url":"https:\/\/www.digitalschoolsawards.eu\/wp-content\/uploads\/2020\/07\/headr-logo.png","contentUrl":"https:\/\/www.digitalschoolsawards.eu\/wp-content\/uploads\/2020\/07\/headr-logo.png","width":277,"height":51,"caption":"Digital Schools Awards Europe"},"image":{"@id":"https:\/\/www.digitalschoolsawards.eu\/#\/schema\/logo\/image\/"},"sameAs":["https:\/\/www.facebook.com\/awards4selfie\/","https:\/\/x.com\/awards4selfie","https:\/\/www.instagram.com\/awards4selfie\/"]}]}},"_links":{"self":[{"href":"https:\/\/www.digitalschoolsawards.eu\/lt\/wp-json\/wp\/v2\/pages\/14030","targetHints":{"allow":["GET"]}}],"collection":[{"href":"https:\/\/www.digitalschoolsawards.eu\/lt\/wp-json\/wp\/v2\/pages"}],"about":[{"href":"https:\/\/www.digitalschoolsawards.eu\/lt\/wp-json\/wp\/v2\/types\/page"}],"author":[{"embeddable":true,"href":"https:\/\/www.digitalschoolsawards.eu\/lt\/wp-json\/wp\/v2\/users\/1"}],"replies":[{"embeddable":true,"href":"https:\/\/www.digitalschoolsawards.eu\/lt\/wp-json\/wp\/v2\/comments?post=14030"}],"version-history":[{"count":2,"href":"https:\/\/www.digitalschoolsawards.eu\/lt\/wp-json\/wp\/v2\/pages\/14030\/revisions"}],"predecessor-version":[{"id":15963,"href":"https:\/\/www.digitalschoolsawards.eu\/lt\/wp-json\/wp\/v2\/pages\/14030\/revisions\/15963"}],"wp:attachment":[{"href":"https:\/\/www.digitalschoolsawards.eu\/lt\/wp-json\/wp\/v2\/media?parent=14030"}],"curies":[{"name":"wp","href":"https:\/\/api.w.org\/{rel}","templated":true}]}}